{"id":23126,"date":"2025-01-17T10:18:24","date_gmt":"2025-01-17T10:18:24","guid":{"rendered":"https:\/\/adidascombat.md\/product\/adidas-community-%d1%84%d1%83%d1%82%d0%b1%d0%be%d0%bb%d0%ba%d0%b0-%d0%b4%d0%bb%d1%8f-%d0%b1%d0%be%d0%ba%d1%81%d0%b0-%d1%81-%d1%80%d0%b8%d1%81%d1%83%d0%bd%d0%ba%d0%be%d0%bc-%d0%b1%d0%b5%d0%bb%d0%b0\/"},"modified":"2025-01-17T10:20:01","modified_gmt":"2025-01-17T10:20:01","slug":"adidas-community-%d1%84%d1%83%d1%82%d0%b1%d0%be%d0%bb%d0%ba%d0%b0-%d0%b4%d0%bb%d1%8f-%d0%b1%d0%be%d0%ba%d1%81%d0%b0-%d1%81-%d1%80%d0%b8%d1%81%d1%83%d0%bd%d0%ba%d0%be%d0%bc-%d0%b1%d0%b5%d0%bb%d0%b0","status":"publish","type":"product","link":"https:\/\/adidascombat.md\/ro\/Produs\/adidas-community-%d1%84%d1%83%d1%82%d0%b1%d0%be%d0%bb%d0%ba%d0%b0-%d0%b4%d0%bb%d1%8f-%d0%b1%d0%be%d0%ba%d1%81%d0%b0-%d1%81-%d1%80%d0%b8%d1%81%d1%83%d0%bd%d0%ba%d0%be%d0%bc-%d0%b1%d0%b5%d0%bb%d0%b0\/","title":{"rendered":"Tricou adidas Community Graphic Box, alb, adiCLTS24-B"},"content":{"rendered":"<p>Potrivire excelent\u0103, design cool \u0219i aspect adidas grozav cu sport \u00een logo, iat\u0103 noul tricou adidas. Indiferent dac\u0103 te antrenezi sau doar ie\u0219i, acest tricou te va men\u021bine grozav! Noile modele \u0219i culori vor oferi antrenamentului t\u0103u aspectul potrivit.<\/p>\n<p>Material: 100% bumbac<br \/>\nCuloare: alb cu imprimeu<br \/>\nMarimi: S-XL<br \/>\nNot\u0103: deoarece acesta este un produs unisex, femeile ar trebui s\u0103 aleag\u0103 o m\u0103rime mai mic\u0103.<\/p>\n","protected":false},"excerpt":{"rendered":"<p>Potrivire excelent\u0103, design cool \u0219i aspect adidas grozav cu sport \u00een logo, iat\u0103 noul tricou adidas. Indiferent dac\u0103 te antrenezi<\/p>\n","protected":false},"featured_media":23124,"comment_status":"open","ping_status":"closed","template":"","meta":[],"product_brand":[],"product_cat":[517,535],"product_tag":[],"class_list":{"0":"post-23126","1":"product","2":"type-product","3":"status-publish","4":"has-post-thumbnail","6":"product_cat-adidas-box-ro","7":"product_cat-imbracaminte-casual-ro-4","9":"first","10":"instock","11":"shipping-taxable","12":"purchasable","13":"product-type-variable"},"_links":{"self":[{"href":"https:\/\/adidascombat.md\/ro\/wp-json\/wp\/v2\/product\/23126","targetHints":{"allow":["GET"]}}],"collection":[{"href":"https:\/\/adidascombat.md\/ro\/wp-json\/wp\/v2\/product"}],"about":[{"href":"https:\/\/adidascombat.md\/ro\/wp-json\/wp\/v2\/types\/product"}],"replies":[{"embeddable":true,"href":"https:\/\/adidascombat.md\/ro\/wp-json\/wp\/v2\/comments?post=23126"}],"version-history":[{"count":1,"href":"https:\/\/adidascombat.md\/ro\/wp-json\/wp\/v2\/product\/23126\/revisions"}],"predecessor-version":[{"id":23132,"href":"https:\/\/adidascombat.md\/ro\/wp-json\/wp\/v2\/product\/23126\/revisions\/23132"}],"wp:featuredmedia":[{"embeddable":true,"href":"https:\/\/adidascombat.md\/ro\/wp-json\/wp\/v2\/media\/23124"}],"wp:attachment":[{"href":"https:\/\/adidascombat.md\/ro\/wp-json\/wp\/v2\/media?parent=23126"}],"wp:term":[{"taxonomy":"product_brand","embeddable":true,"href":"https:\/\/adidascombat.md\/ro\/wp-json\/wp\/v2\/product_brand?post=23126"},{"taxonomy":"product_cat","embeddable":true,"href":"https:\/\/adidascombat.md\/ro\/wp-json\/wp\/v2\/product_cat?post=23126"},{"taxonomy":"product_tag","embeddable":true,"href":"https:\/\/adidascombat.md\/ro\/wp-json\/wp\/v2\/product_tag?post=23126"}],"curies":[{"name":"wp","href":"https:\/\/api.w.org\/{rel}","templated":true}]}}