{"id":23849,"date":"2025-01-20T09:57:54","date_gmt":"2025-01-20T09:57:54","guid":{"rendered":"https:\/\/adidascombat.md\/product\/adidas-%d0%b1%d0%be%d0%ba%d1%81%d0%b5%d1%80%d1%81%d0%ba%d0%b0%d1%8f-%d0%be%d0%b1%d1%83%d0%b2%d1%8c-box-hog-4-%d1%81%d0%b8%d0%bd%d0%b8%d0%b9-%d0%b1%d0%b5%d0%bb%d1%8b%d0%b9-gw1402\/"},"modified":"2025-01-20T09:59:28","modified_gmt":"2025-01-20T09:59:28","slug":"adidas-%d0%b1%d0%be%d0%ba%d1%81%d0%b5%d1%80%d1%81%d0%ba%d0%b0%d1%8f-%d0%be%d0%b1%d1%83%d0%b2%d1%8c-box-hog-4-%d1%81%d0%b8%d0%bd%d0%b8%d0%b9-%d0%b1%d0%b5%d0%bb%d1%8b%d0%b9-gw1402","status":"publish","type":"product","link":"https:\/\/adidascombat.md\/ro\/Produs\/adidas-%d0%b1%d0%be%d0%ba%d1%81%d0%b5%d1%80%d1%81%d0%ba%d0%b0%d1%8f-%d0%be%d0%b1%d1%83%d0%b2%d1%8c-box-hog-4-%d1%81%d0%b8%d0%bd%d0%b8%d0%b9-%d0%b1%d0%b5%d0%bb%d1%8b%d0%b9-gw1402\/","title":{"rendered":"Pantofi de box adidas Box Hog 4 Albastru\/Alb, GW1402"},"content":{"rendered":"<p>Noul Box Hog 4 este pantoful de box perfect pentru agilitate \u0219i vitez\u0103 \u00een ring. Datorit\u0103 greut\u0103\u021bii reduse (aproximativ 300 g) convingi rund\u0103 dup\u0103 rund\u0103 cu un joc rapid de picioare. Ace\u0219ti pantofi de box au o parte superioar\u0103 din plas\u0103 atractiv\u0103, respirabil\u0103, care \u00ee\u021bi \u00eembr\u0103\u021bi\u0219eaz\u0103 piciorul pentru o potrivire perfect\u0103. Designul cu t\u0103ietur\u0103 mijlocie \u0219i \u00eent\u0103riturile interne asigur\u0103 un sprijin optim \u0219i stabil pentru picior. \u00cen plus, talpa intermediar\u0103 sub\u021bire din EVA ofer\u0103 o senza\u021bie bun\u0103 la sol \u0219i un suport sigur. Pantofii sunt completa\u021bi cu o talp\u0103 din cauciuc natural, care garanteaz\u0103 o aderen\u021b\u0103 perfect\u0103 pe toate suprafe\u021bele interioare.<br \/>\nBox Hog 4 este partenerul perfect pentru orice atlet exigent \u0219i nu te va dezam\u0103gi \u00een ring.<\/p>\n<p>&#8211; Partea superioar\u0103 durabil\u0103 \u0219i respirabil\u0103<br \/>\n&#8211; Deget rezistent la abraziune<br \/>\n&#8211; Suprapozi\u021bii din piele sintetic\u0103 pentru durabilitate \u0219i confort<br \/>\n&#8211; Talp\u0103 intermediar\u0103 EVA cu profil redus pentru performan\u021b\u0103 rapid\u0103<br \/>\npicioare &#8211; Talp\u0103 din cauciuc pentru aderen\u021b\u0103 perfect\u0103 pe suprafe\u021bele interioare<br \/>\n&#8211; Design vizual \u0219i culori rafinate<\/p>\n<p>Adidas Box Hog 4 este disponibil \u00een urm\u0103toarele m\u0103rimi: 5.5 &#8211; 12 UK<\/p>\n<p>Cel mai bine este s\u0103 cau\u021bi m\u0103rimea \u00een pantofii adidas pe care \u00eei ai acas\u0103, fii atent la m\u0103rimea UK, care ar trebui s\u0103 se potriveasc\u0103 apoi<\/p>\n","protected":false},"excerpt":{"rendered":"<p>Noul Box Hog 4 este pantoful de box perfect pentru agilitate \u0219i vitez\u0103 \u00een ring. Datorit\u0103 greut\u0103\u021bii reduse (aproximativ 300<\/p>\n","protected":false},"featured_media":23847,"comment_status":"open","ping_status":"closed","template":"","meta":[],"product_brand":[],"product_cat":[517,531],"product_tag":[],"class_list":{"0":"post-23849","1":"product","2":"type-product","3":"status-publish","4":"has-post-thumbnail","6":"product_cat-adidas-box-ro","7":"product_cat-incaltaminte-ro-4","9":"first","10":"instock","11":"shipping-taxable","12":"purchasable","13":"product-type-variable"},"_links":{"self":[{"href":"https:\/\/adidascombat.md\/ro\/wp-json\/wp\/v2\/product\/23849","targetHints":{"allow":["GET"]}}],"collection":[{"href":"https:\/\/adidascombat.md\/ro\/wp-json\/wp\/v2\/product"}],"about":[{"href":"https:\/\/adidascombat.md\/ro\/wp-json\/wp\/v2\/types\/product"}],"replies":[{"embeddable":true,"href":"https:\/\/adidascombat.md\/ro\/wp-json\/wp\/v2\/comments?post=23849"}],"version-history":[{"count":1,"href":"https:\/\/adidascombat.md\/ro\/wp-json\/wp\/v2\/product\/23849\/revisions"}],"predecessor-version":[{"id":23864,"href":"https:\/\/adidascombat.md\/ro\/wp-json\/wp\/v2\/product\/23849\/revisions\/23864"}],"wp:featuredmedia":[{"embeddable":true,"href":"https:\/\/adidascombat.md\/ro\/wp-json\/wp\/v2\/media\/23847"}],"wp:attachment":[{"href":"https:\/\/adidascombat.md\/ro\/wp-json\/wp\/v2\/media?parent=23849"}],"wp:term":[{"taxonomy":"product_brand","embeddable":true,"href":"https:\/\/adidascombat.md\/ro\/wp-json\/wp\/v2\/product_brand?post=23849"},{"taxonomy":"product_cat","embeddable":true,"href":"https:\/\/adidascombat.md\/ro\/wp-json\/wp\/v2\/product_cat?post=23849"},{"taxonomy":"product_tag","embeddable":true,"href":"https:\/\/adidascombat.md\/ro\/wp-json\/wp\/v2\/product_tag?post=23849"}],"curies":[{"name":"wp","href":"https:\/\/api.w.org\/{rel}","templated":true}]}}