{"id":23993,"date":"2025-01-20T10:25:22","date_gmt":"2025-01-20T10:25:22","guid":{"rendered":"https:\/\/adidascombat.md\/product\/adidas-%d0%b1%d0%be%d0%ba%d1%81%d0%b5%d1%80%d1%81%d0%ba%d0%b0%d1%8f-%d0%be%d0%b1%d1%83%d0%b2%d1%8c-speedex-aurora-black-zero-metalic-core-black-if0478\/"},"modified":"2025-01-20T10:29:55","modified_gmt":"2025-01-20T10:29:55","slug":"adidas-%d0%b1%d0%be%d0%ba%d1%81%d0%b5%d1%80%d1%81%d0%ba%d0%b0%d1%8f-%d0%be%d0%b1%d1%83%d0%b2%d1%8c-speedex-aurora-black-zero-metalic-core-black-if0478","status":"publish","type":"product","link":"https:\/\/adidascombat.md\/ro\/Produs\/adidas-%d0%b1%d0%be%d0%ba%d1%81%d0%b5%d1%80%d1%81%d0%ba%d0%b0%d1%8f-%d0%be%d0%b1%d1%83%d0%b2%d1%8c-speedex-aurora-black-zero-metalic-core-black-if0478\/","title":{"rendered":"Pantofi de box adidas Speedex aurora Black \/ Zero Metalic \/ Core Black, IF0478"},"content":{"rendered":"<p>R\u0103m\u00e2ne\u021bi cu un pas \u00eenaintea grupului \u00een timpul antrenamentului cu ace\u0219ti pantofi de box adidas u\u0219ori.\u00a0 Speedex 23 vine cu un sistem de torsiune \u0219i un contor pentru c\u0103lc\u00e2i 3D integrat pentru o mai mare stabilitate \u00een zona c\u0103lc\u00e2iului \u00een timpul jocului rapid de picioare. Partea superioar\u0103 din material textil rezistent este flexibil\u0103 \u0219i respirabil\u0103, astfel \u00eenc\u00e2t s\u0103 pute\u021bi r\u0103m\u00e2ne confortabil chiar \u0219i \u00een timpul celor mai intense antrenamente. \u00cen plus, acest produs face parte din angajamentul nostru de a combate de\u0219eurile de plastic: este fabricat dintr-o varietate de materiale reciclate \u0219i are un material de v\u00e2rf care con\u021bine cel pu\u021bin 50% con\u021binut reciclat.<br \/>\nPantofi de box u\u0219ori, fabrica\u021bi din materiale reciclate.<br \/>\nC\u00e2nd mai bine devine mai bine. Ace\u0219ti pantofi adidas Speedex Ultra au fost dezvolta\u021bi pe baza feedback-ului primit de la boxeri profesioni\u0219ti. Are o c\u0103ptu\u0219eal\u0103 din plas\u0103 u\u0219oar\u0103, respirabil\u0103 \u0219i o c\u0103ptu\u0219eal\u0103 EVA perforat\u0103 pentru a v\u0103 men\u021bine confortabil \u00een timpul antrenamentelor intense. C\u0103ptu\u0219eala cu spum\u0103 \u00een zona c\u0103lc\u00e2iului asigur\u0103 c\u0103 piciorul t\u0103u sta bine \u00een pantof \u0219i c\u0103 \u00ee\u021bi po\u021bi folosi toat\u0103 puterea pentru performan\u021b\u0103 &#8211; ghemuit, eschiv, lovire. Sistemul Torsion ofer\u0103, de asemenea, libertate optim\u0103 de mi\u0219care de la spate-picior la antepicior.<\/p>\n","protected":false},"excerpt":{"rendered":"<p>R\u0103m\u00e2ne\u021bi cu un pas \u00eenaintea grupului \u00een timpul antrenamentului cu ace\u0219ti pantofi de box adidas u\u0219ori.\u00a0 Speedex 23 vine cu<\/p>\n","protected":false},"featured_media":23989,"comment_status":"open","ping_status":"closed","template":"","meta":[],"product_brand":[],"product_cat":[517,531],"product_tag":[],"class_list":{"0":"post-23993","1":"product","2":"type-product","3":"status-publish","4":"has-post-thumbnail","6":"product_cat-adidas-box-ro","7":"product_cat-incaltaminte-ro-4","9":"first","10":"instock","11":"shipping-taxable","12":"purchasable","13":"product-type-variable"},"_links":{"self":[{"href":"https:\/\/adidascombat.md\/ro\/wp-json\/wp\/v2\/product\/23993","targetHints":{"allow":["GET"]}}],"collection":[{"href":"https:\/\/adidascombat.md\/ro\/wp-json\/wp\/v2\/product"}],"about":[{"href":"https:\/\/adidascombat.md\/ro\/wp-json\/wp\/v2\/types\/product"}],"replies":[{"embeddable":true,"href":"https:\/\/adidascombat.md\/ro\/wp-json\/wp\/v2\/comments?post=23993"}],"version-history":[{"count":1,"href":"https:\/\/adidascombat.md\/ro\/wp-json\/wp\/v2\/product\/23993\/revisions"}],"predecessor-version":[{"id":24005,"href":"https:\/\/adidascombat.md\/ro\/wp-json\/wp\/v2\/product\/23993\/revisions\/24005"}],"wp:featuredmedia":[{"embeddable":true,"href":"https:\/\/adidascombat.md\/ro\/wp-json\/wp\/v2\/media\/23989"}],"wp:attachment":[{"href":"https:\/\/adidascombat.md\/ro\/wp-json\/wp\/v2\/media?parent=23993"}],"wp:term":[{"taxonomy":"product_brand","embeddable":true,"href":"https:\/\/adidascombat.md\/ro\/wp-json\/wp\/v2\/product_brand?post=23993"},{"taxonomy":"product_cat","embeddable":true,"href":"https:\/\/adidascombat.md\/ro\/wp-json\/wp\/v2\/product_cat?post=23993"},{"taxonomy":"product_tag","embeddable":true,"href":"https:\/\/adidascombat.md\/ro\/wp-json\/wp\/v2\/product_tag?post=23993"}],"curies":[{"name":"wp","href":"https:\/\/api.w.org\/{rel}","templated":true}]}}