{"id":24636,"date":"2025-01-30T09:21:34","date_gmt":"2025-01-30T09:21:34","guid":{"rendered":"https:\/\/adidascombat.md\/product\/adidas-%d0%b7%d0%b0%d1%89%d0%b8%d1%82%d0%b0-%d0%b3%d0%be%d0%bb%d0%be%d0%b2%d1%8b-hybrid-50-%d0%ba%d1%80%d0%b0%d1%81%d0%bd%d1%8b%d0%b9-adih50hg\/"},"modified":"2025-01-30T09:24:03","modified_gmt":"2025-01-30T09:24:03","slug":"adidas-%d0%b7%d0%b0%d1%89%d0%b8%d1%82%d0%b0-%d0%b3%d0%be%d0%bb%d0%be%d0%b2%d1%8b-hybrid-50-%d0%ba%d1%80%d0%b0%d1%81%d0%bd%d1%8b%d0%b9-adih50hg","status":"publish","type":"product","link":"https:\/\/adidascombat.md\/ro\/Produs\/adidas-%d0%b7%d0%b0%d1%89%d0%b8%d1%82%d0%b0-%d0%b3%d0%be%d0%bb%d0%be%d0%b2%d1%8b-hybrid-50-%d0%ba%d1%80%d0%b0%d1%81%d0%bd%d1%8b%d0%b9-adih50hg\/","title":{"rendered":"adidas Head Guard Hybrid 50 Red, adiH50HG"},"content":{"rendered":"<p>Noul adidas Hybrid 50 HG este fabricat 100% din piele sintetic\u0103. C\u0103ptu\u0219eala interioar\u0103 cu uscare rapid\u0103 a protec\u021biei pentru cap \u00eel face confortabil de purtat \u0219i ofer\u0103, de asemenea, o absorb\u021bie excelent\u0103 a umezelii \u00een timpul utiliz\u0103rii. \u00cen plus, un strat suplimentar de c\u0103ptu\u0219eal\u0103 din spum\u0103 EVA ofer\u0103 o durabilitate extraordinar\u0103 \u0219i o amortizare optimizat\u0103 \u00een timpul antrenamentelor. Protec\u021bia capului poate fi \u00eenchis\u0103 folosind un sistem dublu Velcro. Cureaua de obraz este, de asemenea, deta\u0219abil\u0103.<\/p>\n<p>&#8211; Captuseala din poliuretan<br \/>\n&#8211; Umplutura<br \/>\ndin spuma EVA &#8211; Marimi: S-XL &#8211;<br \/>\nModel entry level<\/p>\n","protected":false},"excerpt":{"rendered":"<p>Noul adidas Hybrid 50 HG este fabricat 100% din piele sintetic\u0103. C\u0103ptu\u0219eala interioar\u0103 cu uscare rapid\u0103 a protec\u021biei pentru cap<\/p>\n","protected":false},"featured_media":24627,"comment_status":"open","ping_status":"closed","template":"","meta":[],"product_brand":[],"product_cat":[517,757,771,525],"product_tag":[],"class_list":{"0":"post-24636","1":"product","2":"type-product","3":"status-publish","4":"has-post-thumbnail","6":"product_cat-adidas-box-ro","7":"product_cat-adidas-kickbox-ro","8":"product_cat-casti-ro-5","9":"product_cat-casti-ro-4-ro","11":"first","12":"instock","13":"shipping-taxable","14":"purchasable","15":"product-type-variable"},"_links":{"self":[{"href":"https:\/\/adidascombat.md\/ro\/wp-json\/wp\/v2\/product\/24636","targetHints":{"allow":["GET"]}}],"collection":[{"href":"https:\/\/adidascombat.md\/ro\/wp-json\/wp\/v2\/product"}],"about":[{"href":"https:\/\/adidascombat.md\/ro\/wp-json\/wp\/v2\/types\/product"}],"replies":[{"embeddable":true,"href":"https:\/\/adidascombat.md\/ro\/wp-json\/wp\/v2\/comments?post=24636"}],"version-history":[{"count":1,"href":"https:\/\/adidascombat.md\/ro\/wp-json\/wp\/v2\/product\/24636\/revisions"}],"predecessor-version":[{"id":24642,"href":"https:\/\/adidascombat.md\/ro\/wp-json\/wp\/v2\/product\/24636\/revisions\/24642"}],"wp:featuredmedia":[{"embeddable":true,"href":"https:\/\/adidascombat.md\/ro\/wp-json\/wp\/v2\/media\/24627"}],"wp:attachment":[{"href":"https:\/\/adidascombat.md\/ro\/wp-json\/wp\/v2\/media?parent=24636"}],"wp:term":[{"taxonomy":"product_brand","embeddable":true,"href":"https:\/\/adidascombat.md\/ro\/wp-json\/wp\/v2\/product_brand?post=24636"},{"taxonomy":"product_cat","embeddable":true,"href":"https:\/\/adidascombat.md\/ro\/wp-json\/wp\/v2\/product_cat?post=24636"},{"taxonomy":"product_tag","embeddable":true,"href":"https:\/\/adidascombat.md\/ro\/wp-json\/wp\/v2\/product_tag?post=24636"}],"curies":[{"name":"wp","href":"https:\/\/api.w.org\/{rel}","templated":true}]}}