{"id":24717,"date":"2025-01-30T09:46:47","date_gmt":"2025-01-30T09:46:47","guid":{"rendered":"https:\/\/adidascombat.md\/product\/%d0%b7%d0%b0%d1%89%d0%b8%d1%82%d0%b0-%d0%b3%d0%be%d0%bb%d0%be%d0%b2%d1%8b-%d0%bf%d0%be%d0%b4%d0%b1%d0%be%d1%80%d0%be%d0%b4%d0%be%d0%ba-%d0%ba%d1%80%d0%b0%d1%81%d0%bd%d1%8b%d0%b9\/"},"modified":"2025-01-30T09:48:48","modified_gmt":"2025-01-30T09:48:48","slug":"%d0%b7%d0%b0%d1%89%d0%b8%d1%82%d0%b0-%d0%b3%d0%be%d0%bb%d0%be%d0%b2%d1%8b-%d0%bf%d0%be%d0%b4%d0%b1%d0%be%d1%80%d0%be%d0%b4%d0%be%d0%ba-%d0%ba%d1%80%d0%b0%d1%81%d0%bd%d1%8b%d0%b9","status":"publish","type":"product","link":"https:\/\/adidascombat.md\/ro\/Produs\/%d0%b7%d0%b0%d1%89%d0%b8%d1%82%d0%b0-%d0%b3%d0%be%d0%bb%d0%be%d0%b2%d1%8b-%d0%bf%d0%be%d0%b4%d0%b1%d0%be%d1%80%d0%be%d0%b4%d0%be%d0%ba-%d0%ba%d1%80%d0%b0%d1%81%d0%bd%d1%8b%d0%b9\/","title":{"rendered":"Protec\u021bie cap Barbie ro\u0219ie"},"content":{"rendered":"<p>Protec\u021bie pentru cap din cea mai fin\u0103 piele de vac\u0103, ideal\u0103 pentru box, kickboxing, Muay Thai \u0219i alte arte mar\u021biale. Protec\u021bia capului este echipat\u0103 cu protec\u021bie pentru b\u0103rbie \u0219i pome\u021bi. Urechile au \u0219i un inel de protec\u021bie pentru a proteja exteriorul \u00een caz de ag\u0103\u021bare. \u00cenchiderea Multi-Velcro la spate asigur\u0103 o potrivire perfect\u0103, iar protec\u021bia capului poate fi ajustat\u0103 \u0219i \u00een partea de sus cu \u0219ireturi suplimentare.<\/p>\n<ul>\n<li>\u00a0poate fi \u00eenchis convenabil cu Velcro \u00een spate<\/li>\n<li>cu protectie auditiva<\/li>\n<li>\u00een partea de sus cu un cordon pentru str\u00e2ngere \u0219i extindere<\/li>\n<\/ul>\n","protected":false},"excerpt":{"rendered":"<p>Protec\u021bie pentru cap din cea mai fin\u0103 piele de vac\u0103, ideal\u0103 pentru box, kickboxing, Muay Thai \u0219i alte arte mar\u021biale.<\/p>\n","protected":false},"featured_media":24703,"comment_status":"open","ping_status":"closed","template":"","meta":[],"product_brand":[],"product_cat":[517,757,771,525,882,875],"product_tag":[],"class_list":{"0":"post-24717","1":"product","2":"type-product","3":"status-publish","4":"has-post-thumbnail","6":"product_cat-adidas-box-ro","7":"product_cat-adidas-kickbox-ro","8":"product_cat-casti-ro-5","9":"product_cat-casti-ro-4-ro","10":"product_cat-echipament-protectie-13","11":"product_cat-mmafreefight-thaiboxing","13":"first","14":"instock","15":"shipping-taxable","16":"purchasable","17":"product-type-variable"},"_links":{"self":[{"href":"https:\/\/adidascombat.md\/ro\/wp-json\/wp\/v2\/product\/24717","targetHints":{"allow":["GET"]}}],"collection":[{"href":"https:\/\/adidascombat.md\/ro\/wp-json\/wp\/v2\/product"}],"about":[{"href":"https:\/\/adidascombat.md\/ro\/wp-json\/wp\/v2\/types\/product"}],"replies":[{"embeddable":true,"href":"https:\/\/adidascombat.md\/ro\/wp-json\/wp\/v2\/comments?post=24717"}],"version-history":[{"count":1,"href":"https:\/\/adidascombat.md\/ro\/wp-json\/wp\/v2\/product\/24717\/revisions"}],"predecessor-version":[{"id":24722,"href":"https:\/\/adidascombat.md\/ro\/wp-json\/wp\/v2\/product\/24717\/revisions\/24722"}],"wp:featuredmedia":[{"embeddable":true,"href":"https:\/\/adidascombat.md\/ro\/wp-json\/wp\/v2\/media\/24703"}],"wp:attachment":[{"href":"https:\/\/adidascombat.md\/ro\/wp-json\/wp\/v2\/media?parent=24717"}],"wp:term":[{"taxonomy":"product_brand","embeddable":true,"href":"https:\/\/adidascombat.md\/ro\/wp-json\/wp\/v2\/product_brand?post=24717"},{"taxonomy":"product_cat","embeddable":true,"href":"https:\/\/adidascombat.md\/ro\/wp-json\/wp\/v2\/product_cat?post=24717"},{"taxonomy":"product_tag","embeddable":true,"href":"https:\/\/adidascombat.md\/ro\/wp-json\/wp\/v2\/product_tag?post=24717"}],"curies":[{"name":"wp","href":"https:\/\/api.w.org\/{rel}","templated":true}]}}