{"id":24797,"date":"2025-01-30T15:30:49","date_gmt":"2025-01-30T15:30:49","guid":{"rendered":"https:\/\/adidascombat.md\/product\/adidas-head-guard-combat-50-%d0%ba%d1%80%d0%b0%d1%81%d0%bd%d1%8b%d0%b9-%d1%87%d0%b5%d1%80%d0%bd%d1%8b%d0%b9-adic50hg\/"},"modified":"2025-01-30T15:33:36","modified_gmt":"2025-01-30T15:33:36","slug":"adidas-head-guard-combat-50-%d0%ba%d1%80%d0%b0%d1%81%d0%bd%d1%8b%d0%b9-%d1%87%d0%b5%d1%80%d0%bd%d1%8b%d0%b9-adic50hg","status":"publish","type":"product","link":"https:\/\/adidascombat.md\/ro\/Produs\/adidas-head-guard-combat-50-%d0%ba%d1%80%d0%b0%d1%81%d0%bd%d1%8b%d0%b9-%d1%87%d0%b5%d1%80%d0%bd%d1%8b%d0%b9-adic50hg\/","title":{"rendered":"adidas Head Guard Combat 50 ro\u0219u\/negru, adiC50HG"},"content":{"rendered":"<p>Noile adidas Combat 50 HG sunt realizate 100% din piele sintetica. C\u0103ptu\u0219eala interioar\u0103 cu uscare rapid\u0103 a protec\u021biei capului ofer\u0103 un confort pl\u0103cut la purtare \u0219i o absorb\u021bie excelent\u0103 a umezelii \u00een timpul utiliz\u0103rii. \u00cen plus, un strat suplimentar de c\u0103ptu\u0219eal\u0103 din spum\u0103 EVA ofer\u0103 o durabilitate extraordinar\u0103 \u0219i o amortizare optimizat\u0103 \u00een timpul antrenamentelor. Protec\u021bia capului poate fi \u00eenchis\u0103 folosind un sistem dublu Velcro. Cureaua de obraz este, de asemenea, deta\u0219abil\u0103.<\/p>\n<p>&#8211;\u00a0 Material: piele artificial\u0103 durabil\u0103<br \/>\n&#8211;\u00a0 c\u0103ptu\u0219eal\u0103 interioar\u0103 cu uscare rapid\u0103<br \/>\n&#8211;\u00a0 Captuseala din spuma EVA<br \/>\n&#8211;\u00a0 pentru competi\u021bii \u0219i antrenamente<\/p>\n","protected":false},"excerpt":{"rendered":"<p>Noile adidas Combat 50 HG sunt realizate 100% din piele sintetica. C\u0103ptu\u0219eala interioar\u0103 cu uscare rapid\u0103 a protec\u021biei capului ofer\u0103<\/p>\n","protected":false},"featured_media":24785,"comment_status":"open","ping_status":"closed","template":"","meta":[],"product_brand":[],"product_cat":[517,757,771,525],"product_tag":[],"class_list":{"0":"post-24797","1":"product","2":"type-product","3":"status-publish","4":"has-post-thumbnail","6":"product_cat-adidas-box-ro","7":"product_cat-adidas-kickbox-ro","8":"product_cat-casti-ro-5","9":"product_cat-casti-ro-4-ro","11":"first","12":"instock","13":"shipping-taxable","14":"purchasable","15":"product-type-variable"},"_links":{"self":[{"href":"https:\/\/adidascombat.md\/ro\/wp-json\/wp\/v2\/product\/24797","targetHints":{"allow":["GET"]}}],"collection":[{"href":"https:\/\/adidascombat.md\/ro\/wp-json\/wp\/v2\/product"}],"about":[{"href":"https:\/\/adidascombat.md\/ro\/wp-json\/wp\/v2\/types\/product"}],"replies":[{"embeddable":true,"href":"https:\/\/adidascombat.md\/ro\/wp-json\/wp\/v2\/comments?post=24797"}],"version-history":[{"count":2,"href":"https:\/\/adidascombat.md\/ro\/wp-json\/wp\/v2\/product\/24797\/revisions"}],"predecessor-version":[{"id":24804,"href":"https:\/\/adidascombat.md\/ro\/wp-json\/wp\/v2\/product\/24797\/revisions\/24804"}],"wp:featuredmedia":[{"embeddable":true,"href":"https:\/\/adidascombat.md\/ro\/wp-json\/wp\/v2\/media\/24785"}],"wp:attachment":[{"href":"https:\/\/adidascombat.md\/ro\/wp-json\/wp\/v2\/media?parent=24797"}],"wp:term":[{"taxonomy":"product_brand","embeddable":true,"href":"https:\/\/adidascombat.md\/ro\/wp-json\/wp\/v2\/product_brand?post=24797"},{"taxonomy":"product_cat","embeddable":true,"href":"https:\/\/adidascombat.md\/ro\/wp-json\/wp\/v2\/product_cat?post=24797"},{"taxonomy":"product_tag","embeddable":true,"href":"https:\/\/adidascombat.md\/ro\/wp-json\/wp\/v2\/product_tag?post=24797"}],"curies":[{"name":"wp","href":"https:\/\/api.w.org\/{rel}","templated":true}]}}