{"id":24911,"date":"2025-01-30T16:59:45","date_gmt":"2025-01-30T16:59:45","guid":{"rendered":"https:\/\/adidascombat.md\/product\/adidas-head-protection-speed-super-pro-%d0%b1%d0%b5%d0%bb%d1%8b%d0%b9-%d1%87%d0%b5%d1%80%d0%bd%d1%8b%d0%b9-adisbhg041\/"},"modified":"2025-01-30T17:01:49","modified_gmt":"2025-01-30T17:01:49","slug":"adidas-head-protection-speed-super-pro-%d0%b1%d0%b5%d0%bb%d1%8b%d0%b9-%d1%87%d0%b5%d1%80%d0%bd%d1%8b%d0%b9-adisbhg041","status":"publish","type":"product","link":"https:\/\/adidascombat.md\/ro\/Produs\/adidas-head-protection-speed-super-pro-%d0%b1%d0%b5%d0%bb%d1%8b%d0%b9-%d1%87%d0%b5%d1%80%d0%bd%d1%8b%d0%b9-adisbhg041\/","title":{"rendered":"Protectia capului adidas Speed \u200b\u200b\u200b\u200bSuper Pro alb\/negru, ADISBHG041"},"content":{"rendered":"<p>Adidas Speed \u200b\u200b\u200b\u200bSuper Pro Training HG convinge prin construc\u021bia sa de \u00eenalt\u0103 calitate. Datorit\u0103 \u021bes\u0103turii din poliuretan \u0219i c\u0103ptu\u0219elii din poliuretan, ofer\u0103 protec\u021bie \u021bintit\u0103 \u0219i, prin urmare, siguran\u021b\u0103. \u00cen plus, un strat suplimentar de c\u0103ptu\u0219eal\u0103 din spum\u0103 EVA ofer\u0103 o durabilitate extraordinar\u0103 \u0219i o amortizare optimizat\u0103 \u00een timpul antrenamentelor. C\u0103ptu\u0219eala interioar\u0103 a lui Speed \u200b\u200b\u200b\u200bSuper Pro Training HG \u00eel face confortabil de purtat \u0219i ofer\u0103, de asemenea, o absorb\u021bie excelent\u0103 a umezelii.<\/p>\n<p>Avantajele adidas Speed \u200b\u200b\u200b\u200bSuper Pro Training HG<\/p>\n<p>&#8211; Captuseala din poliuretan &#8211; Captuseala din spuma EVA &#8211; Marimi: S-XL<\/p>\n<p>Particularitati:<br \/>\n&#8211;\u00a0 Protec\u021bie pentru cap de la adidas<br \/>\n&#8211;\u00a0 Cea mai bun\u0103 piele de vac\u0103<br \/>\n&#8211;\u00a0 pentru competi\u021bii \u0219i antrenamente<br \/>\n&#8211;\u00a0 cu aprobare AIBA, parte profesional\u0103 absolut\u0103<\/p>\n","protected":false},"excerpt":{"rendered":"<p>Adidas Speed \u200b\u200b\u200b\u200bSuper Pro Training HG convinge prin construc\u021bia sa de \u00eenalt\u0103 calitate. Datorit\u0103 \u021bes\u0103turii din poliuretan \u0219i c\u0103ptu\u0219elii din<\/p>\n","protected":false},"featured_media":24907,"comment_status":"open","ping_status":"closed","template":"","meta":[],"product_brand":[],"product_cat":[517,757,771,525],"product_tag":[],"class_list":{"0":"post-24911","1":"product","2":"type-product","3":"status-publish","4":"has-post-thumbnail","6":"product_cat-adidas-box-ro","7":"product_cat-adidas-kickbox-ro","8":"product_cat-casti-ro-5","9":"product_cat-casti-ro-4-ro","11":"first","12":"instock","13":"shipping-taxable","14":"purchasable","15":"product-type-variable"},"_links":{"self":[{"href":"https:\/\/adidascombat.md\/ro\/wp-json\/wp\/v2\/product\/24911","targetHints":{"allow":["GET"]}}],"collection":[{"href":"https:\/\/adidascombat.md\/ro\/wp-json\/wp\/v2\/product"}],"about":[{"href":"https:\/\/adidascombat.md\/ro\/wp-json\/wp\/v2\/types\/product"}],"replies":[{"embeddable":true,"href":"https:\/\/adidascombat.md\/ro\/wp-json\/wp\/v2\/comments?post=24911"}],"version-history":[{"count":2,"href":"https:\/\/adidascombat.md\/ro\/wp-json\/wp\/v2\/product\/24911\/revisions"}],"predecessor-version":[{"id":24917,"href":"https:\/\/adidascombat.md\/ro\/wp-json\/wp\/v2\/product\/24911\/revisions\/24917"}],"wp:featuredmedia":[{"embeddable":true,"href":"https:\/\/adidascombat.md\/ro\/wp-json\/wp\/v2\/media\/24907"}],"wp:attachment":[{"href":"https:\/\/adidascombat.md\/ro\/wp-json\/wp\/v2\/media?parent=24911"}],"wp:term":[{"taxonomy":"product_brand","embeddable":true,"href":"https:\/\/adidascombat.md\/ro\/wp-json\/wp\/v2\/product_brand?post=24911"},{"taxonomy":"product_cat","embeddable":true,"href":"https:\/\/adidascombat.md\/ro\/wp-json\/wp\/v2\/product_cat?post=24911"},{"taxonomy":"product_tag","embeddable":true,"href":"https:\/\/adidascombat.md\/ro\/wp-json\/wp\/v2\/product_tag?post=24911"}],"curies":[{"name":"wp","href":"https:\/\/api.w.org\/{rel}","templated":true}]}}