{"id":24934,"date":"2025-01-30T17:06:56","date_gmt":"2025-01-30T17:06:56","guid":{"rendered":"https:\/\/adidascombat.md\/product\/adidas-speed-pro-%d0%bf%d1%80%d0%be%d1%82%d0%b5%d0%ba%d1%82%d0%be%d1%80-%d0%b4%d0%bb%d1%8f-%d0%b3%d0%be%d0%bb%d0%be%d0%b2%d1%8b-%d0%ba%d1%80%d0%b0%d1%81%d0%bd%d1%8b%d0%b9-%d0%b7%d0%be%d0%bb%d0%be\/"},"modified":"2025-01-30T17:08:48","modified_gmt":"2025-01-30T17:08:48","slug":"adidas-speed-pro-%d0%bf%d1%80%d0%be%d1%82%d0%b5%d0%ba%d1%82%d0%be%d1%80-%d0%b4%d0%bb%d1%8f-%d0%b3%d0%be%d0%bb%d0%be%d0%b2%d1%8b-%d0%ba%d1%80%d0%b0%d1%81%d0%bd%d1%8b%d0%b9-%d0%b7%d0%be%d0%bb%d0%be","status":"publish","type":"product","link":"https:\/\/adidascombat.md\/ro\/Produs\/adidas-speed-pro-%d0%bf%d1%80%d0%be%d1%82%d0%b5%d0%ba%d1%82%d0%be%d1%80-%d0%b4%d0%bb%d1%8f-%d0%b3%d0%be%d0%bb%d0%be%d0%b2%d1%8b-%d0%ba%d1%80%d0%b0%d1%81%d0%bd%d1%8b%d0%b9-%d0%b7%d0%be%d0%bb%d0%be\/","title":{"rendered":"Protector de cap adidas Speed \u200b\u200b\u200b\u200bPro piele de cactus ro\u0219u\/auriu, ADISPD350HG"},"content":{"rendered":"<p>Aceast\u0103 protec\u021bie pentru cap adidas de \u00eenalt\u0103 calitate este realizat\u0103 din piele de cactus \u0219i este special conceput\u0103 pentru sectorul profesional. Protec\u021bia capului Speed \u200b\u200b\u200b\u200bPro Head Gear are un spate cu \u0219ireturi pentru o potrivire optim\u0103 \u0219i o prindere cu velcro sub b\u0103rbie. Datorit\u0103 materialului special din spum\u0103, ofer\u0103 \u0219i protec\u021bie fiabil\u0103 \u00eempotriva impacturilor puternice \u00een sectorul profesional. Casca este echipat\u0103 cu amara \u00een interior, f\u0103c\u00e2nd-o deosebit de confortabil\u0103 de purtat.<\/p>\n<ul>\n<li>\u00a0Fabricat din piele moale de cactus<\/li>\n<li>Spate cu \u0219ireturi pentru o potrivire optim\u0103<\/li>\n<li>Velcro sub b\u0103rbie<\/li>\n<li>Spum\u0103 special\u0103 pentru impact puternic<\/li>\n<li>pentru competi\u021bii \u0219i antrenamente<\/li>\n<li>Parte absolut profesional\u0103<\/li>\n<\/ul>\n","protected":false},"excerpt":{"rendered":"<p>Aceast\u0103 protec\u021bie pentru cap adidas de \u00eenalt\u0103 calitate este realizat\u0103 din piele de cactus \u0219i este special conceput\u0103 pentru sectorul<\/p>\n","protected":false},"featured_media":24926,"comment_status":"open","ping_status":"closed","template":"","meta":[],"product_brand":[],"product_cat":[517,757,771,525],"product_tag":[],"class_list":{"0":"post-24934","1":"product","2":"type-product","3":"status-publish","4":"has-post-thumbnail","6":"product_cat-adidas-box-ro","7":"product_cat-adidas-kickbox-ro","8":"product_cat-casti-ro-5","9":"product_cat-casti-ro-4-ro","11":"first","12":"instock","13":"shipping-taxable","14":"purchasable","15":"product-type-variable"},"_links":{"self":[{"href":"https:\/\/adidascombat.md\/ro\/wp-json\/wp\/v2\/product\/24934","targetHints":{"allow":["GET"]}}],"collection":[{"href":"https:\/\/adidascombat.md\/ro\/wp-json\/wp\/v2\/product"}],"about":[{"href":"https:\/\/adidascombat.md\/ro\/wp-json\/wp\/v2\/types\/product"}],"replies":[{"embeddable":true,"href":"https:\/\/adidascombat.md\/ro\/wp-json\/wp\/v2\/comments?post=24934"}],"version-history":[{"count":1,"href":"https:\/\/adidascombat.md\/ro\/wp-json\/wp\/v2\/product\/24934\/revisions"}],"predecessor-version":[{"id":24939,"href":"https:\/\/adidascombat.md\/ro\/wp-json\/wp\/v2\/product\/24934\/revisions\/24939"}],"wp:featuredmedia":[{"embeddable":true,"href":"https:\/\/adidascombat.md\/ro\/wp-json\/wp\/v2\/media\/24926"}],"wp:attachment":[{"href":"https:\/\/adidascombat.md\/ro\/wp-json\/wp\/v2\/media?parent=24934"}],"wp:term":[{"taxonomy":"product_brand","embeddable":true,"href":"https:\/\/adidascombat.md\/ro\/wp-json\/wp\/v2\/product_brand?post=24934"},{"taxonomy":"product_cat","embeddable":true,"href":"https:\/\/adidascombat.md\/ro\/wp-json\/wp\/v2\/product_cat?post=24934"},{"taxonomy":"product_tag","embeddable":true,"href":"https:\/\/adidascombat.md\/ro\/wp-json\/wp\/v2\/product_tag?post=24934"}],"curies":[{"name":"wp","href":"https:\/\/api.w.org\/{rel}","templated":true}]}}