{"id":25227,"date":"2025-02-03T10:39:11","date_gmt":"2025-02-03T10:39:11","guid":{"rendered":"https:\/\/adidascombat.md\/product\/opro-%d0%ba%d0%b0%d0%bf%d0%b0-%d0%bf%d0%bb%d0%b0%d1%82%d0%b8%d0%bd%d0%be%d0%b2%d0%b0%d1%8f-%d1%81%d0%b5%d0%bd%d1%8c%d0%be%d1%80-fangz-%d0%ba%d1%80%d0%b0%d1%81%d0%bd%d0%b0%d1%8f\/"},"modified":"2025-02-03T10:40:54","modified_gmt":"2025-02-03T10:40:54","slug":"opro-%d0%ba%d0%b0%d0%bf%d0%b0-%d0%bf%d0%bb%d0%b0%d1%82%d0%b8%d0%bd%d0%be%d0%b2%d0%b0%d1%8f-%d1%81%d0%b5%d0%bd%d1%8c%d0%be%d1%80-fangz-%d0%ba%d1%80%d0%b0%d1%81%d0%bd%d0%b0%d1%8f","status":"publish","type":"product","link":"https:\/\/adidascombat.md\/ro\/Produs\/opro-%d0%ba%d0%b0%d0%bf%d0%b0-%d0%bf%d0%bb%d0%b0%d1%82%d0%b8%d0%bd%d0%be%d0%b2%d0%b0%d1%8f-%d1%81%d0%b5%d0%bd%d1%8c%d0%be%d1%80-fangz-%d0%ba%d1%80%d0%b0%d1%81%d0%bd%d0%b0%d1%8f\/","title":{"rendered":"Protectie gura OPRO Platinum &#8222;Fangz&#8221; rosu"},"content":{"rendered":"<p>Aparat de gur\u0103 Opro cu trei straturi, cu un strat exterior durabil pentru o mai mare protec\u021bie la impact, un strat interior flexibil pentru confort \u0219i adaptare \u0219i \u201eAir Spacers\u201d pentru un efect maxim de amortizare cu o protec\u021bie mai bun\u0103. In cazul tavilor din platina se adauga un strat intermediar de absorbtie.<\/p>\n<p>Aici intervine tehnologia patentat\u0103, unic\u0103 a lamelor Opro. Cu Opro, nu exist\u0103 gel \u00een interiorul \u00eenveli\u0219ului de protec\u021bie bucal\u0103, dar lamelele (aripioarele) ies \u00een afar\u0103. Aceste aripioare sunt apoi distribuite peste din\u021bi atunci c\u00e2nd sunt instalate \u00een ap\u0103 fierbinte \u0219i \u00eenf\u0103\u0219urate \u00een jurul bitului pentru o protec\u021bie maxim\u0103. Acest lucru previne ca potrivirea \u0219i confortul s\u0103 fie compromise de excesul de gel, care tinde s\u0103 se deplaseze \u00een lateral atunci c\u00e2nd se utilizeaz\u0103 t\u0103vi standard.<\/p>\n<p>Zonele de expansiune inovatoare (trei mici crest\u0103turi situate de-a lungul marginii ap\u0103r\u0103toarei) asigur\u0103, de asemenea, c\u0103 piesa bucal\u0103 se poate extinde pentru a g\u0103zdui un set larg de din\u021bi \u0219i se poate contracta pentru a g\u0103zdui un set \u00eengust de din\u021bi. Rezultatul este un dispozitiv de protec\u021bie de gur\u0103 perfect pentru toat\u0103 lumea.<\/p>\n<p>\u00cen plus, Opro-Platinum vine cu o \u201efurc\u0103\u201d brevetat\u0103 pentru \u00eendep\u0103rtarea u\u0219oar\u0103 a ap\u0103r\u0103toarei de gur\u0103 din apa fierbinte cu ajutorul m\u00e2nerului. \u00cen plus, din\u021bii m\u00e2nerului v\u0103 asigur\u0103 c\u0103 nu pute\u021bi mu\u0219ca ap\u0103r\u0103torul de gur\u0103 atunci c\u00e2nd \u00eel regla\u021bi, astfel \u00eenc\u00e2t s\u0103 pute\u021bi adapta perfect Opro-Platinum la din\u021bii dvs. cu presiune maxim\u0103 \u0219i mu\u0219c\u0103tur\u0103 maxim\u0103.<\/p>\n<p>Montare: V\u0103 rug\u0103m s\u0103 urma\u021bi EXACT instruc\u021biunile de montare incluse pentru a asigura cea mai bun\u0103 potrivire a ap\u0103r\u0103toarei dumneavoastr\u0103.<br \/>\nInstruc\u021biunile incluse sunt disponibile \u00een englez\u0103, german\u0103, francez\u0103, italian\u0103 \u0219i spaniol\u0103. \u00cen plus, pe spatele pachetului este tip\u0103rit un cod QR cu un link c\u0103tre un videoclip pentru personalizare.<\/p>\n<p>Include cutie de protec\u021bie bucal\u0103 pentru \u00eenchidere sigur\u0103 \u0219i g\u0103uri de ventila\u021bie<br \/>\nInstruc\u021biunile sunt \u0219i \u00een german\u0103 (asigura\u021bi-v\u0103 c\u0103 le urma\u021bi cu aten\u021bie)<br \/>\nNivel platin\u0103: protec\u021bie maxim\u0103 pentru toate sporturile de contact, cum ar fi artele mar\u021biale, rugby, fotbal, handbal, baschet, hochei, lacrosse \u0219i multe altele<br \/>\nOpro este sponsorul oficial al echipei na\u021bionale de rugby a Angliei, al echipei na\u021bionale de hochei a Angliei \u0219i al multor sportivi individuali.<br \/>\nfabricat in Anglia<\/p>\n","protected":false},"excerpt":{"rendered":"<p>Aparat de gur\u0103 Opro cu trei straturi, cu un strat exterior durabil pentru o mai mare protec\u021bie la impact, un<\/p>\n","protected":false},"featured_media":25225,"comment_status":"open","ping_status":"closed","template":"","meta":[],"product_brand":[],"product_cat":[517,527],"product_tag":[],"class_list":{"0":"post-25227","1":"product","2":"type-product","3":"status-publish","4":"has-post-thumbnail","6":"product_cat-adidas-box-ro","7":"product_cat-protectie-gura-ro-4","9":"first","10":"instock","11":"shipping-taxable","12":"purchasable","13":"product-type-simple"},"_links":{"self":[{"href":"https:\/\/adidascombat.md\/ro\/wp-json\/wp\/v2\/product\/25227","targetHints":{"allow":["GET"]}}],"collection":[{"href":"https:\/\/adidascombat.md\/ro\/wp-json\/wp\/v2\/product"}],"about":[{"href":"https:\/\/adidascombat.md\/ro\/wp-json\/wp\/v2\/types\/product"}],"replies":[{"embeddable":true,"href":"https:\/\/adidascombat.md\/ro\/wp-json\/wp\/v2\/comments?post=25227"}],"version-history":[{"count":1,"href":"https:\/\/adidascombat.md\/ro\/wp-json\/wp\/v2\/product\/25227\/revisions"}],"predecessor-version":[{"id":25228,"href":"https:\/\/adidascombat.md\/ro\/wp-json\/wp\/v2\/product\/25227\/revisions\/25228"}],"wp:featuredmedia":[{"embeddable":true,"href":"https:\/\/adidascombat.md\/ro\/wp-json\/wp\/v2\/media\/25225"}],"wp:attachment":[{"href":"https:\/\/adidascombat.md\/ro\/wp-json\/wp\/v2\/media?parent=25227"}],"wp:term":[{"taxonomy":"product_brand","embeddable":true,"href":"https:\/\/adidascombat.md\/ro\/wp-json\/wp\/v2\/product_brand?post=25227"},{"taxonomy":"product_cat","embeddable":true,"href":"https:\/\/adidascombat.md\/ro\/wp-json\/wp\/v2\/product_cat?post=25227"},{"taxonomy":"product_tag","embeddable":true,"href":"https:\/\/adidascombat.md\/ro\/wp-json\/wp\/v2\/product_tag?post=25227"}],"curies":[{"name":"wp","href":"https:\/\/api.w.org\/{rel}","templated":true}]}}