{"id":25236,"date":"2025-02-03T12:55:04","date_gmt":"2025-02-03T12:55:04","guid":{"rendered":"https:\/\/adidascombat.md\/product\/%d0%ba%d0%b0%d0%bf%d0%b0-opro-%d0%b1%d1%80%d0%be%d0%bd%d0%b7%d0%b0-junior\/"},"modified":"2025-02-03T12:56:30","modified_gmt":"2025-02-03T12:56:30","slug":"%d0%ba%d0%b0%d0%bf%d0%b0-opro-%d0%b1%d1%80%d0%be%d0%bd%d0%b7%d0%b0-junior","status":"publish","type":"product","link":"https:\/\/adidascombat.md\/ro\/Produs\/%d0%ba%d0%b0%d0%bf%d0%b0-opro-%d0%b1%d1%80%d0%be%d0%bd%d0%b7%d0%b0-junior\/","title":{"rendered":"Protector de gura OPRO Bronze Junior"},"content":{"rendered":"<p>Ap\u0103r\u0103tor de gur\u0103 Opro cu un singur strat<\/p>\n<p>Tehnologia patentat\u0103, unic\u0103 Opro lamel\u0103 este deja folosit\u0103 aici. Cu Opro, nu exist\u0103 gel \u00een interiorul \u00eenveli\u0219ului de protec\u021bie bucal\u0103, dar lamelele (aripioarele) ies \u00een afar\u0103. Aceste aripioare sunt apoi distribuite peste din\u021bi atunci c\u00e2nd sunt instalate \u00een ap\u0103 fierbinte \u0219i \u00eenf\u0103\u0219urate \u00een jurul bitului pentru o protec\u021bie maxim\u0103. Acest lucru previne ca potrivirea \u0219i confortul s\u0103 fie compromise de excesul de gel, care tinde s\u0103 se deplaseze \u00een lateral atunci c\u00e2nd se utilizeaz\u0103 t\u0103vi standard.<\/p>\n<p>Zonele inovatoare de \u00eentindere (trei crest\u0103turi mici distribuite \u00een jurul marginii ap\u0103r\u0103toarei) asigur\u0103, de asemenea, c\u0103 coaja se poate extinde printr-un set larg de din\u021bi \u0219i se poate contracta printr-un v\u00e2rf \u00eengust. Rezultatul este un dispozitiv de protec\u021bie de gur\u0103 perfect pentru toat\u0103 lumea.<\/p>\n<p>Pe langa faptul ca iti protejeaza dintii, aparatul de gura Opro ofera si protectie ideala impotriva leziunilor maxilare si faciale, precum si impotriva contuziei.<\/p>\n<p>Montare: V\u0103 rug\u0103m s\u0103 urma\u021bi EXACT instruc\u021biunile de montare incluse pentru a asigura cea mai bun\u0103 potrivire a ap\u0103r\u0103toarei dumneavoastr\u0103.<br \/>\nInstruc\u021biunile incluse sunt disponibile \u00een englez\u0103, german\u0103, francez\u0103, italian\u0103 \u0219i spaniol\u0103. \u00cen plus, pe spatele pachetului este tip\u0103rit un cod QR cu un link c\u0103tre un videoclip pentru personalizare.<\/p>\n<p>Include cutie de protec\u021bie bucal\u0103 pentru \u00eenchidere sigur\u0103 \u0219i g\u0103uri de ventila\u021bie<br \/>\nInstruc\u021biunile sunt \u0219i \u00een german\u0103 (asigura\u021bi-v\u0103 c\u0103 le urma\u021bi cu aten\u021bie)<br \/>\nNivel bronz &#8211; protec\u021bie de baz\u0103 pentru toate sporturile de contact<br \/>\nOpro este sponsorul oficial al echipei na\u021bionale de rugby a Angliei, al echipei na\u021bionale de hochei a Angliei \u0219i al multor sportivi individuali.<br \/>\nfabricat in Anglia<br \/>\nParticularitati:<br \/>\nInclude cutie de protec\u021bie bucal\u0103 pentru \u00eenchidere sigur\u0103 \u0219i g\u0103uri de ventila\u021bie<br \/>\nInstruc\u021biunile sunt \u0219i \u00een german\u0103 (asigura\u021bi-v\u0103 c\u0103 le urma\u021bi cu aten\u021bie)<br \/>\nNivel bronz &#8211; protec\u021bie de baz\u0103 pentru toate sporturile de contact<br \/>\nOpro este sponsorul oficial al echipei na\u021bionale de rugby a Angliei, al echipei na\u021bionale de hochei a Angliei \u0219i al multor sportivi individuali.<br \/>\nfabricat in Anglia<\/p>\n","protected":false},"excerpt":{"rendered":"<p>Ap\u0103r\u0103tor de gur\u0103 Opro cu un singur strat Tehnologia patentat\u0103, unic\u0103 Opro lamel\u0103 este deja folosit\u0103 aici. Cu Opro, nu<\/p>\n","protected":false},"featured_media":25182,"comment_status":"open","ping_status":"closed","template":"","meta":[],"product_brand":[],"product_cat":[517,757,882,875,773,527],"product_tag":[],"class_list":{"0":"post-25236","1":"product","2":"type-product","3":"status-publish","4":"has-post-thumbnail","6":"product_cat-adidas-box-ro","7":"product_cat-adidas-kickbox-ro","8":"product_cat-echipament-protectie-13","9":"product_cat-mmafreefight-thaiboxing","10":"product_cat-protectie-gura-ro-5","11":"product_cat-protectie-gura-ro-4","13":"first","14":"instock","15":"shipping-taxable","16":"purchasable","17":"product-type-variable"},"_links":{"self":[{"href":"https:\/\/adidascombat.md\/ro\/wp-json\/wp\/v2\/product\/25236","targetHints":{"allow":["GET"]}}],"collection":[{"href":"https:\/\/adidascombat.md\/ro\/wp-json\/wp\/v2\/product"}],"about":[{"href":"https:\/\/adidascombat.md\/ro\/wp-json\/wp\/v2\/types\/product"}],"replies":[{"embeddable":true,"href":"https:\/\/adidascombat.md\/ro\/wp-json\/wp\/v2\/comments?post=25236"}],"version-history":[{"count":1,"href":"https:\/\/adidascombat.md\/ro\/wp-json\/wp\/v2\/product\/25236\/revisions"}],"predecessor-version":[{"id":25241,"href":"https:\/\/adidascombat.md\/ro\/wp-json\/wp\/v2\/product\/25236\/revisions\/25241"}],"wp:featuredmedia":[{"embeddable":true,"href":"https:\/\/adidascombat.md\/ro\/wp-json\/wp\/v2\/media\/25182"}],"wp:attachment":[{"href":"https:\/\/adidascombat.md\/ro\/wp-json\/wp\/v2\/media?parent=25236"}],"wp:term":[{"taxonomy":"product_brand","embeddable":true,"href":"https:\/\/adidascombat.md\/ro\/wp-json\/wp\/v2\/product_brand?post=25236"},{"taxonomy":"product_cat","embeddable":true,"href":"https:\/\/adidascombat.md\/ro\/wp-json\/wp\/v2\/product_cat?post=25236"},{"taxonomy":"product_tag","embeddable":true,"href":"https:\/\/adidascombat.md\/ro\/wp-json\/wp\/v2\/product_tag?post=25236"}],"curies":[{"name":"wp","href":"https:\/\/api.w.org\/{rel}","templated":true}]}}