{"id":25343,"date":"2025-02-03T16:23:33","date_gmt":"2025-02-03T16:23:33","guid":{"rendered":"https:\/\/adidascombat.md\/product\/opro-%d0%ba%d0%b0%d0%bf%d0%b0-%d1%81%d0%b5%d1%80%d0%b5%d0%b1%d1%80%d1%8f%d0%bd%d0%b0%d1%8f-senior-%d1%87%d0%b5%d0%bb%d1%8e%d1%81%d1%82%d0%b8-%d1%87%d0%b5%d1%80%d0%bd%d1%8b%d0%b5-%d1%81%d0%b5%d1%80\/"},"modified":"2025-02-03T16:25:59","modified_gmt":"2025-02-03T16:25:59","slug":"opro-%d0%ba%d0%b0%d0%bf%d0%b0-%d1%81%d0%b5%d1%80%d0%b5%d0%b1%d1%80%d1%8f%d0%bd%d0%b0%d1%8f-senior-%d1%87%d0%b5%d0%bb%d1%8e%d1%81%d1%82%d0%b8-%d1%87%d0%b5%d1%80%d0%bd%d1%8b%d0%b5-%d1%81%d0%b5%d1%80","status":"publish","type":"product","link":"https:\/\/adidascombat.md\/ro\/Produs\/opro-%d0%ba%d0%b0%d0%bf%d0%b0-%d1%81%d0%b5%d1%80%d0%b5%d0%b1%d1%80%d1%8f%d0%bd%d0%b0%d1%8f-senior-%d1%87%d0%b5%d0%bb%d1%8e%d1%81%d1%82%d0%b8-%d1%87%d0%b5%d1%80%d0%bd%d1%8b%d0%b5-%d1%81%d0%b5%d1%80\/","title":{"rendered":"Protectie gur\u0103 OPRO Silver Senior &#8211; Jaws Black\/Silver"},"content":{"rendered":"<p>Cadrul perfect fit, inclus anterior doar \u00een PowerFit, este acum inclus \u0219i \u00een nivelul Silver. Cu acest instrument, care este unic pe pia\u021b\u0103, ve\u021bi putea s\u0103 v\u0103 regla\u021bi \u0219i mai bine ap\u0103r\u0103torul de gur\u0103 OPRO!<\/p>\n<p>\u00cen plus, folose\u0219te tehnologia patentat\u0103, unic\u0103 de lamele Opro. Cu Opro, nu exist\u0103 gel \u00een interiorul \u00eenveli\u0219ului de protec\u021bie bucal\u0103, dar lamelele (aripioarele) ies \u00een afar\u0103. Aceste aripioare sunt apoi distribuite peste din\u021bi atunci c\u00e2nd sunt instalate \u00een ap\u0103 fierbinte \u0219i \u00eenf\u0103\u0219urate \u00een jurul bitului pentru o protec\u021bie maxim\u0103. Acest lucru previne ca potrivirea \u0219i confortul s\u0103 fie compromise de excesul de gel, care tinde s\u0103 se deplaseze \u00een lateral atunci c\u00e2nd se utilizeaz\u0103 t\u0103vi standard.<\/p>\n<p>Zonele de expansiune inovatoare (trei mici crest\u0103turi situate de-a lungul marginii ap\u0103r\u0103toarei) asigur\u0103, de asemenea, c\u0103 piesa bucal\u0103 se poate extinde pentru a g\u0103zdui un set larg de din\u021bi \u0219i se poate contracta pentru a g\u0103zdui un set \u00eengust de din\u021bi. Rezultatul este un dispozitiv de protec\u021bie de gur\u0103 perfect pentru toat\u0103 lumea.<\/p>\n<p>\u00cen plus, Opro-Silver vine cu un m\u00e2ner care v\u0103 permite s\u0103 scoate\u021bi cu u\u0219urin\u021b\u0103 ap\u0103r\u0103torul de gur\u0103 din apa fierbinte de m\u00e2ner. \u00cen plus, din\u021bii m\u00e2nerului v\u0103 asigur\u0103 c\u0103 nu pute\u021bi mu\u0219ca ap\u0103r\u0103torul de gur\u0103 atunci c\u00e2nd \u00eel regla\u021bi, astfel \u00eenc\u00e2t s\u0103 pute\u021bi ob\u021bine o potrivire perfect\u0103.<\/p>\n<p>Opro-Silver la din\u021bi cu presiune maxim\u0103 \u0219i mu\u0219c\u0103tur\u0103 maxim\u0103. Pe langa faptul ca iti protejeaza dintii, aparatul de gura Opro ofera si protectie ideala impotriva leziunilor maxilare si faciale, precum si impotriva contuziei.<\/p>\n<p>Montare: V\u0103 rug\u0103m s\u0103 urma\u021bi EXACT instruc\u021biunile de montare incluse pentru a asigura cea mai bun\u0103 potrivire a ap\u0103r\u0103toarei dumneavoastr\u0103.<br \/>\nInstruc\u021biunile incluse sunt disponibile \u00een englez\u0103, german\u0103, francez\u0103, italian\u0103 \u0219i spaniol\u0103. \u00cen plus, pe spatele pachetului este tip\u0103rit un cod QR cu un link c\u0103tre un videoclip pentru personalizare.<\/p>\n","protected":false},"excerpt":{"rendered":"<p>Cadrul perfect fit, inclus anterior doar \u00een PowerFit, este acum inclus \u0219i \u00een nivelul Silver. Cu acest instrument, care este<\/p>\n","protected":false},"featured_media":31674,"comment_status":"open","ping_status":"closed","template":"","meta":[],"product_brand":[],"product_cat":[517,757,882,875,527,773],"product_tag":[],"class_list":{"0":"post-25343","1":"product","2":"type-product","3":"status-publish","4":"has-post-thumbnail","6":"product_cat-adidas-box-ro","7":"product_cat-adidas-kickbox-ro","8":"product_cat-echipament-protectie-13","9":"product_cat-mmafreefight-thaiboxing","10":"product_cat-protectie-gura-ro-4","11":"product_cat-protectie-gura-ro-5","13":"first","14":"instock","15":"shipping-taxable","16":"purchasable","17":"product-type-simple"},"_links":{"self":[{"href":"https:\/\/adidascombat.md\/ro\/wp-json\/wp\/v2\/product\/25343","targetHints":{"allow":["GET"]}}],"collection":[{"href":"https:\/\/adidascombat.md\/ro\/wp-json\/wp\/v2\/product"}],"about":[{"href":"https:\/\/adidascombat.md\/ro\/wp-json\/wp\/v2\/types\/product"}],"replies":[{"embeddable":true,"href":"https:\/\/adidascombat.md\/ro\/wp-json\/wp\/v2\/comments?post=25343"}],"version-history":[{"count":2,"href":"https:\/\/adidascombat.md\/ro\/wp-json\/wp\/v2\/product\/25343\/revisions"}],"predecessor-version":[{"id":25346,"href":"https:\/\/adidascombat.md\/ro\/wp-json\/wp\/v2\/product\/25343\/revisions\/25346"}],"wp:featuredmedia":[{"embeddable":true,"href":"https:\/\/adidascombat.md\/ro\/wp-json\/wp\/v2\/media\/31674"}],"wp:attachment":[{"href":"https:\/\/adidascombat.md\/ro\/wp-json\/wp\/v2\/media?parent=25343"}],"wp:term":[{"taxonomy":"product_brand","embeddable":true,"href":"https:\/\/adidascombat.md\/ro\/wp-json\/wp\/v2\/product_brand?post=25343"},{"taxonomy":"product_cat","embeddable":true,"href":"https:\/\/adidascombat.md\/ro\/wp-json\/wp\/v2\/product_cat?post=25343"},{"taxonomy":"product_tag","embeddable":true,"href":"https:\/\/adidascombat.md\/ro\/wp-json\/wp\/v2\/product_tag?post=25343"}],"curies":[{"name":"wp","href":"https:\/\/api.w.org\/{rel}","templated":true}]}}