{"id":25396,"date":"2025-02-03T18:21:44","date_gmt":"2025-02-03T18:21:44","guid":{"rendered":"https:\/\/adidascombat.md\/product\/%d0%ba%d0%b0%d0%bf%d0%b0-shock-doctor-gel-max-%d1%80%d0%b0%d0%b7%d0%bd%d1%8b%d0%b5-%d1%86%d0%b2%d0%b5%d1%82%d0%b0\/"},"modified":"2025-02-03T18:23:56","modified_gmt":"2025-02-03T18:23:56","slug":"%d0%ba%d0%b0%d0%bf%d0%b0-shock-doctor-gel-max-%d1%80%d0%b0%d0%b7%d0%bd%d1%8b%d0%b5-%d1%86%d0%b2%d0%b5%d1%82%d0%b0","status":"publish","type":"product","link":"https:\/\/adidascombat.md\/ro\/Produs\/%d0%ba%d0%b0%d0%bf%d0%b0-shock-doctor-gel-max-%d1%80%d0%b0%d0%b7%d0%bd%d1%8b%d0%b5-%d1%86%d0%b2%d0%b5%d1%82%d0%b0\/","title":{"rendered":"Protectie gura Shock Doctor Gel Max &#8211;  diferite culori"},"content":{"rendered":"<p>Forma reglabil\u0103 asigur\u0103 o potrivire optim\u0103, astfel \u00eenc\u00e2t s\u0103 v\u0103 pute\u021bi concentra pe sportul dvs., nu pe men\u021binerea dispozitivului de protec\u021bie pentru gur\u0103 la loc. Cadrul de cauciuc extrem de eficient, cu tampoane \u00eencorporate pentru maxilare, ofer\u0103 protec\u021bie maxim\u0103 pentru din\u021bi, maxilar \u0219i creier. Construc\u021bie cu trei straturi cu canale de respira\u021bie integrate pentru protec\u021bie, sprijin \u0219i confort.<\/p>\n<p>Unul dintre cele mai bine v\u00e2ndute ap\u0103r\u0103tori de gur\u0103 din lume. Se adapteaz\u0103 la apa fierbinte (fierbe \u0219i cioc\u0103ni).<br \/>\nDisponibil pentru copii p\u00e2n\u0103 la 10 ani, precum \u0219i pentru adul\u021bi \u0219i adolescen\u021bi (de la 10 ani). Desigur, depinde \u00eentotdeauna de m\u0103rimea capului \u0219i de r\u00e2ndul de din\u021bi.<\/p>\n<p>Particularitati:<br \/>\n* Protectie optima a dintilor, maxilarului si creierului datorita amortizarii speciale oferite de plastic Kraton<br \/>\n* Materialul asem\u0103n\u0103tor gelului ofer\u0103 o amprent\u0103 precis\u0103 a dintelui \u0219i astfel evit\u0103 punctele de presiune nepl\u0103cute<br \/>\n* Adaptare individual\u0103 la bit<br \/>\n* Respira\u021bie u\u0219oar\u0103 posibil\u0103 \u00een timpul purt\u0103rii<\/p>\n","protected":false},"excerpt":{"rendered":"<p>Forma reglabil\u0103 asigur\u0103 o potrivire optim\u0103, astfel \u00eenc\u00e2t s\u0103 v\u0103 pute\u021bi concentra pe sportul dvs., nu pe men\u021binerea dispozitivului de<\/p>\n","protected":false},"featured_media":25394,"comment_status":"open","ping_status":"closed","template":"","meta":[],"product_brand":[],"product_cat":[517,882,875,527],"product_tag":[],"class_list":{"0":"post-25396","1":"product","2":"type-product","3":"status-publish","4":"has-post-thumbnail","6":"product_cat-adidas-box-ro","7":"product_cat-echipament-protectie-13","8":"product_cat-mmafreefight-thaiboxing","9":"product_cat-protectie-gura-ro-4","11":"first","12":"instock","13":"shipping-taxable","14":"purchasable","15":"product-type-variable"},"_links":{"self":[{"href":"https:\/\/adidascombat.md\/ro\/wp-json\/wp\/v2\/product\/25396","targetHints":{"allow":["GET"]}}],"collection":[{"href":"https:\/\/adidascombat.md\/ro\/wp-json\/wp\/v2\/product"}],"about":[{"href":"https:\/\/adidascombat.md\/ro\/wp-json\/wp\/v2\/types\/product"}],"replies":[{"embeddable":true,"href":"https:\/\/adidascombat.md\/ro\/wp-json\/wp\/v2\/comments?post=25396"}],"version-history":[{"count":1,"href":"https:\/\/adidascombat.md\/ro\/wp-json\/wp\/v2\/product\/25396\/revisions"}],"predecessor-version":[{"id":25407,"href":"https:\/\/adidascombat.md\/ro\/wp-json\/wp\/v2\/product\/25396\/revisions\/25407"}],"wp:featuredmedia":[{"embeddable":true,"href":"https:\/\/adidascombat.md\/ro\/wp-json\/wp\/v2\/media\/25394"}],"wp:attachment":[{"href":"https:\/\/adidascombat.md\/ro\/wp-json\/wp\/v2\/media?parent=25396"}],"wp:term":[{"taxonomy":"product_brand","embeddable":true,"href":"https:\/\/adidascombat.md\/ro\/wp-json\/wp\/v2\/product_brand?post=25396"},{"taxonomy":"product_cat","embeddable":true,"href":"https:\/\/adidascombat.md\/ro\/wp-json\/wp\/v2\/product_cat?post=25396"},{"taxonomy":"product_tag","embeddable":true,"href":"https:\/\/adidascombat.md\/ro\/wp-json\/wp\/v2\/product_tag?post=25396"}],"curies":[{"name":"wp","href":"https:\/\/api.w.org\/{rel}","templated":true}]}}