{"id":25519,"date":"2025-02-10T09:56:23","date_gmt":"2025-02-10T09:56:23","guid":{"rendered":"https:\/\/adidascombat.md\/product\/opro-%d0%ba%d0%b0%d0%bf%d0%b0-%d0%b7%d0%be%d0%bb%d0%be%d1%82%d1%8b%d0%b5-4-%d1%86%d0%b2%d0%b5%d1%82%d0%b0\/"},"modified":"2025-02-10T10:01:02","modified_gmt":"2025-02-10T10:01:02","slug":"opro-%d0%ba%d0%b0%d0%bf%d0%b0-%d0%b7%d0%be%d0%bb%d0%be%d1%82%d1%8b%d0%b5-4-%d1%86%d0%b2%d0%b5%d1%82%d0%b0","status":"publish","type":"product","link":"https:\/\/adidascombat.md\/ro\/Produs\/opro-%d0%ba%d0%b0%d0%bf%d0%b0-%d0%b7%d0%be%d0%bb%d0%be%d1%82%d1%8b%d0%b5-4-%d1%86%d0%b2%d0%b5%d1%82%d0%b0\/","title":{"rendered":"Protectie gur\u0103 OPRO Gold &#8211; 4 Culori"},"content":{"rendered":"<p>Ap\u0103r\u0103toarea bucal\u0103 cu dou\u0103 straturi de la Opro pentru purt\u0103torii de bretele are un strat exterior durabil pentru o protec\u021bie mai bun\u0103 la impact. Cu un amortizor de prindere proiectat revolu\u021bionar \u0219i nervuri scurte unice pentru o reglare precis\u0103.<\/p>\n<p>Sistemul de pedalier Perfect Fit, inclus anterior doar \u00een PowerFit, este acum inclus \u0219i \u00een nivelul Gold. Cu acest instrument, care este unic pe pia\u021b\u0103, ve\u021bi putea s\u0103 v\u0103 regla\u021bi \u0219i mai bine ap\u0103r\u0103torul de gur\u0103 OPRO!<\/p>\n<p>Zonele inovatoare de \u00eentindere (trei mici ad\u00e2ncituri situate de-a lungul marginii ap\u0103r\u0103toarei) asigur\u0103 c\u0103 corpul se poate extinde cu un set larg de din\u021bi \u0219i se poate contracta cu un v\u00e2rf \u00eengust. Rezultatul este un dispozitiv de protec\u021bie de gur\u0103 perfect pentru toat\u0103 lumea.<\/p>\n<p>\u00cen plus, ap\u0103r\u0103torul de gur\u0103 Opro-Gold vine cu un m\u00e2ner care v\u0103 permite s\u0103 scoate\u021bi cu u\u0219urin\u021b\u0103 ap\u0103r\u0103torul de gur\u0103 din apa fierbinte, cu ajutorul m\u00e2nerului. \u00cen plus, din\u021bii m\u00e2nerului v\u0103 asigur\u0103 c\u0103 nu pute\u021bi mu\u0219ca ap\u0103r\u0103torul de gur\u0103 atunci c\u00e2nd \u00eel regla\u021bi, astfel \u00eenc\u00e2t s\u0103 pute\u021bi ob\u021bine o potrivire perfect\u0103.<\/p>\n<p>Opro-Gold p\u00e2n\u0103 la din\u021bi cu presiune maxim\u0103 \u0219i mu\u0219c\u0103tur\u0103 maxim\u0103. Pe langa faptul ca iti protejeaza dintii, aparatul de gura Opro ofera si protectie ideala impotriva leziunilor maxilare si faciale, precum si impotriva contuziei.<\/p>\n<p>Montare: V\u0103 rug\u0103m s\u0103 urma\u021bi EXACT instruc\u021biunile de montare incluse pentru a asigura cea mai bun\u0103 potrivire a dispozitivului de protec\u021bie de gur\u0103.<br \/>\nInstruc\u021biunile incluse sunt disponibile \u00een englez\u0103, german\u0103, francez\u0103, italian\u0103 \u0219i spaniol\u0103. \u00cen plus, pe spatele pachetului este tip\u0103rit un cod QR cu un link c\u0103tre un videoclip pentru personalizare.<\/p>\n<p>Include cutie de protec\u021bie bucal\u0103 pentru \u00eenchidere sigur\u0103 \u0219i g\u0103uri de ventila\u021bie<br \/>\nInstruc\u021biunile sunt \u0219i \u00een german\u0103 (asigura\u021bi-v\u0103 c\u0103 le urma\u021bi cu aten\u021bie)<br \/>\nNivel Aur: protec\u021bie excelent\u0103 pentru toate sporturile de contact, cum ar fi artele mar\u021biale, rugby, fotbal, handbal, baschet, hochei, lacrosse \u0219i multe altele<br \/>\nOpro este sponsorul oficial al echipei na\u021bionale de rugby a Angliei, al echipei na\u021bionale de hochei a Angliei \u0219i al multor sportivi individuali.<br \/>\nfabricat in Anglia<\/p>\n<p>Aici \u00een versiunea mai veche de 9 ani<br \/>\nfara latex<\/p>\n","protected":false},"excerpt":{"rendered":"<p>Ap\u0103r\u0103toarea bucal\u0103 cu dou\u0103 straturi de la Opro pentru purt\u0103torii de bretele are un strat exterior durabil pentru o protec\u021bie<\/p>\n","protected":false},"featured_media":25515,"comment_status":"open","ping_status":"closed","template":"","meta":[],"product_brand":[],"product_cat":[517,757,882,875,773,527],"product_tag":[],"class_list":{"0":"post-25519","1":"product","2":"type-product","3":"status-publish","4":"has-post-thumbnail","6":"product_cat-adidas-box-ro","7":"product_cat-adidas-kickbox-ro","8":"product_cat-echipament-protectie-13","9":"product_cat-mmafreefight-thaiboxing","10":"product_cat-protectie-gura-ro-5","11":"product_cat-protectie-gura-ro-4","13":"first","14":"instock","15":"shipping-taxable","16":"purchasable","17":"product-type-variable"},"_links":{"self":[{"href":"https:\/\/adidascombat.md\/ro\/wp-json\/wp\/v2\/product\/25519","targetHints":{"allow":["GET"]}}],"collection":[{"href":"https:\/\/adidascombat.md\/ro\/wp-json\/wp\/v2\/product"}],"about":[{"href":"https:\/\/adidascombat.md\/ro\/wp-json\/wp\/v2\/types\/product"}],"replies":[{"embeddable":true,"href":"https:\/\/adidascombat.md\/ro\/wp-json\/wp\/v2\/comments?post=25519"}],"version-history":[{"count":1,"href":"https:\/\/adidascombat.md\/ro\/wp-json\/wp\/v2\/product\/25519\/revisions"}],"predecessor-version":[{"id":25524,"href":"https:\/\/adidascombat.md\/ro\/wp-json\/wp\/v2\/product\/25519\/revisions\/25524"}],"wp:featuredmedia":[{"embeddable":true,"href":"https:\/\/adidascombat.md\/ro\/wp-json\/wp\/v2\/media\/25515"}],"wp:attachment":[{"href":"https:\/\/adidascombat.md\/ro\/wp-json\/wp\/v2\/media?parent=25519"}],"wp:term":[{"taxonomy":"product_brand","embeddable":true,"href":"https:\/\/adidascombat.md\/ro\/wp-json\/wp\/v2\/product_brand?post=25519"},{"taxonomy":"product_cat","embeddable":true,"href":"https:\/\/adidascombat.md\/ro\/wp-json\/wp\/v2\/product_cat?post=25519"},{"taxonomy":"product_tag","embeddable":true,"href":"https:\/\/adidascombat.md\/ro\/wp-json\/wp\/v2\/product_tag?post=25519"}],"curies":[{"name":"wp","href":"https:\/\/api.w.org\/{rel}","templated":true}]}}