{"id":25585,"date":"2025-02-10T10:24:38","date_gmt":"2025-02-10T10:24:38","guid":{"rendered":"https:\/\/adidascombat.md\/product\/opro-%d0%ba%d0%b0%d0%bf%d0%b0-powerfit-%d1%82%d0%b5%d0%bc%d0%bd%d0%be-%d1%81%d0%b8%d0%bd%d0%b8%d0%b9-%d0%b7%d0%be%d0%bb%d0%be%d1%82%d0%be%d0%b9\/"},"modified":"2025-02-10T10:25:59","modified_gmt":"2025-02-10T10:25:59","slug":"opro-%d0%ba%d0%b0%d0%bf%d0%b0-powerfit-%d1%82%d0%b5%d0%bc%d0%bd%d0%be-%d1%81%d0%b8%d0%bd%d0%b8%d0%b9-%d0%b7%d0%be%d0%bb%d0%be%d1%82%d0%be%d0%b9","status":"publish","type":"product","link":"https:\/\/adidascombat.md\/ro\/Produs\/opro-%d0%ba%d0%b0%d0%bf%d0%b0-powerfit-%d1%82%d0%b5%d0%bc%d0%bd%d0%be-%d1%81%d0%b8%d0%bd%d0%b8%d0%b9-%d0%b7%d0%be%d0%bb%d0%be%d1%82%d0%be%d0%b9\/","title":{"rendered":"Protectie gur\u0103 OPRO PowerFit Albastru \u00eenchis\/Auriu"},"content":{"rendered":"<p>OPRO PowerFit este un tip complet nou de ap\u0103r\u0103tor de gur\u0103. \u00cen 2018, acest ap\u0103r\u0103tor a primit ISPO Gold Award, cel mai \u00eenalt premiu pentru echipament sportiv din partea juriului celei mai mari expozi\u021bii sportive din lume. Inova\u021bia PowerFit este metoda sa unic\u0103 de montare, care asigur\u0103 c\u0103 potrivirea \u0219i confortul PowerFit sunt c\u00e2t mai aproape posibil de ap\u0103r\u0103torul de gur\u0103 Custom Fit, de exemplu. aparatur\u0103 de gur\u0103 pe care medicul dentist \u00eel va selecta special pentru tine, a\u0219a c\u0103 este pu\u021bin probabil s\u0103 observi diferen\u021ba. Cele dou\u0103 suporturi incluse sunt plasate \u00een jurul t\u0103vii \u00een timpul ajust\u0103rii. Dup\u0103 \u00eenc\u0103lzire \u00eentr-o baie de ap\u0103, apoi mu\u0219ca\u021bi \u00een ap\u0103r\u0103toarea bucal\u0103 cu din\u021bii maxilarului superior \u0219i mu\u0219ca\u021bi bracketul alb. Aceasta \u00eenseamn\u0103 c\u0103 nu exist\u0103 nicio deteriorare a ap\u0103r\u0103toarei de dedesubt care s\u0103 v\u0103 deranjeze mai t\u00e2rziu. \u00cen plus, din\u021bii bracket-ului alb se \u00eenchid \u00een jurul din\u021bilor bracket-ului negru unde se afl\u0103 alinierea. Ace\u0219ti din\u021bi, la r\u00e2ndul lor, se potrivesc foarte str\u00e2ns \u00een jurul ap\u0103r\u0103toarei \u0219i se \u00eengusteaz\u0103 pe m\u0103sur\u0103 ce mu\u0219c\u0103tura ta se mi\u0219c\u0103 \u00een jurul ap\u0103r\u0103toarei. Drept urmare, PowerFit se potrive\u0219te perfect \u00een jurul din\u021bilor t\u0103i \u0219i se potrive\u0219te ca o m\u0103nu\u0219\u0103.<\/p>\n<p>Aparat de gur\u0103 Opro cu trei straturi, cu un strat exterior durabil pentru o mai mare protec\u021bie la impact, un strat interior flexibil pentru confort \u0219i adaptare \u0219i \u201eAir Spacers\u201d pentru un efect maxim de amortizare cu o protec\u021bie mai bun\u0103.<\/p>\n<p>Aici intervine tehnologia patentat\u0103, unic\u0103 a lamelor Opro. Cu Opro, nu exist\u0103 gel \u00een interiorul \u00eenveli\u0219ului de protec\u021bie bucal\u0103, dar lamelele (aripioarele) ies \u00een afar\u0103. Aceste aripioare sunt apoi distribuite peste din\u021bi atunci c\u00e2nd sunt instalate \u00een ap\u0103 fierbinte \u0219i \u00eenf\u0103\u0219urate \u00een jurul bitului pentru o protec\u021bie maxim\u0103. Acest lucru previne ca potrivirea \u0219i confortul s\u0103 fie compromise de excesul de gel, care tinde s\u0103 se deplaseze \u00een lateral atunci c\u00e2nd se utilizeaz\u0103 t\u0103vi standard.<\/p>\n<p>Zonele inovatoare de \u00eentindere (trei crest\u0103turi mici distribuite \u00een jurul marginii ap\u0103r\u0103toarei) asigur\u0103, de asemenea, c\u0103 coaja se poate extinde printr-un set larg de din\u021bi \u0219i se poate contracta printr-un v\u00e2rf \u00eengust. Rezultatul este un dispozitiv de protec\u021bie de gur\u0103 perfect pentru toat\u0103 lumea.<\/p>\n<p>Pe langa faptul ca iti protejeaza dintii, aparatul de gura Opro ofera si protectie ideala impotriva leziunilor maxilare si faciale, precum si impotriva contuziei.<\/p>\n<p>Montare: V\u0103 rug\u0103m s\u0103 urma\u021bi EXACT instruc\u021biunile de montare incluse pentru a asigura cea mai bun\u0103 potrivire a ap\u0103r\u0103toarei dumneavoastr\u0103.<br \/>\nInstruc\u021biunile incluse sunt disponibile \u00een englez\u0103, german\u0103, francez\u0103, italian\u0103 \u0219i spaniol\u0103. \u00cen plus, pe spatele pachetului este tip\u0103rit un cod QR cu un link c\u0103tre un videoclip pentru personalizare.<\/p>\n<p>Desigur, o cutie grozav\u0103 cu un capac cu \u0219urub de \u00eencredere este inclus\u0103 aici \u00een versiunea mai veche de peste 10 ani, nu se potrive\u0219te<br \/>\npentru bretele f\u0103r\u0103 latex<\/p>\n<p>Particularitati:<br \/>\nInclude cutie de protec\u021bie bucal\u0103 pentru \u00eenchidere sigur\u0103 \u0219i g\u0103uri de ventila\u021bie<br \/>\nInstruc\u021biunile sunt \u0219i \u00een german\u0103 (asigura\u021bi-v\u0103 c\u0103 le urma\u021bi cu aten\u021bie)<br \/>\nNivel aur: protec\u021bie excelent\u0103 pentru toate sporturile de contact, cum ar fi artele mar\u021biale, rugby, fotbal, handbal, baschet, hochei, lacrosse \u0219i multe altele<br \/>\nOpro este sponsorul oficial al echipei na\u021bionale de rugby a Angliei, al echipei na\u021bionale de hochei a Angliei \u0219i al multor sportivi individuali.<br \/>\nfabricat in Anglia<\/p>\n","protected":false},"excerpt":{"rendered":"<p>OPRO PowerFit este un tip complet nou de ap\u0103r\u0103tor de gur\u0103. \u00cen 2018, acest ap\u0103r\u0103tor a primit ISPO Gold Award,<\/p>\n","protected":false},"featured_media":25571,"comment_status":"open","ping_status":"closed","template":"","meta":[],"product_brand":[],"product_cat":[517,757,882,875,773,527],"product_tag":[],"class_list":{"0":"post-25585","1":"product","2":"type-product","3":"status-publish","4":"has-post-thumbnail","6":"product_cat-adidas-box-ro","7":"product_cat-adidas-kickbox-ro","8":"product_cat-echipament-protectie-13","9":"product_cat-mmafreefight-thaiboxing","10":"product_cat-protectie-gura-ro-5","11":"product_cat-protectie-gura-ro-4","13":"first","14":"instock","15":"shipping-taxable","16":"purchasable","17":"product-type-simple"},"_links":{"self":[{"href":"https:\/\/adidascombat.md\/ro\/wp-json\/wp\/v2\/product\/25585","targetHints":{"allow":["GET"]}}],"collection":[{"href":"https:\/\/adidascombat.md\/ro\/wp-json\/wp\/v2\/product"}],"about":[{"href":"https:\/\/adidascombat.md\/ro\/wp-json\/wp\/v2\/types\/product"}],"replies":[{"embeddable":true,"href":"https:\/\/adidascombat.md\/ro\/wp-json\/wp\/v2\/comments?post=25585"}],"version-history":[{"count":1,"href":"https:\/\/adidascombat.md\/ro\/wp-json\/wp\/v2\/product\/25585\/revisions"}],"predecessor-version":[{"id":25586,"href":"https:\/\/adidascombat.md\/ro\/wp-json\/wp\/v2\/product\/25585\/revisions\/25586"}],"wp:featuredmedia":[{"embeddable":true,"href":"https:\/\/adidascombat.md\/ro\/wp-json\/wp\/v2\/media\/25571"}],"wp:attachment":[{"href":"https:\/\/adidascombat.md\/ro\/wp-json\/wp\/v2\/media?parent=25585"}],"wp:term":[{"taxonomy":"product_brand","embeddable":true,"href":"https:\/\/adidascombat.md\/ro\/wp-json\/wp\/v2\/product_brand?post=25585"},{"taxonomy":"product_cat","embeddable":true,"href":"https:\/\/adidascombat.md\/ro\/wp-json\/wp\/v2\/product_cat?post=25585"},{"taxonomy":"product_tag","embeddable":true,"href":"https:\/\/adidascombat.md\/ro\/wp-json\/wp\/v2\/product_tag?post=25585"}],"curies":[{"name":"wp","href":"https:\/\/api.w.org\/{rel}","templated":true}]}}