{"id":25619,"date":"2025-02-10T10:50:29","date_gmt":"2025-02-10T10:50:29","guid":{"rendered":"https:\/\/adidascombat.md\/product\/opro-ufc-%d0%ba%d0%b0%d0%bf%d0%b0-instant-custom-fit-senior\/"},"modified":"2025-02-10T10:52:26","modified_gmt":"2025-02-10T10:52:26","slug":"opro-ufc-%d0%ba%d0%b0%d0%bf%d0%b0-instant-custom-fit-senior","status":"publish","type":"product","link":"https:\/\/adidascombat.md\/ro\/Produs\/opro-ufc-%d0%ba%d0%b0%d0%bf%d0%b0-instant-custom-fit-senior\/","title":{"rendered":"Protectie gur\u0103 OPRO UFC Instant Custom Fit Senior"},"content":{"rendered":"<p>OPRO Instant Custom Fit este un tip complet nou de ap\u0103r\u0103tor de gur\u0103.<\/p>\n<p>Intant Custom Fit este o dezvoltare ulterioar\u0103 a OPRO PowerFit, care era \u00een prezent lider de pia\u021b\u0103.<br \/>\nInstant Custom-Fit ofer\u0103 potrivire \u0219i confort de calitate la dentist. Construc\u021bia cu trei straturi, tehnologia patentat\u0103 cu lame \u0219i cadrul nostru de compresie patentat cu tehnologie Hyperflex ofer\u0103 cel mai \u00eenalt nivel de protec\u021bie \u00eempotriva deterior\u0103rii. OPRO Intant Custom Fit este purtat de sportivii profesioni\u0219ti din \u00eentreaga lume.<\/p>\n<p>Inova\u021bia Instant Custom Fit este un tip unic de ajustare care asigur\u0103 potrivirea \u0219i confortul ap\u0103r\u0103toarei de gur\u0103 s\u0103 fie c\u00e2t mai apropiate de cele ale unui ap\u0103r\u0103tor de gur\u0103 Custom Fit. aparatur\u0103 de gur\u0103 pe care dentistul o selecteaz\u0103 special pentru tine, a\u0219a c\u0103 este pu\u021bin probabil s\u0103 observi diferen\u021ba. Cele dou\u0103 suporturi incluse sunt plasate \u00een jurul t\u0103vii \u00een timpul ajust\u0103rii. Dup\u0103 \u00eenc\u0103lzire \u00eentr-o baie de ap\u0103, apoi mu\u0219ca\u021bi \u00een ap\u0103r\u0103toarea bucal\u0103 cu din\u021bii maxilarului superior \u0219i mu\u0219ca\u021bi bracketul alb. Aceasta \u00eenseamn\u0103 c\u0103 nu exist\u0103 nicio deteriorare a ap\u0103r\u0103toarei de dedesubt care s\u0103 v\u0103 deranjeze mai t\u00e2rziu. \u00cen plus, din\u021bii bracket-ului alb se \u00eenchid \u00een jurul din\u021bilor bracket-ului negru unde se afl\u0103 alinierea. Ace\u0219ti din\u021bi, la r\u00e2ndul lor, se potrivesc foarte str\u00e2ns \u00een jurul ap\u0103r\u0103toarei \u0219i se \u00eengusteaz\u0103 pe m\u0103sur\u0103 ce mu\u0219c\u0103tura ta se mi\u0219c\u0103 \u00een jurul ap\u0103r\u0103toarei. Drept urmare, PowerFit se potrive\u0219te perfect \u00een jurul din\u021bilor t\u0103i \u0219i se potrive\u0219te ca o m\u0103nu\u0219\u0103.<\/p>\n<p>Aparat de gur\u0103 Opro cu trei straturi, cu un strat exterior durabil pentru o mai mare protec\u021bie la impact, un strat interior flexibil pentru confort \u0219i adaptare \u0219i \u201eAir Spacers\u201d pentru un efect maxim de amortizare cu o protec\u021bie mai bun\u0103.<\/p>\n<p>Aici intervine tehnologia patentat\u0103, unic\u0103 a lamelelor Opro. Cu Opro, nu exist\u0103 gel \u00een interiorul \u00eenveli\u0219ului de protec\u021bie bucal\u0103, dar ies lamele (aripioare). Aceste aripioare sunt apoi distribuite peste din\u021bi atunci c\u00e2nd sunt instalate \u00een ap\u0103 fierbinte \u0219i \u00eenf\u0103\u0219urate \u00een jurul bitului pentru o protec\u021bie maxim\u0103. Acest lucru previne ca potrivirea \u0219i confortul s\u0103 fie compromise de excesul de gel, care tinde s\u0103 se deplaseze \u00een lateral atunci c\u00e2nd se utilizeaz\u0103 t\u0103vi standard.<\/p>\n<p>Zonele de expansiune inovatoare (trei mici crest\u0103turi situate de-a lungul marginii ap\u0103r\u0103toarei) asigur\u0103, de asemenea, c\u0103 piesa bucal\u0103 se poate extinde pentru a g\u0103zdui un set larg de din\u021bi \u0219i se poate contracta pentru a g\u0103zdui un set \u00eengust de din\u021bi. Rezultatul este un dispozitiv de protec\u021bie de gur\u0103 perfect pentru toat\u0103 lumea.<\/p>\n<p>Pe langa faptul ca iti protejeaza dintii, aparatul de gura Opro ofera si protectie ideala impotriva leziunilor maxilare si faciale, precum si impotriva contuziei.<\/p>\n<p>Montare: V\u0103 rug\u0103m s\u0103 urma\u021bi EXACT instruc\u021biunile de montare incluse pentru a asigura cea mai bun\u0103 potrivire a dispozitivului de protec\u021bie de gur\u0103.<br \/>\nInstruc\u021biunile incluse sunt disponibile \u00een englez\u0103, german\u0103, francez\u0103, italian\u0103 \u0219i spaniol\u0103. \u00cen plus, pe spatele pachetului este tip\u0103rit un cod QR cu un link c\u0103tre un videoclip pentru personalizare.<\/p>\n<p>Desigur, este inclus\u0103 o cutie grozav\u0103 cu o potrivire sigur\u0103<br \/>\naici \u00een versiunea mai veche de peste 10 ani<\/p>\n","protected":false},"excerpt":{"rendered":"<p>OPRO Instant Custom Fit este un tip complet nou de ap\u0103r\u0103tor de gur\u0103. Intant Custom Fit este o dezvoltare ulterioar\u0103<\/p>\n","protected":false},"featured_media":25617,"comment_status":"open","ping_status":"closed","template":"","meta":[],"product_brand":[],"product_cat":[517,757,882,875,527,773],"product_tag":[],"class_list":{"0":"post-25619","1":"product","2":"type-product","3":"status-publish","4":"has-post-thumbnail","6":"product_cat-adidas-box-ro","7":"product_cat-adidas-kickbox-ro","8":"product_cat-echipament-protectie-13","9":"product_cat-mmafreefight-thaiboxing","10":"product_cat-protectie-gura-ro-4","11":"product_cat-protectie-gura-ro-5","13":"first","14":"instock","15":"shipping-taxable","16":"purchasable","17":"product-type-variable"},"_links":{"self":[{"href":"https:\/\/adidascombat.md\/ro\/wp-json\/wp\/v2\/product\/25619","targetHints":{"allow":["GET"]}}],"collection":[{"href":"https:\/\/adidascombat.md\/ro\/wp-json\/wp\/v2\/product"}],"about":[{"href":"https:\/\/adidascombat.md\/ro\/wp-json\/wp\/v2\/types\/product"}],"replies":[{"embeddable":true,"href":"https:\/\/adidascombat.md\/ro\/wp-json\/wp\/v2\/comments?post=25619"}],"version-history":[{"count":1,"href":"https:\/\/adidascombat.md\/ro\/wp-json\/wp\/v2\/product\/25619\/revisions"}],"predecessor-version":[{"id":25623,"href":"https:\/\/adidascombat.md\/ro\/wp-json\/wp\/v2\/product\/25619\/revisions\/25623"}],"wp:featuredmedia":[{"embeddable":true,"href":"https:\/\/adidascombat.md\/ro\/wp-json\/wp\/v2\/media\/25617"}],"wp:attachment":[{"href":"https:\/\/adidascombat.md\/ro\/wp-json\/wp\/v2\/media?parent=25619"}],"wp:term":[{"taxonomy":"product_brand","embeddable":true,"href":"https:\/\/adidascombat.md\/ro\/wp-json\/wp\/v2\/product_brand?post=25619"},{"taxonomy":"product_cat","embeddable":true,"href":"https:\/\/adidascombat.md\/ro\/wp-json\/wp\/v2\/product_cat?post=25619"},{"taxonomy":"product_tag","embeddable":true,"href":"https:\/\/adidascombat.md\/ro\/wp-json\/wp\/v2\/product_tag?post=25619"}],"curies":[{"name":"wp","href":"https:\/\/api.w.org\/{rel}","templated":true}]}}