{"id":25855,"date":"2025-02-20T17:05:10","date_gmt":"2025-02-20T17:05:10","guid":{"rendered":"https:\/\/adidascombat.md\/product\/adidas-%d0%b2%d0%bd%d1%83%d1%82%d1%80%d0%b5%d0%bd%d0%bd%d0%b8%d0%b5-%d0%bf%d0%b5%d1%80%d1%87%d0%b0%d1%82%d0%ba%d0%b8-speed-%d0%b2%d0%bd%d1%83%d1%82%d1%80%d0%b5%d0%bd%d0%bd%d1%8f%d1%8f-%d0%bf%d0%b5\/"},"modified":"2025-02-20T17:13:07","modified_gmt":"2025-02-20T17:13:07","slug":"adidas-%d0%b2%d0%bd%d1%83%d1%82%d1%80%d0%b5%d0%bd%d0%bd%d0%b8%d0%b5-%d0%bf%d0%b5%d1%80%d1%87%d0%b0%d1%82%d0%ba%d0%b8-speed-%d0%b2%d0%bd%d1%83%d1%82%d1%80%d0%b5%d0%bd%d0%bd%d1%8f%d1%8f-%d0%bf%d0%b5","status":"publish","type":"product","link":"https:\/\/adidascombat.md\/ro\/Produs\/adidas-%d0%b2%d0%bd%d1%83%d1%82%d1%80%d0%b5%d0%bd%d0%bd%d0%b8%d0%b5-%d0%bf%d0%b5%d1%80%d1%87%d0%b0%d1%82%d0%ba%d0%b8-speed-%d0%b2%d0%bd%d1%83%d1%82%d1%80%d0%b5%d0%bd%d0%bd%d1%8f%d1%8f-%d0%bf%d0%b5\/","title":{"rendered":"M\u0103nu\u0219i interioare adidas Speed \u200b\u200b\u200b\u200bInner Glove, adiSBP022"},"content":{"rendered":"<p>M\u0103nu\u0219i interioare de box de la adidas pentru o potrivire slip-on u\u0219oar\u0103. Aici nu este necesar s\u0103 \u00eenf\u0103\u0219ura\u021bi bandajul pentru o lung\u0103 perioad\u0103 de timp, pute\u021bi \u00eencepe s\u0103 v\u0103 antrena\u021bi imediat! Desigur, m\u0103nu\u0219ile Speed \u200b\u200b\u200b\u200bInner sunt lavabile la ma\u0219in\u0103, asigur\u00e2ndu-v\u0103 c\u0103 sunte\u021bi igienizat.<\/p>\n<p>Material: 80% poliester, 20% elastan<br \/>\ndegetul mare deschis<\/p>\n","protected":false},"excerpt":{"rendered":"<p>M\u0103nu\u0219i interioare de box de la adidas pentru o potrivire slip-on u\u0219oar\u0103. Aici nu este necesar s\u0103 \u00eenf\u0103\u0219ura\u021bi bandajul pentru<\/p>\n","protected":false},"featured_media":25853,"comment_status":"open","ping_status":"closed","template":"","meta":[],"product_brand":[],"product_cat":[517,529],"product_tag":[],"class_list":{"0":"post-25855","1":"product","2":"type-product","3":"status-publish","4":"has-post-thumbnail","6":"product_cat-adidas-box-ro","7":"product_cat-bandaje-ro-4","9":"first","10":"instock","11":"shipping-taxable","12":"purchasable","13":"product-type-variable"},"_links":{"self":[{"href":"https:\/\/adidascombat.md\/ro\/wp-json\/wp\/v2\/product\/25855","targetHints":{"allow":["GET"]}}],"collection":[{"href":"https:\/\/adidascombat.md\/ro\/wp-json\/wp\/v2\/product"}],"about":[{"href":"https:\/\/adidascombat.md\/ro\/wp-json\/wp\/v2\/types\/product"}],"replies":[{"embeddable":true,"href":"https:\/\/adidascombat.md\/ro\/wp-json\/wp\/v2\/comments?post=25855"}],"version-history":[{"count":2,"href":"https:\/\/adidascombat.md\/ro\/wp-json\/wp\/v2\/product\/25855\/revisions"}],"predecessor-version":[{"id":25859,"href":"https:\/\/adidascombat.md\/ro\/wp-json\/wp\/v2\/product\/25855\/revisions\/25859"}],"wp:featuredmedia":[{"embeddable":true,"href":"https:\/\/adidascombat.md\/ro\/wp-json\/wp\/v2\/media\/25853"}],"wp:attachment":[{"href":"https:\/\/adidascombat.md\/ro\/wp-json\/wp\/v2\/media?parent=25855"}],"wp:term":[{"taxonomy":"product_brand","embeddable":true,"href":"https:\/\/adidascombat.md\/ro\/wp-json\/wp\/v2\/product_brand?post=25855"},{"taxonomy":"product_cat","embeddable":true,"href":"https:\/\/adidascombat.md\/ro\/wp-json\/wp\/v2\/product_cat?post=25855"},{"taxonomy":"product_tag","embeddable":true,"href":"https:\/\/adidascombat.md\/ro\/wp-json\/wp\/v2\/product_tag?post=25855"}],"curies":[{"name":"wp","href":"https:\/\/api.w.org\/{rel}","templated":true}]}}