{"id":25876,"date":"2025-02-20T17:29:39","date_gmt":"2025-02-20T17:29:39","guid":{"rendered":"https:\/\/adidascombat.md\/product\/ju-sports-%d0%bf%d1%80%d0%be%d1%84%d0%b5%d1%81%d1%81%d0%b8%d0%be%d0%bd%d0%b0%d0%bb%d1%8c%d0%bd%d1%8b%d0%b5-%d0%b1%d0%be%d0%ba%d1%81%d0%b5%d1%80%d1%81%d0%ba%d0%b8%d0%b5-%d0%b1%d0%b8%d0%bd%d1%82%d1%8b-5\/"},"modified":"2025-02-20T17:36:21","modified_gmt":"2025-02-20T17:36:21","slug":"ju-sports-%d0%bf%d1%80%d0%be%d1%84%d0%b5%d1%81%d1%81%d0%b8%d0%be%d0%bd%d0%b0%d0%bb%d1%8c%d0%bd%d1%8b%d0%b5-%d0%b1%d0%be%d0%ba%d1%81%d0%b5%d1%80%d1%81%d0%ba%d0%b8%d0%b5-%d0%b1%d0%b8%d0%bd%d1%82%d1%8b-5","status":"publish","type":"product","link":"https:\/\/adidascombat.md\/ro\/Produs\/ju-sports-%d0%bf%d1%80%d0%be%d1%84%d0%b5%d1%81%d1%81%d0%b8%d0%be%d0%bd%d0%b0%d0%bb%d1%8c%d0%bd%d1%8b%d0%b5-%d0%b1%d0%be%d0%ba%d1%81%d0%b5%d1%80%d1%81%d0%ba%d0%b8%d0%b5-%d0%b1%d0%b8%d0%bd%d1%82%d1%8b-5\/","title":{"rendered":"Ju-Sports Professional Boxing Wraps 5m elastic"},"content":{"rendered":"<p>Bandaje de box profesionale, elastice, cu dimensiuni profesionale. Pentru a v\u0103 proteja m\u00e2na de r\u0103ni \u0219i pentru a v\u0103 proteja echipamentul de transpira\u021bie \u0219i uzur\u0103.<\/p>\n<p>5 metri lungime<br \/>\ncu bucla pentru degetul mare<br \/>\nnegru<br \/>\ncu inchidere Velcro<\/p>\n","protected":false},"excerpt":{"rendered":"<p>Bandaje de box profesionale, elastice, cu dimensiuni profesionale. Pentru a v\u0103 proteja m\u00e2na de r\u0103ni \u0219i pentru a v\u0103 proteja<\/p>\n","protected":false},"featured_media":25862,"comment_status":"open","ping_status":"closed","template":"","meta":[],"product_brand":[],"product_cat":[884,517,529,875],"product_tag":[],"class_list":{"0":"post-25876","1":"product","2":"type-product","3":"status-publish","4":"has-post-thumbnail","6":"product_cat-accesorii-13","7":"product_cat-adidas-box-ro","8":"product_cat-bandaje-ro-4","9":"product_cat-mmafreefight-thaiboxing","11":"first","12":"instock","13":"shipping-taxable","14":"purchasable","15":"product-type-simple"},"_links":{"self":[{"href":"https:\/\/adidascombat.md\/ro\/wp-json\/wp\/v2\/product\/25876","targetHints":{"allow":["GET"]}}],"collection":[{"href":"https:\/\/adidascombat.md\/ro\/wp-json\/wp\/v2\/product"}],"about":[{"href":"https:\/\/adidascombat.md\/ro\/wp-json\/wp\/v2\/types\/product"}],"replies":[{"embeddable":true,"href":"https:\/\/adidascombat.md\/ro\/wp-json\/wp\/v2\/comments?post=25876"}],"version-history":[{"count":2,"href":"https:\/\/adidascombat.md\/ro\/wp-json\/wp\/v2\/product\/25876\/revisions"}],"predecessor-version":[{"id":25878,"href":"https:\/\/adidascombat.md\/ro\/wp-json\/wp\/v2\/product\/25876\/revisions\/25878"}],"wp:featuredmedia":[{"embeddable":true,"href":"https:\/\/adidascombat.md\/ro\/wp-json\/wp\/v2\/media\/25862"}],"wp:attachment":[{"href":"https:\/\/adidascombat.md\/ro\/wp-json\/wp\/v2\/media?parent=25876"}],"wp:term":[{"taxonomy":"product_brand","embeddable":true,"href":"https:\/\/adidascombat.md\/ro\/wp-json\/wp\/v2\/product_brand?post=25876"},{"taxonomy":"product_cat","embeddable":true,"href":"https:\/\/adidascombat.md\/ro\/wp-json\/wp\/v2\/product_cat?post=25876"},{"taxonomy":"product_tag","embeddable":true,"href":"https:\/\/adidascombat.md\/ro\/wp-json\/wp\/v2\/product_tag?post=25876"}],"curies":[{"name":"wp","href":"https:\/\/api.w.org\/{rel}","templated":true}]}}