{"id":25973,"date":"2025-02-21T08:44:47","date_gmt":"2025-02-21T08:44:47","guid":{"rendered":"https:\/\/adidascombat.md\/product\/%d0%b1%d0%be%d0%ba%d1%81%d0%b5%d1%80%d1%81%d0%ba%d0%b8%d0%b9-%d0%b1%d0%b0%d0%bd%d0%b4%d0%b0%d0%b6-adidas-355-%d0%bc-adibp03-35-%d0%bc\/"},"modified":"2025-02-21T08:47:42","modified_gmt":"2025-02-21T08:47:42","slug":"%d0%b1%d0%be%d0%ba%d1%81%d0%b5%d1%80%d1%81%d0%ba%d0%b8%d0%b9-%d0%b1%d0%b0%d0%bd%d0%b4%d0%b0%d0%b6-adidas-355-%d0%bc-adibp03-35-%d0%bc","status":"publish","type":"product","link":"https:\/\/adidascombat.md\/ro\/Produs\/%d0%b1%d0%be%d0%ba%d1%81%d0%b5%d1%80%d1%81%d0%ba%d0%b8%d0%b9-%d0%b1%d0%b0%d0%bd%d0%b4%d0%b0%d0%b6-adidas-355-%d0%bc-adibp03-35-%d0%bc\/","title":{"rendered":"Bandaj box adidas 3.55m ADIBP03 3.5m"},"content":{"rendered":"<p>Materialul moale \u0219i elastic al adidas Boxing Crepe asigur\u0103 o potrivire perfect\u0103 pe bra\u021b. Cureaua cu velcro asigur\u0103 o potrivire sigur\u0103. Adidas Boxing Crepe este disponibil \u00een 5 culori diferite \u0219i \u00een lungimi de 2,55 m \u0219i 3,50 m.<\/p>\n<ul>\n<li>\u00a0\u021aes\u0103tur\u0103 elastic\u0103 100% moale<\/li>\n<li>Nu con\u021bine coloran\u021bi AZO<\/li>\n<li>cu bucla pentru degetul mare<\/li>\n<li>\u00cenchidere cu velcro de 5 cm lungime<\/li>\n<li>Dimensiuni: 5 x 255 cm<\/li>\n<\/ul>\n","protected":false},"excerpt":{"rendered":"<p>Materialul moale \u0219i elastic al adidas Boxing Crepe asigur\u0103 o potrivire perfect\u0103 pe bra\u021b. Cureaua cu velcro asigur\u0103 o potrivire<\/p>\n","protected":false},"featured_media":25917,"comment_status":"open","ping_status":"closed","template":"","meta":[],"product_brand":[],"product_cat":[517,529],"product_tag":[],"class_list":{"0":"post-25973","1":"product","2":"type-product","3":"status-publish","4":"has-post-thumbnail","6":"product_cat-adidas-box-ro","7":"product_cat-bandaje-ro-4","9":"first","10":"instock","11":"shipping-taxable","12":"purchasable","13":"product-type-variable"},"_links":{"self":[{"href":"https:\/\/adidascombat.md\/ro\/wp-json\/wp\/v2\/product\/25973","targetHints":{"allow":["GET"]}}],"collection":[{"href":"https:\/\/adidascombat.md\/ro\/wp-json\/wp\/v2\/product"}],"about":[{"href":"https:\/\/adidascombat.md\/ro\/wp-json\/wp\/v2\/types\/product"}],"replies":[{"embeddable":true,"href":"https:\/\/adidascombat.md\/ro\/wp-json\/wp\/v2\/comments?post=25973"}],"version-history":[{"count":1,"href":"https:\/\/adidascombat.md\/ro\/wp-json\/wp\/v2\/product\/25973\/revisions"}],"predecessor-version":[{"id":25979,"href":"https:\/\/adidascombat.md\/ro\/wp-json\/wp\/v2\/product\/25973\/revisions\/25979"}],"wp:featuredmedia":[{"embeddable":true,"href":"https:\/\/adidascombat.md\/ro\/wp-json\/wp\/v2\/media\/25917"}],"wp:attachment":[{"href":"https:\/\/adidascombat.md\/ro\/wp-json\/wp\/v2\/media?parent=25973"}],"wp:term":[{"taxonomy":"product_brand","embeddable":true,"href":"https:\/\/adidascombat.md\/ro\/wp-json\/wp\/v2\/product_brand?post=25973"},{"taxonomy":"product_cat","embeddable":true,"href":"https:\/\/adidascombat.md\/ro\/wp-json\/wp\/v2\/product_cat?post=25973"},{"taxonomy":"product_tag","embeddable":true,"href":"https:\/\/adidascombat.md\/ro\/wp-json\/wp\/v2\/product_tag?post=25973"}],"curies":[{"name":"wp","href":"https:\/\/api.w.org\/{rel}","templated":true}]}}