{"id":26019,"date":"2025-02-21T09:01:38","date_gmt":"2025-02-21T09:01:38","guid":{"rendered":"https:\/\/adidascombat.md\/product\/%d0%bf%d0%b5%d1%80%d1%87%d0%b0%d1%82%d0%ba%d0%b8-adidas-quick-wrap-glove-%d0%b2%d0%bd%d1%83%d1%82%d1%80%d0%b5%d0%bd%d0%bd%d0%b8%d0%b5-%d0%bf%d0%b5%d1%80%d1%87%d0%b0%d1%82%d0%ba%d0%b8-speed-adisbp012\/"},"modified":"2025-02-21T09:03:36","modified_gmt":"2025-02-21T09:03:36","slug":"%d0%bf%d0%b5%d1%80%d1%87%d0%b0%d1%82%d0%ba%d0%b8-adidas-quick-wrap-glove-%d0%b2%d0%bd%d1%83%d1%82%d1%80%d0%b5%d0%bd%d0%bd%d0%b8%d0%b5-%d0%bf%d0%b5%d1%80%d1%87%d0%b0%d1%82%d0%ba%d0%b8-speed-adisbp012","status":"publish","type":"product","link":"https:\/\/adidascombat.md\/ro\/Produs\/%d0%bf%d0%b5%d1%80%d1%87%d0%b0%d1%82%d0%ba%d0%b8-adidas-quick-wrap-glove-%d0%b2%d0%bd%d1%83%d1%82%d1%80%d0%b5%d0%bd%d0%bd%d0%b8%d0%b5-%d0%bf%d0%b5%d1%80%d1%87%d0%b0%d1%82%d0%ba%d0%b8-speed-adisbp012\/","title":{"rendered":"M\u0103nu\u0219i interioare adidas Quick Wrap Glove SPEED, ADISBP012"},"content":{"rendered":"<p>M\u0103nu\u0219a din neopren Speed \u200b\u200b\u200b\u200bQuick Wrap este tratat\u0103 cu o pern\u0103 groas\u0103 de gel pentru a proteja degetele. Bandajul lung serve\u0219te \u0219i la stabilizarea \u00eencheieturii m\u00e2inii. M\u0103nu\u0219a Speed \u200b\u200b\u200b\u200bQuick Wrap poate fi purtat\u0103 sub o m\u0103nu\u0219\u0103 de box, dar poate fi folosit\u0103 \u0219i f\u0103r\u0103 alt\u0103 m\u0103nu\u0219\u0103.<\/p>\n<p>Disponibil \u00een urm\u0103toarele dimensiuni \u0219i culori:<\/p>\n<p>M\u0103nu\u0219ile adidas Speed \u200b\u200b\u200b\u200bQuick Wrap sunt disponibile \u00een urm\u0103toarele m\u0103rimi: &#8211; S\/M &#8211; L\/XL Toate disponibile \u00een culoarea: &#8211; Negru\/Auriu.<\/p>\n<p>Beneficiile m\u0103nu\u0219ii adidas Speed \u200b\u200b\u200b\u200bQuick Wrap<\/p>\n<p>&#8211; Captuseala cu gel de 10 mm pe glezne &#8211; Din neopren &#8211; Bandaj de 100 cm cu inchidere Velcro &#8211; Tehnologia CLIMACOOL &#8211; Marimi: S\/M, L\/XL &#8211; 100% poliester<\/p>\n","protected":false},"excerpt":{"rendered":"<p>M\u0103nu\u0219a din neopren Speed \u200b\u200b\u200b\u200bQuick Wrap este tratat\u0103 cu o pern\u0103 groas\u0103 de gel pentru a proteja degetele. Bandajul lung<\/p>\n","protected":false},"featured_media":26017,"comment_status":"open","ping_status":"closed","template":"","meta":[],"product_brand":[],"product_cat":[517,529],"product_tag":[],"class_list":{"0":"post-26019","1":"product","2":"type-product","3":"status-publish","4":"has-post-thumbnail","6":"product_cat-adidas-box-ro","7":"product_cat-bandaje-ro-4","9":"first","10":"instock","11":"shipping-taxable","12":"purchasable","13":"product-type-variable"},"_links":{"self":[{"href":"https:\/\/adidascombat.md\/ro\/wp-json\/wp\/v2\/product\/26019","targetHints":{"allow":["GET"]}}],"collection":[{"href":"https:\/\/adidascombat.md\/ro\/wp-json\/wp\/v2\/product"}],"about":[{"href":"https:\/\/adidascombat.md\/ro\/wp-json\/wp\/v2\/types\/product"}],"replies":[{"embeddable":true,"href":"https:\/\/adidascombat.md\/ro\/wp-json\/wp\/v2\/comments?post=26019"}],"version-history":[{"count":1,"href":"https:\/\/adidascombat.md\/ro\/wp-json\/wp\/v2\/product\/26019\/revisions"}],"predecessor-version":[{"id":26022,"href":"https:\/\/adidascombat.md\/ro\/wp-json\/wp\/v2\/product\/26019\/revisions\/26022"}],"wp:featuredmedia":[{"embeddable":true,"href":"https:\/\/adidascombat.md\/ro\/wp-json\/wp\/v2\/media\/26017"}],"wp:attachment":[{"href":"https:\/\/adidascombat.md\/ro\/wp-json\/wp\/v2\/media?parent=26019"}],"wp:term":[{"taxonomy":"product_brand","embeddable":true,"href":"https:\/\/adidascombat.md\/ro\/wp-json\/wp\/v2\/product_brand?post=26019"},{"taxonomy":"product_cat","embeddable":true,"href":"https:\/\/adidascombat.md\/ro\/wp-json\/wp\/v2\/product_cat?post=26019"},{"taxonomy":"product_tag","embeddable":true,"href":"https:\/\/adidascombat.md\/ro\/wp-json\/wp\/v2\/product_tag?post=26019"}],"curies":[{"name":"wp","href":"https:\/\/api.w.org\/{rel}","templated":true}]}}