{"id":26088,"date":"2025-02-22T20:14:22","date_gmt":"2025-02-22T20:14:22","guid":{"rendered":"https:\/\/adidascombat.md\/product\/adidas-%d1%80%d1%8e%d0%ba%d0%b7%d0%b0%d0%ba-%d1%81%d0%bf%d0%be%d1%80%d1%82%d0%b8%d0%b2%d0%bd%d1%8b%d0%b9-boxing-%d1%87%d0%b5%d1%80%d0%bd%d1%8b%d0%b9-%d0%b1%d0%b5%d0%bb%d1%8b%d0%b9-adiacc090b\/"},"modified":"2025-02-22T20:16:39","modified_gmt":"2025-02-22T20:16:39","slug":"adidas-%d1%80%d1%8e%d0%ba%d0%b7%d0%b0%d0%ba-%d1%81%d0%bf%d0%be%d1%80%d1%82%d0%b8%d0%b2%d0%bd%d1%8b%d0%b9-boxing-%d1%87%d0%b5%d1%80%d0%bd%d1%8b%d0%b9-%d0%b1%d0%b5%d0%bb%d1%8b%d0%b9-adiacc090b","status":"publish","type":"product","link":"https:\/\/adidascombat.md\/ro\/Produs\/adidas-%d1%80%d1%8e%d0%ba%d0%b7%d0%b0%d0%ba-%d1%81%d0%bf%d0%be%d1%80%d1%82%d0%b8%d0%b2%d0%bd%d1%8b%d0%b9-boxing-%d1%87%d0%b5%d1%80%d0%bd%d1%8b%d0%b9-%d0%b1%d0%b5%d0%bb%d1%8b%d0%b9-adiacc090b\/","title":{"rendered":"Rucsac adidas sport \u201eBox\u201d negru\/alb, adiACC090B"},"content":{"rendered":"<p>Rucsacul sport adidas Martial Arts Collection este partenerul perfect pentru via\u021ba de zi cu zi sau pentru antrenament. Compartimentul principal spatios are un compartiment pentru laptop care se poate inchide cu Velcro. La exterior exist\u0103 o cu\u0219c\u0103 pentru sticle din plas\u0103, iar pe cealalt\u0103 parte exist\u0103 un mic compartiment pentru orice obiecte mici pe care le iei cu tine. Acest compartiment se poate inchide cu fermoar. Curelele reglabile pot fi conectate \u00eentre ele folosind o curea mic\u0103 pentru a asigura distribu\u021bia optim\u0103 a sarcinii. Superba imprimeu de arte mar\u021biale face ca rucsacul s\u0103 fie deosebit, bine\u00een\u021beles c\u0103 ar\u0103\u021bi aici c\u0103 e\u0219ti un artist mar\u021bial cu trup \u0219i suflet!<\/p>\n<p>Rucsacul este disponibil in doua marimi, una dintre fotografii prezinta o persoana care poarta ambele marimi, aici aveti o comparatie de marimi. \u00cen\u0103l\u021bimea omului este de 1,80 m.<\/p>\n<ul>\n<li>M: 50 x 31 x 20, aprox. 31 l<\/li>\n<li>L: 57 x 33 x 23, aprox. 43 l<\/li>\n<\/ul>\n","protected":false},"excerpt":{"rendered":"<p>Rucsacul sport adidas Martial Arts Collection este partenerul perfect pentru via\u021ba de zi cu zi sau pentru antrenament. Compartimentul principal<\/p>\n","protected":false},"featured_media":26073,"comment_status":"open","ping_status":"closed","template":"","meta":[],"product_brand":[],"product_cat":[517,537],"product_tag":[],"class_list":{"0":"post-26088","1":"product","2":"type-product","3":"status-publish","4":"has-post-thumbnail","6":"product_cat-adidas-box-ro","7":"product_cat-genti-ro-4","9":"first","10":"instock","11":"shipping-taxable","12":"product-type-variable"},"_links":{"self":[{"href":"https:\/\/adidascombat.md\/ro\/wp-json\/wp\/v2\/product\/26088","targetHints":{"allow":["GET"]}}],"collection":[{"href":"https:\/\/adidascombat.md\/ro\/wp-json\/wp\/v2\/product"}],"about":[{"href":"https:\/\/adidascombat.md\/ro\/wp-json\/wp\/v2\/types\/product"}],"replies":[{"embeddable":true,"href":"https:\/\/adidascombat.md\/ro\/wp-json\/wp\/v2\/comments?post=26088"}],"version-history":[{"count":1,"href":"https:\/\/adidascombat.md\/ro\/wp-json\/wp\/v2\/product\/26088\/revisions"}],"predecessor-version":[{"id":26091,"href":"https:\/\/adidascombat.md\/ro\/wp-json\/wp\/v2\/product\/26088\/revisions\/26091"}],"wp:featuredmedia":[{"embeddable":true,"href":"https:\/\/adidascombat.md\/ro\/wp-json\/wp\/v2\/media\/26073"}],"wp:attachment":[{"href":"https:\/\/adidascombat.md\/ro\/wp-json\/wp\/v2\/media?parent=26088"}],"wp:term":[{"taxonomy":"product_brand","embeddable":true,"href":"https:\/\/adidascombat.md\/ro\/wp-json\/wp\/v2\/product_brand?post=26088"},{"taxonomy":"product_cat","embeddable":true,"href":"https:\/\/adidascombat.md\/ro\/wp-json\/wp\/v2\/product_cat?post=26088"},{"taxonomy":"product_tag","embeddable":true,"href":"https:\/\/adidascombat.md\/ro\/wp-json\/wp\/v2\/product_tag?post=26088"}],"curies":[{"name":"wp","href":"https:\/\/api.w.org\/{rel}","templated":true}]}}