{"id":26099,"date":"2025-02-22T20:23:55","date_gmt":"2025-02-22T20:23:55","guid":{"rendered":"https:\/\/adidascombat.md\/product\/%d1%81%d1%83%d0%bc%d0%ba%d0%b8-%d0%b4%d0%b6%d0%b0%d0%bc%d0%b1%d0%be-%d0%b1%d0%be%d0%ba%d1%81%d1%8b\/"},"modified":"2025-02-22T20:26:25","modified_gmt":"2025-02-22T20:26:25","slug":"%d1%81%d1%83%d0%bc%d0%ba%d0%b8-%d0%b4%d0%b6%d0%b0%d0%bc%d0%b1%d0%be-%d0%b1%d0%be%d0%ba%d1%81%d1%8b","status":"publish","type":"product","link":"https:\/\/adidascombat.md\/ro\/Produs\/%d1%81%d1%83%d0%bc%d0%ba%d0%b8-%d0%b4%d0%b6%d0%b0%d0%bc%d0%b1%d0%be-%d0%b1%d0%be%d0%ba%d1%81%d1%8b\/","title":{"rendered":"Geant\u0103 Box Jumbo"},"content":{"rendered":"<p>Combina\u021bie poliester\/nailon 600D, geant\u0103 durabil\u0103 pentru echipaj, cu interior mare, curea de um\u0103r c\u0103ptu\u0219it\u0103, reglabil\u0103, deta\u0219abil\u0103, m\u00e2nere de transport rezistente, \u021besute, compartiment ascuns pentru eticheta de nume, picioare din plastic potrivite pentru broderie sau imprimare.<\/p>\n<p>Volum: 104 l. Format: 86 x 40 x 38 cm Print elegant cu motivul sportului tau preferat.<\/p>\n","protected":false},"excerpt":{"rendered":"<p>Combina\u021bie poliester\/nailon 600D, geant\u0103 durabil\u0103 pentru echipaj, cu interior mare, curea de um\u0103r c\u0103ptu\u0219it\u0103, reglabil\u0103, deta\u0219abil\u0103, m\u00e2nere de transport rezistente,<\/p>\n","protected":false},"featured_media":26097,"comment_status":"open","ping_status":"closed","template":"","meta":[],"product_brand":[],"product_cat":[517,537],"product_tag":[],"class_list":{"0":"post-26099","1":"product","2":"type-product","3":"status-publish","4":"has-post-thumbnail","6":"product_cat-adidas-box-ro","7":"product_cat-genti-ro-4","9":"first","10":"instock","11":"shipping-taxable","12":"purchasable","13":"product-type-variable"},"_links":{"self":[{"href":"https:\/\/adidascombat.md\/ro\/wp-json\/wp\/v2\/product\/26099","targetHints":{"allow":["GET"]}}],"collection":[{"href":"https:\/\/adidascombat.md\/ro\/wp-json\/wp\/v2\/product"}],"about":[{"href":"https:\/\/adidascombat.md\/ro\/wp-json\/wp\/v2\/types\/product"}],"replies":[{"embeddable":true,"href":"https:\/\/adidascombat.md\/ro\/wp-json\/wp\/v2\/comments?post=26099"}],"version-history":[{"count":2,"href":"https:\/\/adidascombat.md\/ro\/wp-json\/wp\/v2\/product\/26099\/revisions"}],"predecessor-version":[{"id":26104,"href":"https:\/\/adidascombat.md\/ro\/wp-json\/wp\/v2\/product\/26099\/revisions\/26104"}],"wp:featuredmedia":[{"embeddable":true,"href":"https:\/\/adidascombat.md\/ro\/wp-json\/wp\/v2\/media\/26097"}],"wp:attachment":[{"href":"https:\/\/adidascombat.md\/ro\/wp-json\/wp\/v2\/media?parent=26099"}],"wp:term":[{"taxonomy":"product_brand","embeddable":true,"href":"https:\/\/adidascombat.md\/ro\/wp-json\/wp\/v2\/product_brand?post=26099"},{"taxonomy":"product_cat","embeddable":true,"href":"https:\/\/adidascombat.md\/ro\/wp-json\/wp\/v2\/product_cat?post=26099"},{"taxonomy":"product_tag","embeddable":true,"href":"https:\/\/adidascombat.md\/ro\/wp-json\/wp\/v2\/product_tag?post=26099"}],"curies":[{"name":"wp","href":"https:\/\/api.w.org\/{rel}","templated":true}]}}