{"id":26128,"date":"2025-02-22T20:38:47","date_gmt":"2025-02-22T20:38:47","guid":{"rendered":"https:\/\/adidascombat.md\/product\/adidas-2%d0%b21-%d1%81%d1%83%d0%bc%d0%ba%d0%b0-boxing-%d1%87%d0%b5%d1%80%d0%bd%d1%8b%d0%b9-%d0%b1%d0%b5%d0%bb%d1%8b%d0%b9-pu-adiacc051b\/"},"modified":"2025-02-22T20:41:41","modified_gmt":"2025-02-22T20:41:41","slug":"adidas-2%d0%b21-%d1%81%d1%83%d0%bc%d0%ba%d0%b0-boxing-%d1%87%d0%b5%d1%80%d0%bd%d1%8b%d0%b9-%d0%b1%d0%b5%d0%bb%d1%8b%d0%b9-pu-adiacc051b","status":"publish","type":"product","link":"https:\/\/adidascombat.md\/ro\/Produs\/adidas-2%d0%b21-%d1%81%d1%83%d0%bc%d0%ba%d0%b0-boxing-%d1%87%d0%b5%d1%80%d0%bd%d1%8b%d0%b9-%d0%b1%d0%b5%d0%bb%d1%8b%d0%b9-pu-adiacc051b\/","title":{"rendered":"Geanta adidas 2in1 &#8222;Boxing&#8221; negru\/alb PU, adiACC051B"},"content":{"rendered":"<p>Noua colec\u021bie adidas Taekwondo de gen\u021bi sport vine \u00eentr-o gam\u0103 larg\u0103 de stiluri \u0219i dimensiuni, a\u0219a c\u0103 cu siguran\u021b\u0103 vor atrage mai mult dec\u00e2t arti\u0219tii mar\u021biali. Toate modelele sunt realizate din materiale extrem de durabile, de lung\u0103 durat\u0103 \u0219i u\u0219or de \u00eentre\u021binut. Geanta 2 \u00een 1 nu este doar adaptat\u0103 nevoilor arti\u0219tilor mar\u021biali, ci este \u0219i deosebit de practic\u0103 deoarece este \u0219i rucsac. Centurile sunt plasate \u00eentr-o pung\u0103 special\u0103 de protec\u021bie. La fel ca toate modelele din colec\u021bia actual\u0103, acesta ofer\u0103 un compartiment principal spa\u021bios, cu fermoar mare elegant \u0219i cu \u00eenchidere rapid\u0103. Exist\u0103, de asemenea, un compartiment lateral suplimentar cu un buzunar din plas\u0103 \u00eencorporat pentru depozitarea \u00een siguran\u021b\u0103 a obiectelor mici. Toate compartimentele \u0219i buzunarele sunt echipate cu fermoar. Captuseala moale pe cureaua de umar, balustrade si curele ofera confort optim la transport. Modelul este disponibil \u00een dou\u0103 dimensiuni \u0219i dou\u0103 modele. Poliuretanul extrem de durabil asigur\u0103 o durat\u0103 lung\u0103 de via\u021b\u0103.<\/p>\n<p>M: 62 x 31 x 31 cm, capacitate: 50 litri<br \/>\nL: 72 x 34 x 34 cm, Volum: 65 litri<br \/>\nbucl\u0103 practic\u0103 de suspendare<br \/>\nFund tubular cu buzunar pentru o form\u0103 stabil\u0103<\/p>\n<p>\u00centr-una dintre poze pute\u021bi vedea o compara\u021bie direct\u0103 a gen\u021bilor M \u0219i L pe aceea\u0219i persoan\u0103. Culoarea nu este esen\u021bial\u0103 \u0219i poate diferi \u0219i de culoarea gen\u021bii oferite. \u00cen\u0103l\u021bimea persoanei care poart\u0103 geanta este de 180 cm.<\/p>\n","protected":false},"excerpt":{"rendered":"<p>Noua colec\u021bie adidas Taekwondo de gen\u021bi sport vine \u00eentr-o gam\u0103 larg\u0103 de stiluri \u0219i dimensiuni, a\u0219a c\u0103 cu siguran\u021b\u0103 vor<\/p>\n","protected":false},"featured_media":26124,"comment_status":"open","ping_status":"closed","template":"","meta":[],"product_brand":[],"product_cat":[517,537],"product_tag":[],"class_list":{"0":"post-26128","1":"product","2":"type-product","3":"status-publish","4":"has-post-thumbnail","6":"product_cat-adidas-box-ro","7":"product_cat-genti-ro-4","9":"first","10":"instock","11":"shipping-taxable","12":"purchasable","13":"product-type-variable"},"_links":{"self":[{"href":"https:\/\/adidascombat.md\/ro\/wp-json\/wp\/v2\/product\/26128","targetHints":{"allow":["GET"]}}],"collection":[{"href":"https:\/\/adidascombat.md\/ro\/wp-json\/wp\/v2\/product"}],"about":[{"href":"https:\/\/adidascombat.md\/ro\/wp-json\/wp\/v2\/types\/product"}],"replies":[{"embeddable":true,"href":"https:\/\/adidascombat.md\/ro\/wp-json\/wp\/v2\/comments?post=26128"}],"version-history":[{"count":1,"href":"https:\/\/adidascombat.md\/ro\/wp-json\/wp\/v2\/product\/26128\/revisions"}],"predecessor-version":[{"id":26131,"href":"https:\/\/adidascombat.md\/ro\/wp-json\/wp\/v2\/product\/26128\/revisions\/26131"}],"wp:featuredmedia":[{"embeddable":true,"href":"https:\/\/adidascombat.md\/ro\/wp-json\/wp\/v2\/media\/26124"}],"wp:attachment":[{"href":"https:\/\/adidascombat.md\/ro\/wp-json\/wp\/v2\/media?parent=26128"}],"wp:term":[{"taxonomy":"product_brand","embeddable":true,"href":"https:\/\/adidascombat.md\/ro\/wp-json\/wp\/v2\/product_brand?post=26128"},{"taxonomy":"product_cat","embeddable":true,"href":"https:\/\/adidascombat.md\/ro\/wp-json\/wp\/v2\/product_cat?post=26128"},{"taxonomy":"product_tag","embeddable":true,"href":"https:\/\/adidascombat.md\/ro\/wp-json\/wp\/v2\/product_tag?post=26128"}],"curies":[{"name":"wp","href":"https:\/\/api.w.org\/{rel}","templated":true}]}}