{"id":26141,"date":"2025-02-27T17:49:22","date_gmt":"2025-02-27T17:49:22","guid":{"rendered":"https:\/\/adidascombat.md\/product\/ju-sports-speed-ball-%d0%b1%d0%be%d0%ba%d1%81%d0%b5%d1%80%d1%81%d0%ba%d0%b8%d0%b9-%d0%bc%d1%8f%d1%87-%d1%81%d0%b8%d0%bd%d1%82%d0%b5%d1%82%d0%b8%d1%87%d0%b5%d1%81%d0%ba%d0%b0%d1%8f\/"},"modified":"2025-02-27T17:51:47","modified_gmt":"2025-02-27T17:51:47","slug":"ju-sports-speed-ball-%d0%b1%d0%be%d0%ba%d1%81%d0%b5%d1%80%d1%81%d0%ba%d0%b8%d0%b9-%d0%bc%d1%8f%d1%87-%d1%81%d0%b8%d0%bd%d1%82%d0%b5%d1%82%d0%b8%d1%87%d0%b5%d1%81%d0%ba%d0%b0%d1%8f","status":"publish","type":"product","link":"https:\/\/adidascombat.md\/ro\/Produs\/ju-sports-speed-ball-%d0%b1%d0%be%d0%ba%d1%81%d0%b5%d1%80%d1%81%d0%ba%d0%b8%d0%b9-%d0%bc%d1%8f%d1%87-%d1%81%d0%b8%d0%bd%d1%82%d0%b5%d1%82%d0%b8%d1%87%d0%b5%d1%81%d0%ba%d0%b0%d1%8f\/","title":{"rendered":"Minge de vitez\u0103 Ju-Sports"},"content":{"rendered":"<p>Fabricat din imitatie de piele, furnizat negonflabil. Antreneaz\u0103 viziunea, coordonarea \u0219i rezisten\u021ba, foarte versatil.<\/p>\n<ul>\n<li>\u00a0Ideal pentru coordonarea antrenamentului, ochi \u0219i rezisten\u021b\u0103<\/li>\n<li>piele artificial\u0103 de \u00eenalt\u0103 calitate<\/li>\n<li>Calitate stabil\u0103 a manoperei<\/li>\n<li>Standardul \u00een preg\u0103tirea bun\u0103 de box<\/li>\n<li>Cus\u0103turi stabile<\/li>\n<\/ul>\n","protected":false},"excerpt":{"rendered":"<p>Fabricat din imitatie de piele, furnizat negonflabil. Antreneaz\u0103 viziunea, coordonarea \u0219i rezisten\u021ba, foarte versatil. \u00a0Ideal pentru coordonarea antrenamentului, ochi \u0219i<\/p>\n","protected":false},"featured_media":26139,"comment_status":"open","ping_status":"closed","template":"","meta":[],"product_brand":[],"product_cat":[517,539],"product_tag":[],"class_list":{"0":"post-26141","1":"product","2":"type-product","3":"status-publish","4":"has-post-thumbnail","6":"product_cat-adidas-box-ro","7":"product_cat-saci-ro-4","9":"first","10":"instock","11":"shipping-taxable","12":"purchasable","13":"product-type-variable"},"_links":{"self":[{"href":"https:\/\/adidascombat.md\/ro\/wp-json\/wp\/v2\/product\/26141","targetHints":{"allow":["GET"]}}],"collection":[{"href":"https:\/\/adidascombat.md\/ro\/wp-json\/wp\/v2\/product"}],"about":[{"href":"https:\/\/adidascombat.md\/ro\/wp-json\/wp\/v2\/types\/product"}],"replies":[{"embeddable":true,"href":"https:\/\/adidascombat.md\/ro\/wp-json\/wp\/v2\/comments?post=26141"}],"version-history":[{"count":2,"href":"https:\/\/adidascombat.md\/ro\/wp-json\/wp\/v2\/product\/26141\/revisions"}],"predecessor-version":[{"id":26145,"href":"https:\/\/adidascombat.md\/ro\/wp-json\/wp\/v2\/product\/26141\/revisions\/26145"}],"wp:featuredmedia":[{"embeddable":true,"href":"https:\/\/adidascombat.md\/ro\/wp-json\/wp\/v2\/media\/26139"}],"wp:attachment":[{"href":"https:\/\/adidascombat.md\/ro\/wp-json\/wp\/v2\/media?parent=26141"}],"wp:term":[{"taxonomy":"product_brand","embeddable":true,"href":"https:\/\/adidascombat.md\/ro\/wp-json\/wp\/v2\/product_brand?post=26141"},{"taxonomy":"product_cat","embeddable":true,"href":"https:\/\/adidascombat.md\/ro\/wp-json\/wp\/v2\/product_cat?post=26141"},{"taxonomy":"product_tag","embeddable":true,"href":"https:\/\/adidascombat.md\/ro\/wp-json\/wp\/v2\/product_tag?post=26141"}],"curies":[{"name":"wp","href":"https:\/\/api.w.org\/{rel}","templated":true}]}}