{"id":26152,"date":"2025-02-27T17:56:40","date_gmt":"2025-02-27T17:56:40","guid":{"rendered":"https:\/\/adidascombat.md\/product\/%d0%b1%d0%be%d0%ba%d1%81%d0%b5%d1%80%d1%81%d0%ba%d0%b8%d0%b9-%d0%bc%d1%8f%d1%87-%d1%81%d0%b8%d0%bd%d1%82%d0%b5%d1%82%d0%b8%d1%87%d0%b5%d1%81%d0%ba%d0%b0%d1%8f-%d0%ba%d0%be%d0%b6%d0%b0\/"},"modified":"2025-02-27T17:58:39","modified_gmt":"2025-02-27T17:58:39","slug":"%d0%b1%d0%be%d0%ba%d1%81%d0%b5%d1%80%d1%81%d0%ba%d0%b8%d0%b9-%d0%bc%d1%8f%d1%87-%d1%81%d0%b8%d0%bd%d1%82%d0%b5%d1%82%d0%b8%d1%87%d0%b5%d1%81%d0%ba%d0%b0%d1%8f-%d0%ba%d0%be%d0%b6%d0%b0","status":"publish","type":"product","link":"https:\/\/adidascombat.md\/ro\/Produs\/%d0%b1%d0%be%d0%ba%d1%81%d0%b5%d1%80%d1%81%d0%ba%d0%b8%d0%b9-%d0%bc%d1%8f%d1%87-%d1%81%d0%b8%d0%bd%d1%82%d0%b5%d1%82%d0%b8%d1%87%d0%b5%d1%81%d0%ba%d0%b0%d1%8f-%d0%ba%d0%be%d0%b6%d0%b0\/","title":{"rendered":"Minge de box piele sintetica"},"content":{"rendered":"<p>Antreneaz\u0103 viziunea, coordonarea \u0219i rezisten\u021ba, foarte versatil. Balonul trebuie s\u0103 fie umplut cu aer \u0219i s\u0103 nu se umfle. Becul este disponibil \u00een dou\u0103 dimensiuni (25 \u0219i 30 cm lungime). Dispozitiv clasic de antrenament \u00een box \u0219i kickboxing.<\/p>\n<p>Excelent pentru coordonarea antrenamentului, ochi \u0219i rezisten\u021b\u0103<br \/>\nPiele de vac\u0103 de \u00eenalt\u0103 calitate<br \/>\nCalitate stabil\u0103 a manoperei<br \/>\nStandardul \u00een preg\u0103tirea bun\u0103 de box<br \/>\nCus\u0103turi puternice<\/p>\n","protected":false},"excerpt":{"rendered":"<p>Antreneaz\u0103 viziunea, coordonarea \u0219i rezisten\u021ba, foarte versatil. Balonul trebuie s\u0103 fie umplut cu aer \u0219i s\u0103 nu se umfle. Becul<\/p>\n","protected":false},"featured_media":26150,"comment_status":"open","ping_status":"closed","template":"","meta":[],"product_brand":[],"product_cat":[517,539],"product_tag":[],"class_list":{"0":"post-26152","1":"product","2":"type-product","3":"status-publish","4":"has-post-thumbnail","6":"product_cat-adidas-box-ro","7":"product_cat-saci-ro-4","9":"first","10":"instock","11":"shipping-taxable","12":"purchasable","13":"product-type-variable"},"_links":{"self":[{"href":"https:\/\/adidascombat.md\/ro\/wp-json\/wp\/v2\/product\/26152","targetHints":{"allow":["GET"]}}],"collection":[{"href":"https:\/\/adidascombat.md\/ro\/wp-json\/wp\/v2\/product"}],"about":[{"href":"https:\/\/adidascombat.md\/ro\/wp-json\/wp\/v2\/types\/product"}],"replies":[{"embeddable":true,"href":"https:\/\/adidascombat.md\/ro\/wp-json\/wp\/v2\/comments?post=26152"}],"version-history":[{"count":1,"href":"https:\/\/adidascombat.md\/ro\/wp-json\/wp\/v2\/product\/26152\/revisions"}],"predecessor-version":[{"id":26155,"href":"https:\/\/adidascombat.md\/ro\/wp-json\/wp\/v2\/product\/26152\/revisions\/26155"}],"wp:featuredmedia":[{"embeddable":true,"href":"https:\/\/adidascombat.md\/ro\/wp-json\/wp\/v2\/media\/26150"}],"wp:attachment":[{"href":"https:\/\/adidascombat.md\/ro\/wp-json\/wp\/v2\/media?parent=26152"}],"wp:term":[{"taxonomy":"product_brand","embeddable":true,"href":"https:\/\/adidascombat.md\/ro\/wp-json\/wp\/v2\/product_brand?post=26152"},{"taxonomy":"product_cat","embeddable":true,"href":"https:\/\/adidascombat.md\/ro\/wp-json\/wp\/v2\/product_cat?post=26152"},{"taxonomy":"product_tag","embeddable":true,"href":"https:\/\/adidascombat.md\/ro\/wp-json\/wp\/v2\/product_tag?post=26152"}],"curies":[{"name":"wp","href":"https:\/\/api.w.org\/{rel}","templated":true}]}}