{"id":26161,"date":"2025-03-04T14:07:33","date_gmt":"2025-03-04T14:07:33","guid":{"rendered":"https:\/\/adidascombat.md\/product\/%d0%b4%d0%b2%d1%83%d1%85%d1%81%d1%82%d0%be%d1%80%d0%be%d0%bd%d0%bd%d0%b8%d0%b9-%d0%ba%d0%be%d0%b6%d0%b0%d0%bd%d1%8b%d0%b9-%d0%bc%d1%8f%d1%87\/"},"modified":"2025-03-04T14:09:30","modified_gmt":"2025-03-04T14:09:30","slug":"%d0%b4%d0%b2%d1%83%d1%85%d1%81%d1%82%d0%be%d1%80%d0%be%d0%bd%d0%bd%d0%b8%d0%b9-%d0%ba%d0%be%d0%b6%d0%b0%d0%bd%d1%8b%d0%b9-%d0%bc%d1%8f%d1%87","status":"publish","type":"product","link":"https:\/\/adidascombat.md\/ro\/Produs\/%d0%b4%d0%b2%d1%83%d1%85%d1%81%d1%82%d0%be%d1%80%d0%be%d0%bd%d0%bd%d0%b8%d0%b9-%d0%ba%d0%be%d0%b6%d0%b0%d0%bd%d1%8b%d0%b9-%d0%bc%d1%8f%d1%87\/","title":{"rendered":"Minge din piele"},"content":{"rendered":"<p>Minge din cea mai fin\u0103 piele, cu dou\u0103 fuste elastice cu carabiniere pentru ag\u0103\u021bare \u0219i tensionare, ideal\u0103 pentru antrenamentul de vitez\u0103 \u0219i antrenamentul de reac\u021bie. Un dispozitiv clasic de antrenament \u00een box.<\/p>\n<ul>\n<li>\u00a0Ideal pentru antrenament de reac\u021bie \u0219i antrenament de vitez\u0103<\/li>\n<li>Se balanseaz\u0103 rapid \u00eentre paranteze<\/li>\n<li>cu dou\u0103 corzi elastice<\/li>\n<\/ul>\n","protected":false},"excerpt":{"rendered":"<p>Minge din cea mai fin\u0103 piele, cu dou\u0103 fuste elastice cu carabiniere pentru ag\u0103\u021bare \u0219i tensionare, ideal\u0103 pentru antrenamentul de<\/p>\n","protected":false},"featured_media":26158,"comment_status":"open","ping_status":"closed","template":"","meta":[],"product_brand":[],"product_cat":[517,539],"product_tag":[],"class_list":{"0":"post-26161","1":"product","2":"type-product","3":"status-publish","4":"has-post-thumbnail","6":"product_cat-adidas-box-ro","7":"product_cat-saci-ro-4","9":"first","10":"instock","11":"shipping-taxable","12":"purchasable","13":"product-type-simple"},"_links":{"self":[{"href":"https:\/\/adidascombat.md\/ro\/wp-json\/wp\/v2\/product\/26161","targetHints":{"allow":["GET"]}}],"collection":[{"href":"https:\/\/adidascombat.md\/ro\/wp-json\/wp\/v2\/product"}],"about":[{"href":"https:\/\/adidascombat.md\/ro\/wp-json\/wp\/v2\/types\/product"}],"replies":[{"embeddable":true,"href":"https:\/\/adidascombat.md\/ro\/wp-json\/wp\/v2\/comments?post=26161"}],"version-history":[{"count":1,"href":"https:\/\/adidascombat.md\/ro\/wp-json\/wp\/v2\/product\/26161\/revisions"}],"predecessor-version":[{"id":26163,"href":"https:\/\/adidascombat.md\/ro\/wp-json\/wp\/v2\/product\/26161\/revisions\/26163"}],"wp:featuredmedia":[{"embeddable":true,"href":"https:\/\/adidascombat.md\/ro\/wp-json\/wp\/v2\/media\/26158"}],"wp:attachment":[{"href":"https:\/\/adidascombat.md\/ro\/wp-json\/wp\/v2\/media?parent=26161"}],"wp:term":[{"taxonomy":"product_brand","embeddable":true,"href":"https:\/\/adidascombat.md\/ro\/wp-json\/wp\/v2\/product_brand?post=26161"},{"taxonomy":"product_cat","embeddable":true,"href":"https:\/\/adidascombat.md\/ro\/wp-json\/wp\/v2\/product_cat?post=26161"},{"taxonomy":"product_tag","embeddable":true,"href":"https:\/\/adidascombat.md\/ro\/wp-json\/wp\/v2\/product_tag?post=26161"}],"curies":[{"name":"wp","href":"https:\/\/api.w.org\/{rel}","templated":true}]}}