{"id":26169,"date":"2025-03-04T14:11:35","date_gmt":"2025-03-04T14:11:35","guid":{"rendered":"https:\/\/adidascombat.md\/product\/adidas-combat-50-%d1%81%d0%ba%d0%be%d1%80%d0%be%d1%81%d1%82%d0%bd%d0%be%d0%b9-%d0%bc%d1%8f%d1%87-adic50sb\/"},"modified":"2025-03-04T14:13:00","modified_gmt":"2025-03-04T14:13:00","slug":"adidas-combat-50-%d1%81%d0%ba%d0%be%d1%80%d0%be%d1%81%d1%82%d0%bd%d0%be%d0%b9-%d0%bc%d1%8f%d1%87-adic50sb","status":"publish","type":"product","link":"https:\/\/adidascombat.md\/ro\/Produs\/adidas-combat-50-%d1%81%d0%ba%d0%be%d1%80%d0%be%d1%81%d1%82%d0%bd%d0%be%d0%b9-%d0%bc%d1%8f%d1%87-adic50sb\/","title":{"rendered":"Minge adidas Combat 50 Speed \u200b\u200badiC50SB"},"content":{"rendered":"<p>adidas Combat 50 Speedball \u00eembun\u0103t\u0103\u021be\u0219te coordonarea, reac\u021bia \u0219i rezisten\u021ba la for\u021b\u0103. Folosit la antrenament, v\u0103 ajut\u0103 s\u0103 r\u0103m\u00e2ne\u021bi alert chiar \u0219i dup\u0103 dou\u0103sprezece runde grele. Este fabricat din material sintetic de \u00eenalt\u0103 calitate \u0219i umplut cu o vezic\u0103 de latex. \u00cen plus, Speedball impresioneaz\u0103 prin designul s\u0103u atr\u0103g\u0103tor din punct de vedere vizual.<\/p>\n<ul>\n<li>\u00a0Material: piele sintetica de inalta calitate<\/li>\n<li>antreneaz\u0103 ochii, coordonarea \u0219i rezisten\u021ba<\/li>\n<li>Calitate stabil\u0103 a manoperei<\/li>\n<\/ul>\n","protected":false},"excerpt":{"rendered":"<p>adidas Combat 50 Speedball \u00eembun\u0103t\u0103\u021be\u0219te coordonarea, reac\u021bia \u0219i rezisten\u021ba la for\u021b\u0103. Folosit la antrenament, v\u0103 ajut\u0103 s\u0103 r\u0103m\u00e2ne\u021bi alert chiar<\/p>\n","protected":false},"featured_media":26167,"comment_status":"open","ping_status":"closed","template":"","meta":[],"product_brand":[],"product_cat":[517,539],"product_tag":[],"class_list":{"0":"post-26169","1":"product","2":"type-product","3":"status-publish","4":"has-post-thumbnail","6":"product_cat-adidas-box-ro","7":"product_cat-saci-ro-4","9":"first","10":"instock","11":"shipping-taxable","12":"purchasable","13":"product-type-simple"},"_links":{"self":[{"href":"https:\/\/adidascombat.md\/ro\/wp-json\/wp\/v2\/product\/26169","targetHints":{"allow":["GET"]}}],"collection":[{"href":"https:\/\/adidascombat.md\/ro\/wp-json\/wp\/v2\/product"}],"about":[{"href":"https:\/\/adidascombat.md\/ro\/wp-json\/wp\/v2\/types\/product"}],"replies":[{"embeddable":true,"href":"https:\/\/adidascombat.md\/ro\/wp-json\/wp\/v2\/comments?post=26169"}],"version-history":[{"count":2,"href":"https:\/\/adidascombat.md\/ro\/wp-json\/wp\/v2\/product\/26169\/revisions"}],"predecessor-version":[{"id":26171,"href":"https:\/\/adidascombat.md\/ro\/wp-json\/wp\/v2\/product\/26169\/revisions\/26171"}],"wp:featuredmedia":[{"embeddable":true,"href":"https:\/\/adidascombat.md\/ro\/wp-json\/wp\/v2\/media\/26167"}],"wp:attachment":[{"href":"https:\/\/adidascombat.md\/ro\/wp-json\/wp\/v2\/media?parent=26169"}],"wp:term":[{"taxonomy":"product_brand","embeddable":true,"href":"https:\/\/adidascombat.md\/ro\/wp-json\/wp\/v2\/product_brand?post=26169"},{"taxonomy":"product_cat","embeddable":true,"href":"https:\/\/adidascombat.md\/ro\/wp-json\/wp\/v2\/product_cat?post=26169"},{"taxonomy":"product_tag","embeddable":true,"href":"https:\/\/adidascombat.md\/ro\/wp-json\/wp\/v2\/product_tag?post=26169"}],"curies":[{"name":"wp","href":"https:\/\/api.w.org\/{rel}","templated":true}]}}