{"id":26178,"date":"2025-03-04T14:17:48","date_gmt":"2025-03-04T14:17:48","guid":{"rendered":"https:\/\/adidascombat.md\/product\/adidas-speed-striking-%d0%ba%d0%be%d0%b6%d0%b0-%d0%b4%d0%bb%d1%8f-%d0%bc%d1%8f%d1%87%d0%b5%d0%b9-adibac091\/"},"modified":"2025-03-04T14:19:47","modified_gmt":"2025-03-04T14:19:47","slug":"adidas-speed-striking-%d0%ba%d0%be%d0%b6%d0%b0-%d0%b4%d0%bb%d1%8f-%d0%bc%d1%8f%d1%87%d0%b5%d0%b9-adibac091","status":"publish","type":"product","link":"https:\/\/adidascombat.md\/ro\/Produs\/adidas-speed-striking-%d0%ba%d0%be%d0%b6%d0%b0-%d0%b4%d0%bb%d1%8f-%d0%bc%d1%8f%d1%87%d0%b5%d0%b9-adibac091\/","title":{"rendered":"adidas Speed \u200b\u200b\u200b\u200bStriking Ball piele, ADIBAC091"},"content":{"rendered":"<p>Adidas Speedball antreneaz\u0103 coordonarea, reac\u021bia \u0219i rezisten\u021ba la for\u021b\u0103. Folosit la antrenament, v\u0103 ajut\u0103 s\u0103 r\u0103m\u00e2ne\u021bi alert chiar \u0219i dup\u0103 dou\u0103sprezece runde grele. Este fabricat din piele de vac\u0103 de foarte bun\u0103 calitate \u0219i umplut cu o vezic\u0103 de latex.<\/p>\n<p>Mingea din piele adidas Speed \u200b\u200b\u200b\u200bStrike &#8222;American Style&#8221; este disponibil\u0103 \u00een urm\u0103toarele dimensiuni:<\/p>\n<p><strong>&#8211; M<\/strong> &#8211; apr. 15 x 23 cm<br \/>\n<strong>&#8211; L<\/strong>&#8211; apr. 18 x 25 cm<br \/>\nBeneficiile unui sac de boxe u\u0219or<\/p>\n<p>&#8211; Sac de box din material poliester negru<br \/>\n&#8211; Curele din nailon in 4 puncte cu ochiuri metalice pentru o suspensie stabila<br \/>\n&#8211; Curelele din nailon sunt mai silen\u021bioase \u00een timpul antrenamentului la pumni dec\u00e2t suspensia cu lan\u021b<br \/>\n&#8211; Umplut cu materiale textile (sac scanat &#8211; verificare electronica pentru obiecte metalice)<\/p>\n","protected":false},"excerpt":{"rendered":"<p>Adidas Speedball antreneaz\u0103 coordonarea, reac\u021bia \u0219i rezisten\u021ba la for\u021b\u0103. Folosit la antrenament, v\u0103 ajut\u0103 s\u0103 r\u0103m\u00e2ne\u021bi alert chiar \u0219i dup\u0103<\/p>\n","protected":false},"featured_media":26176,"comment_status":"open","ping_status":"closed","template":"","meta":[],"product_brand":[],"product_cat":[517,539],"product_tag":[],"class_list":{"0":"post-26178","1":"product","2":"type-product","3":"status-publish","4":"has-post-thumbnail","6":"product_cat-adidas-box-ro","7":"product_cat-saci-ro-4","9":"first","10":"instock","11":"shipping-taxable","12":"purchasable","13":"product-type-variable"},"_links":{"self":[{"href":"https:\/\/adidascombat.md\/ro\/wp-json\/wp\/v2\/product\/26178","targetHints":{"allow":["GET"]}}],"collection":[{"href":"https:\/\/adidascombat.md\/ro\/wp-json\/wp\/v2\/product"}],"about":[{"href":"https:\/\/adidascombat.md\/ro\/wp-json\/wp\/v2\/types\/product"}],"replies":[{"embeddable":true,"href":"https:\/\/adidascombat.md\/ro\/wp-json\/wp\/v2\/comments?post=26178"}],"version-history":[{"count":2,"href":"https:\/\/adidascombat.md\/ro\/wp-json\/wp\/v2\/product\/26178\/revisions"}],"predecessor-version":[{"id":26181,"href":"https:\/\/adidascombat.md\/ro\/wp-json\/wp\/v2\/product\/26178\/revisions\/26181"}],"wp:featuredmedia":[{"embeddable":true,"href":"https:\/\/adidascombat.md\/ro\/wp-json\/wp\/v2\/media\/26176"}],"wp:attachment":[{"href":"https:\/\/adidascombat.md\/ro\/wp-json\/wp\/v2\/media?parent=26178"}],"wp:term":[{"taxonomy":"product_brand","embeddable":true,"href":"https:\/\/adidascombat.md\/ro\/wp-json\/wp\/v2\/product_brand?post=26178"},{"taxonomy":"product_cat","embeddable":true,"href":"https:\/\/adidascombat.md\/ro\/wp-json\/wp\/v2\/product_cat?post=26178"},{"taxonomy":"product_tag","embeddable":true,"href":"https:\/\/adidascombat.md\/ro\/wp-json\/wp\/v2\/product_tag?post=26178"}],"curies":[{"name":"wp","href":"https:\/\/api.w.org\/{rel}","templated":true}]}}