{"id":26189,"date":"2025-03-04T14:31:44","date_gmt":"2025-03-04T14:31:44","guid":{"rendered":"https:\/\/adidascombat.md\/product\/ju-sports-%d0%bc%d0%b5%d1%88%d0%be%d0%ba-%d1%81-%d0%bf%d0%b5%d1%81%d0%ba%d0%be%d0%bc-%d1%87%d0%b5%d1%80%d0%bd%d1%8b%d0%b9-%d1%86%d0%b5%d0%bb%d0%b5%d0%b2%d0%be%d0%b9-%d1%85%d0%be%d0%bb%d1%81%d1%82\/"},"modified":"2025-03-04T14:34:11","modified_gmt":"2025-03-04T14:34:11","slug":"ju-sports-%d0%bc%d0%b5%d1%88%d0%be%d0%ba-%d1%81-%d0%bf%d0%b5%d1%81%d0%ba%d0%be%d0%bc-%d1%87%d0%b5%d1%80%d0%bd%d1%8b%d0%b9-%d1%86%d0%b5%d0%bb%d0%b5%d0%b2%d0%be%d0%b9-%d1%85%d0%be%d0%bb%d1%81%d1%82","status":"publish","type":"product","link":"https:\/\/adidascombat.md\/ro\/Produs\/ju-sports-%d0%bc%d0%b5%d1%88%d0%be%d0%ba-%d1%81-%d0%bf%d0%b5%d1%81%d0%ba%d0%be%d0%bc-%d1%87%d0%b5%d1%80%d0%bd%d1%8b%d0%b9-%d1%86%d0%b5%d0%bb%d0%b5%d0%b2%d0%be%d0%b9-%d1%85%d0%be%d0%bb%d1%81%d1%82\/","title":{"rendered":"Ju-Sports Sandbag Black Target Canvas, Neumplut"},"content":{"rendered":"<p>Sac de nisip cu diametrul de 35 cm; neumplut; P\u00e2nz\u0103 (p\u00e2nz\u0103) extrem de groas\u0103, foarte stabil\u0103 cu lan\u021b suspendat &#8211; sac de nisip auto-umplut, ideal pentru juc\u0103torii de aluat care doresc s\u0103 men\u021bin\u0103 greutatea sc\u0103zut\u0103 sau pentru copii pentru antrenamentul zilnic. Cantul din piele sintetic\u0103 ofer\u0103 un plus de stabilitate \u0219i v\u0103 ofer\u0103 o \u021bint\u0103 bun\u0103 pentru antrenament.<\/p>\n<ul>\n<li>\u00a0P\u00e2nz\u0103 grea<\/li>\n<li>Lan\u021b puternic<\/li>\n<li>Calitate stabil\u0103 a manoperei<\/li>\n<li>Cel mai bun raport calitate\/pre\u021b<\/li>\n<li>Cus\u0103turi puternice<\/li>\n<\/ul>\n","protected":false},"excerpt":{"rendered":"<p>Sac de nisip cu diametrul de 35 cm; neumplut; P\u00e2nz\u0103 (p\u00e2nz\u0103) extrem de groas\u0103, foarte stabil\u0103 cu lan\u021b suspendat &#8211;<\/p>\n","protected":false},"featured_media":26187,"comment_status":"open","ping_status":"closed","template":"","meta":[],"product_brand":[],"product_cat":[517,79,81,539],"product_tag":[],"class_list":{"0":"post-26189","1":"product","2":"type-product","3":"status-publish","4":"has-post-thumbnail","6":"product_cat-adidas-box-ro","7":"product_cat-adidas-taekwondo-ro","8":"product_cat-manechine-si-saci-de-box","9":"product_cat-saci-ro-4","11":"first","12":"instock","13":"shipping-taxable","14":"purchasable","15":"product-type-variable"},"_links":{"self":[{"href":"https:\/\/adidascombat.md\/ro\/wp-json\/wp\/v2\/product\/26189","targetHints":{"allow":["GET"]}}],"collection":[{"href":"https:\/\/adidascombat.md\/ro\/wp-json\/wp\/v2\/product"}],"about":[{"href":"https:\/\/adidascombat.md\/ro\/wp-json\/wp\/v2\/types\/product"}],"replies":[{"embeddable":true,"href":"https:\/\/adidascombat.md\/ro\/wp-json\/wp\/v2\/comments?post=26189"}],"version-history":[{"count":2,"href":"https:\/\/adidascombat.md\/ro\/wp-json\/wp\/v2\/product\/26189\/revisions"}],"predecessor-version":[{"id":26193,"href":"https:\/\/adidascombat.md\/ro\/wp-json\/wp\/v2\/product\/26189\/revisions\/26193"}],"wp:featuredmedia":[{"embeddable":true,"href":"https:\/\/adidascombat.md\/ro\/wp-json\/wp\/v2\/media\/26187"}],"wp:attachment":[{"href":"https:\/\/adidascombat.md\/ro\/wp-json\/wp\/v2\/media?parent=26189"}],"wp:term":[{"taxonomy":"product_brand","embeddable":true,"href":"https:\/\/adidascombat.md\/ro\/wp-json\/wp\/v2\/product_brand?post=26189"},{"taxonomy":"product_cat","embeddable":true,"href":"https:\/\/adidascombat.md\/ro\/wp-json\/wp\/v2\/product_cat?post=26189"},{"taxonomy":"product_tag","embeddable":true,"href":"https:\/\/adidascombat.md\/ro\/wp-json\/wp\/v2\/product_tag?post=26189"}],"curies":[{"name":"wp","href":"https:\/\/api.w.org\/{rel}","templated":true}]}}