{"id":26206,"date":"2025-03-04T14:42:14","date_gmt":"2025-03-04T14:42:14","guid":{"rendered":"https:\/\/adidascombat.md\/product\/%d0%bc%d0%b5%d1%88%d0%be%d0%ba-%d1%81-%d0%bf%d0%b5%d1%81%d0%ba%d0%be%d0%bc-%d0%b8%d0%b7-%d0%b8%d1%81%d0%ba%d1%83%d1%81%d1%81%d1%82%d0%b2%d0%b5%d0%bd%d0%bd%d0%be%d0%b9-%d0%ba%d0%be%d0%b6%d0%b8-%d0%b1\/"},"modified":"2025-03-04T14:44:33","modified_gmt":"2025-03-04T14:44:33","slug":"%d0%bc%d0%b5%d1%88%d0%be%d0%ba-%d1%81-%d0%bf%d0%b5%d1%81%d0%ba%d0%be%d0%bc-%d0%b8%d0%b7-%d0%b8%d1%81%d0%ba%d1%83%d1%81%d1%81%d1%82%d0%b2%d0%b5%d0%bd%d0%bd%d0%be%d0%b9-%d0%ba%d0%be%d0%b6%d0%b8-%d0%b1","status":"publish","type":"product","link":"https:\/\/adidascombat.md\/ro\/Produs\/%d0%bc%d0%b5%d1%88%d0%be%d0%ba-%d1%81-%d0%bf%d0%b5%d1%81%d0%ba%d0%be%d0%bc-%d0%b8%d0%b7-%d0%b8%d1%81%d0%ba%d1%83%d1%81%d1%81%d1%82%d0%b2%d0%b5%d0%bd%d0%bd%d0%be%d0%b9-%d0%ba%d0%be%d0%b6%d0%b8-%d0%b1\/","title":{"rendered":"Sac de nisip din piele artificiala fara umplutura"},"content":{"rendered":"<p>Sac de nisip absolut, aproximativ 35 cm diametru, imita\u021bie de piele de vinil extrem de groas\u0103 \u0219i grea, foarte stabil\u0103, cu lan\u021b greu pentru ag\u0103\u021bat, pivotant deja \u00eencorporat \u00een v\u00e2rful lan\u021bului. Se inchide cu fermoar in partea de sus.<\/p>\n<ul>\n<li>\u00a0Calitate stabil\u0103 a manoperei<\/li>\n<li>\u00a0Cus\u0103turi puternice<\/li>\n<\/ul>\n","protected":false},"excerpt":{"rendered":"<p>Sac de nisip absolut, aproximativ 35 cm diametru, imita\u021bie de piele de vinil extrem de groas\u0103 \u0219i grea, foarte stabil\u0103,<\/p>\n","protected":false},"featured_media":26202,"comment_status":"open","ping_status":"closed","template":"","meta":[],"product_brand":[],"product_cat":[517,79,81,539],"product_tag":[],"class_list":{"0":"post-26206","1":"product","2":"type-product","3":"status-publish","4":"has-post-thumbnail","6":"product_cat-adidas-box-ro","7":"product_cat-adidas-taekwondo-ro","8":"product_cat-manechine-si-saci-de-box","9":"product_cat-saci-ro-4","11":"first","12":"instock","13":"shipping-taxable","14":"purchasable","15":"product-type-variable"},"_links":{"self":[{"href":"https:\/\/adidascombat.md\/ro\/wp-json\/wp\/v2\/product\/26206","targetHints":{"allow":["GET"]}}],"collection":[{"href":"https:\/\/adidascombat.md\/ro\/wp-json\/wp\/v2\/product"}],"about":[{"href":"https:\/\/adidascombat.md\/ro\/wp-json\/wp\/v2\/types\/product"}],"replies":[{"embeddable":true,"href":"https:\/\/adidascombat.md\/ro\/wp-json\/wp\/v2\/comments?post=26206"}],"version-history":[{"count":1,"href":"https:\/\/adidascombat.md\/ro\/wp-json\/wp\/v2\/product\/26206\/revisions"}],"predecessor-version":[{"id":26213,"href":"https:\/\/adidascombat.md\/ro\/wp-json\/wp\/v2\/product\/26206\/revisions\/26213"}],"wp:featuredmedia":[{"embeddable":true,"href":"https:\/\/adidascombat.md\/ro\/wp-json\/wp\/v2\/media\/26202"}],"wp:attachment":[{"href":"https:\/\/adidascombat.md\/ro\/wp-json\/wp\/v2\/media?parent=26206"}],"wp:term":[{"taxonomy":"product_brand","embeddable":true,"href":"https:\/\/adidascombat.md\/ro\/wp-json\/wp\/v2\/product_brand?post=26206"},{"taxonomy":"product_cat","embeddable":true,"href":"https:\/\/adidascombat.md\/ro\/wp-json\/wp\/v2\/product_cat?post=26206"},{"taxonomy":"product_tag","embeddable":true,"href":"https:\/\/adidascombat.md\/ro\/wp-json\/wp\/v2\/product_tag?post=26206"}],"curies":[{"name":"wp","href":"https:\/\/api.w.org\/{rel}","templated":true}]}}