{"id":26218,"date":"2025-03-04T14:48:11","date_gmt":"2025-03-04T14:48:11","guid":{"rendered":"https:\/\/adidascombat.md\/product\/adidas-pro-%d0%bc%d0%b5%d0%ba%d1%81%d0%b8%d0%ba%d0%b0%d0%bd%d1%81%d0%ba%d0%b8%d0%b9-%d0%b4%d0%b2%d1%83%d1%81%d1%82%d0%be%d1%80%d0%be%d0%bd%d0%bd%d0%b8%d0%b9-%d0%bc%d1%8f%d1%87-adibac121\/"},"modified":"2025-03-04T14:50:03","modified_gmt":"2025-03-04T14:50:03","slug":"adidas-pro-%d0%bc%d0%b5%d0%ba%d1%81%d0%b8%d0%ba%d0%b0%d0%bd%d1%81%d0%ba%d0%b8%d0%b9-%d0%b4%d0%b2%d1%83%d1%81%d1%82%d0%be%d1%80%d0%be%d0%bd%d0%bd%d0%b8%d0%b9-%d0%bc%d1%8f%d1%87-adibac121","status":"publish","type":"product","link":"https:\/\/adidascombat.md\/ro\/Produs\/adidas-pro-%d0%bc%d0%b5%d0%ba%d1%81%d0%b8%d0%ba%d0%b0%d0%bd%d1%81%d0%ba%d0%b8%d0%b9-%d0%b4%d0%b2%d1%83%d1%81%d1%82%d0%be%d1%80%d0%be%d0%bd%d0%bd%d0%b8%d0%b9-%d0%bc%d1%8f%d1%87-adibac121\/","title":{"rendered":"Minge cu dou\u0103 fe\u021be mexicane adidas Pro, ADIBAC121"},"content":{"rendered":"<p>Aceast\u0103 minge cu dou\u0103 fe\u021be mexicane Pro este fabricat\u0103 din piele de bivol autentic\u0103 pentru a fi utilizat\u0103 \u00een antrenamentele de lovire direc\u021bionate. Vine cu o vezic\u0103 profesional\u0103 din cauciuc din latex, care este \u00eenlocuibil\u0103, u\u0219oar\u0103, dar durabil\u0103 \u0219i extrem de stabil\u0103 pentru s\u0103rituri rapide \u0219i reale. Curelele de fixare de sus \u0219i de jos sunt fabricate din silicon durabil, inclusiv c\u00e2rlige de fixare pentru durabilitate \u0219i rezultate profesionale. Buclele de montare superioare \u0219i inferioare extinse sunt stratificate dublu \u0219i, de asemenea, extinse pentru a preveni impacturile de la c\u00e2rligele cu arc de conectare. Construc\u021bia superioar\u0103 a acestei mingi adidas cu dou\u0103 fe\u021be asigur\u0103 s\u0103rituri rapide \u0219i r\u0103spuns la cele mai rapide cerin\u021be ale sportivilor de elit\u0103.<\/p>\n<p><strong>Mingea adidas Double End este disponibil\u0103 \u00een urm\u0103toarele dimensiuni: aprox. 18 cm in diametru Culoare: Negru<\/strong><\/p>\n<ul>\n<li>\u00a0Beneficiile unei mingi profesioniste mexicane cu dou\u0103 fe\u021be<\/li>\n<li>Sac de box din poliester negru<\/li>\n<li>Curelele din nailon sunt mai silen\u021bioase \u00een timpul antrenamentului de impact dec\u00e2t suspensiile cu lan\u021b<\/li>\n<li>Umplut cu materiale textile (pung\u0103 scanat\u0103 &#8211; verificare electronic\u0103 pentru obiecte metalice)<\/li>\n<\/ul>\n","protected":false},"excerpt":{"rendered":"<p>Aceast\u0103 minge cu dou\u0103 fe\u021be mexicane Pro este fabricat\u0103 din piele de bivol autentic\u0103 pentru a fi utilizat\u0103 \u00een antrenamentele<\/p>\n","protected":false},"featured_media":26216,"comment_status":"open","ping_status":"closed","template":"","meta":[],"product_brand":[],"product_cat":[517,539],"product_tag":[],"class_list":{"0":"post-26218","1":"product","2":"type-product","3":"status-publish","4":"has-post-thumbnail","6":"product_cat-adidas-box-ro","7":"product_cat-saci-ro-4","9":"first","10":"instock","11":"shipping-taxable","12":"purchasable","13":"product-type-simple"},"_links":{"self":[{"href":"https:\/\/adidascombat.md\/ro\/wp-json\/wp\/v2\/product\/26218","targetHints":{"allow":["GET"]}}],"collection":[{"href":"https:\/\/adidascombat.md\/ro\/wp-json\/wp\/v2\/product"}],"about":[{"href":"https:\/\/adidascombat.md\/ro\/wp-json\/wp\/v2\/types\/product"}],"replies":[{"embeddable":true,"href":"https:\/\/adidascombat.md\/ro\/wp-json\/wp\/v2\/comments?post=26218"}],"version-history":[{"count":1,"href":"https:\/\/adidascombat.md\/ro\/wp-json\/wp\/v2\/product\/26218\/revisions"}],"predecessor-version":[{"id":26220,"href":"https:\/\/adidascombat.md\/ro\/wp-json\/wp\/v2\/product\/26218\/revisions\/26220"}],"wp:featuredmedia":[{"embeddable":true,"href":"https:\/\/adidascombat.md\/ro\/wp-json\/wp\/v2\/media\/26216"}],"wp:attachment":[{"href":"https:\/\/adidascombat.md\/ro\/wp-json\/wp\/v2\/media?parent=26218"}],"wp:term":[{"taxonomy":"product_brand","embeddable":true,"href":"https:\/\/adidascombat.md\/ro\/wp-json\/wp\/v2\/product_brand?post=26218"},{"taxonomy":"product_cat","embeddable":true,"href":"https:\/\/adidascombat.md\/ro\/wp-json\/wp\/v2\/product_cat?post=26218"},{"taxonomy":"product_tag","embeddable":true,"href":"https:\/\/adidascombat.md\/ro\/wp-json\/wp\/v2\/product_tag?post=26218"}],"curies":[{"name":"wp","href":"https:\/\/api.w.org\/{rel}","templated":true}]}}