{"id":26269,"date":"2025-03-04T15:05:28","date_gmt":"2025-03-04T15:05:28","guid":{"rendered":"https:\/\/adidascombat.md\/product\/ju-sports-%d0%bc%d0%b5%d1%88%d0%be%d0%ba-%d1%81-%d0%bf%d0%b5%d1%81%d0%ba%d0%be%d0%bc-%d1%81-%d0%bd%d0%b0%d0%bf%d0%be%d0%bb%d0%bd%d0%b8%d1%82%d0%b5%d0%bb%d0%b5%d0%bc-%d0%b8%d0%b7-%d0%b8%d1%81%d0%ba\/"},"modified":"2025-03-04T15:07:45","modified_gmt":"2025-03-04T15:07:45","slug":"ju-sports-%d0%bc%d0%b5%d1%88%d0%be%d0%ba-%d1%81-%d0%bf%d0%b5%d1%81%d0%ba%d0%be%d0%bc-%d1%81-%d0%bd%d0%b0%d0%bf%d0%be%d0%bb%d0%bd%d0%b8%d1%82%d0%b5%d0%bb%d0%b5%d0%bc-%d0%b8%d0%b7-%d0%b8%d1%81%d0%ba","status":"publish","type":"product","link":"https:\/\/adidascombat.md\/ro\/Produs\/ju-sports-%d0%bc%d0%b5%d1%88%d0%be%d0%ba-%d1%81-%d0%bf%d0%b5%d1%81%d0%ba%d0%be%d0%bc-%d1%81-%d0%bd%d0%b0%d0%bf%d0%be%d0%bb%d0%bd%d0%b8%d1%82%d0%b5%d0%bb%d0%b5%d0%bc-%d0%b8%d0%b7-%d0%b8%d1%81%d0%ba\/","title":{"rendered":"Sac de nisip Ju-Sports cu umplutur\u0103 din piele PU neagr\u0103"},"content":{"rendered":"<p>Sac de nisip cu ciocan absolut, aproximativ 35 cm diametru, umplut (acest sac de nisip a fost umplut cu ma\u0219ina \u0219i, prin urmare, umplut uniform de sus \u00een jos, cu greu pute\u021bi realiza acest lucru cu auto-umplere), imita\u021bie de piele de vinil extrem de groas\u0103 \u0219i grea, foarte stabil\u0103, cu un lan\u021b greu pentru ag\u0103\u021bat, pivotantul este deja \u00eencorporat \u00een partea de sus a lan\u021bului. Inchisa in partea de sus cu fermoar, umplutura este formata din resturi de tesatura, ceea ce confera geanta o greutate totala echilibrata.<\/p>\n<p><strong>\u00cen negru, sacul de nisip este disponibil \u00een urm\u0103toarele op\u021biuni:<\/strong><br \/>\n<strong>120 cm, 150 cm, 180 cm<\/strong><\/p>\n<ul>\n<li><strong>Greutate: 120 cm (35 kg), 150 cm (44 kg), 180 cm (52 \u200b\u200b\u200b\u200bkg)<\/strong><\/li>\n<li>Calitate stabil\u0103 a manoperei<\/li>\n<li>Cus\u0103turi puternice<\/li>\n<\/ul>\n","protected":false},"excerpt":{"rendered":"<p>Sac de nisip cu ciocan absolut, aproximativ 35 cm diametru, umplut (acest sac de nisip a fost umplut cu ma\u0219ina<\/p>\n","protected":false},"featured_media":26264,"comment_status":"open","ping_status":"closed","template":"","meta":[],"product_brand":[],"product_cat":[517,79,81,539],"product_tag":[],"class_list":{"0":"post-26269","1":"product","2":"type-product","3":"status-publish","4":"has-post-thumbnail","6":"product_cat-adidas-box-ro","7":"product_cat-adidas-taekwondo-ro","8":"product_cat-manechine-si-saci-de-box","9":"product_cat-saci-ro-4","11":"first","12":"instock","13":"shipping-taxable","14":"purchasable","15":"product-type-variable"},"_links":{"self":[{"href":"https:\/\/adidascombat.md\/ro\/wp-json\/wp\/v2\/product\/26269","targetHints":{"allow":["GET"]}}],"collection":[{"href":"https:\/\/adidascombat.md\/ro\/wp-json\/wp\/v2\/product"}],"about":[{"href":"https:\/\/adidascombat.md\/ro\/wp-json\/wp\/v2\/types\/product"}],"replies":[{"embeddable":true,"href":"https:\/\/adidascombat.md\/ro\/wp-json\/wp\/v2\/comments?post=26269"}],"version-history":[{"count":2,"href":"https:\/\/adidascombat.md\/ro\/wp-json\/wp\/v2\/product\/26269\/revisions"}],"predecessor-version":[{"id":26275,"href":"https:\/\/adidascombat.md\/ro\/wp-json\/wp\/v2\/product\/26269\/revisions\/26275"}],"wp:featuredmedia":[{"embeddable":true,"href":"https:\/\/adidascombat.md\/ro\/wp-json\/wp\/v2\/media\/26264"}],"wp:attachment":[{"href":"https:\/\/adidascombat.md\/ro\/wp-json\/wp\/v2\/media?parent=26269"}],"wp:term":[{"taxonomy":"product_brand","embeddable":true,"href":"https:\/\/adidascombat.md\/ro\/wp-json\/wp\/v2\/product_brand?post=26269"},{"taxonomy":"product_cat","embeddable":true,"href":"https:\/\/adidascombat.md\/ro\/wp-json\/wp\/v2\/product_cat?post=26269"},{"taxonomy":"product_tag","embeddable":true,"href":"https:\/\/adidascombat.md\/ro\/wp-json\/wp\/v2\/product_tag?post=26269"}],"curies":[{"name":"wp","href":"https:\/\/api.w.org\/{rel}","templated":true}]}}