{"id":26293,"date":"2025-03-04T15:13:56","date_gmt":"2025-03-04T15:13:56","guid":{"rendered":"https:\/\/adidascombat.md\/product\/%d0%b1%d0%be%d0%ba%d1%81%d0%b5%d1%80%d1%81%d0%ba%d0%b0%d1%8f-%d0%b3%d1%80%d1%83%d1%88%d0%b0-adidas-maya-%d0%ba%d1%83%d0%ba%d1%83%d1%80%d1%83%d0%b7%d0%b0-%d1%81-%d0%bd%d0%b0%d0%bf%d0%be%d0%bb%d0%bd\/"},"modified":"2025-03-04T15:15:53","modified_gmt":"2025-03-04T15:15:53","slug":"%d0%b1%d0%be%d0%ba%d1%81%d0%b5%d1%80%d1%81%d0%ba%d0%b0%d1%8f-%d0%b3%d1%80%d1%83%d1%88%d0%b0-adidas-maya-%d0%ba%d1%83%d0%ba%d1%83%d1%80%d1%83%d0%b7%d0%b0-%d1%81-%d0%bd%d0%b0%d0%bf%d0%be%d0%bb%d0%bd","status":"publish","type":"product","link":"https:\/\/adidascombat.md\/ro\/Produs\/%d0%b1%d0%be%d0%ba%d1%81%d0%b5%d1%80%d1%81%d0%ba%d0%b0%d1%8f-%d0%b3%d1%80%d1%83%d1%88%d0%b0-adidas-maya-%d0%ba%d1%83%d0%ba%d1%83%d1%80%d1%83%d0%b7%d0%b0-%d1%81-%d0%bd%d0%b0%d0%bf%d0%be%d0%bb%d0%bd\/","title":{"rendered":"Sac de box Adidas Maya Corn (cu umplutura), ADIBAC23"},"content":{"rendered":"<p>Datorit\u0103 formei sale speciale, geanta adidas Maize este ideal\u0103 pentru combina\u021bii de antrenament precum: Uppercuts, clinches, \u00eempingeri, lovituri \u0219i tehnici de genunchi. Aceste tehnici pot fi antrenate optim cu forma acestui sac de porumb. Sacul de box este fabricat din piele sintetic\u0103 PU3G, care este la fel de neted\u0103, durabil\u0103 \u0219i are acela\u0219i aspect ca pielea natural\u0103. Vine cu un lan\u021b metalic \u0219i se ata\u0219eaz\u0103 cu u\u0219urin\u021b\u0103 de ochiuri metalice. Aceast\u0103 pung\u0103 de porumb este umplut\u0103 cu buc\u0103\u021bi de \u021bes\u0103tur\u0103 t\u0103iate sub\u021bire pentru o amortizare optim\u0103 \u0219i este scanat\u0103 \u0219i testat\u0103 pentru siguran\u021ba metalelor.<\/p>\n<p>Geanta adidas Box Lightweight este disponibil\u0103 \u00een urm\u0103toarele m\u0103rimi: <strong>M aprox. 18 kg, L aprox. 30 kg (aprox. 60 x 48 cm)<\/strong><\/p>\n<ul>\n<li>\u00a0Beneficiile unui sac de boxe u\u0219or<\/li>\n<li>Sac de box din poliester negru<\/li>\n<li>Curele din nailon \u00een 4 puncte cu ochiuri metalice pentru o suspensie stabil\u0103<\/li>\n<li>Umplut cu materiale textile (pung\u0103 scanat\u0103 &#8211; verificare electronic\u0103 pentru obiecte metalice)<\/li>\n<\/ul>\n","protected":false},"excerpt":{"rendered":"<p>Datorit\u0103 formei sale speciale, geanta adidas Maize este ideal\u0103 pentru combina\u021bii de antrenament precum: Uppercuts, clinches, \u00eempingeri, lovituri \u0219i tehnici<\/p>\n","protected":false},"featured_media":26289,"comment_status":"open","ping_status":"closed","template":"","meta":[],"product_brand":[],"product_cat":[517,79,81,539],"product_tag":[],"class_list":{"0":"post-26293","1":"product","2":"type-product","3":"status-publish","4":"has-post-thumbnail","6":"product_cat-adidas-box-ro","7":"product_cat-adidas-taekwondo-ro","8":"product_cat-manechine-si-saci-de-box","9":"product_cat-saci-ro-4","11":"first","12":"instock","13":"shipping-taxable","14":"purchasable","15":"product-type-variable"},"_links":{"self":[{"href":"https:\/\/adidascombat.md\/ro\/wp-json\/wp\/v2\/product\/26293","targetHints":{"allow":["GET"]}}],"collection":[{"href":"https:\/\/adidascombat.md\/ro\/wp-json\/wp\/v2\/product"}],"about":[{"href":"https:\/\/adidascombat.md\/ro\/wp-json\/wp\/v2\/types\/product"}],"replies":[{"embeddable":true,"href":"https:\/\/adidascombat.md\/ro\/wp-json\/wp\/v2\/comments?post=26293"}],"version-history":[{"count":2,"href":"https:\/\/adidascombat.md\/ro\/wp-json\/wp\/v2\/product\/26293\/revisions"}],"predecessor-version":[{"id":26298,"href":"https:\/\/adidascombat.md\/ro\/wp-json\/wp\/v2\/product\/26293\/revisions\/26298"}],"wp:featuredmedia":[{"embeddable":true,"href":"https:\/\/adidascombat.md\/ro\/wp-json\/wp\/v2\/media\/26289"}],"wp:attachment":[{"href":"https:\/\/adidascombat.md\/ro\/wp-json\/wp\/v2\/media?parent=26293"}],"wp:term":[{"taxonomy":"product_brand","embeddable":true,"href":"https:\/\/adidascombat.md\/ro\/wp-json\/wp\/v2\/product_brand?post=26293"},{"taxonomy":"product_cat","embeddable":true,"href":"https:\/\/adidascombat.md\/ro\/wp-json\/wp\/v2\/product_cat?post=26293"},{"taxonomy":"product_tag","embeddable":true,"href":"https:\/\/adidascombat.md\/ro\/wp-json\/wp\/v2\/product_tag?post=26293"}],"curies":[{"name":"wp","href":"https:\/\/api.w.org\/{rel}","templated":true}]}}