{"id":26335,"date":"2025-03-04T15:55:38","date_gmt":"2025-03-04T15:55:38","guid":{"rendered":"https:\/\/adidascombat.md\/product\/%d0%bc%d0%b5%d1%88%d0%be%d0%ba-%d0%bf%d0%be%d1%85%d0%b8%d1%82%d0%b8%d1%82%d0%b5%d0%bb%d1%8f-%d1%82%d0%b5%d0%bb-%d0%b1%d0%be%d0%ba%d1%81%d0%b5%d1%80%d1%81%d0%ba%d0%b0%d1%8f-%d0%b3%d1%80%d1%83%d1%88\/"},"modified":"2025-03-04T15:57:06","modified_gmt":"2025-03-04T15:57:06","slug":"%d0%bc%d0%b5%d1%88%d0%be%d0%ba-%d0%bf%d0%be%d1%85%d0%b8%d1%82%d0%b8%d1%82%d0%b5%d0%bb%d1%8f-%d1%82%d0%b5%d0%bb-%d0%b1%d0%be%d0%ba%d1%81%d0%b5%d1%80%d1%81%d0%ba%d0%b0%d1%8f-%d0%b3%d1%80%d1%83%d1%88","status":"publish","type":"product","link":"https:\/\/adidascombat.md\/ro\/Produs\/%d0%bc%d0%b5%d1%88%d0%be%d0%ba-%d0%bf%d0%be%d1%85%d0%b8%d1%82%d0%b8%d1%82%d0%b5%d0%bb%d1%8f-%d1%82%d0%b5%d0%bb-%d0%b1%d0%be%d0%ba%d1%81%d0%b5%d1%80%d1%81%d0%ba%d0%b0%d1%8f-%d0%b3%d1%80%d1%83%d1%88\/","title":{"rendered":"Minge pentru sp\u0103rg\u0103tor de corp &#8211; Sac de box"},"content":{"rendered":"<p>Sacul special de box Ju-Sports \u00een form\u0103 de minge distructiv\u0103 din PU de \u00eenalt\u0103 calitate este ideal pentru box, kickboxing, Muay Thai, K1, MMA \u0219i multe alte arte mar\u021biale. Ideal pentru lovituri, genunchi, lovituri deasupra capului \u0219i alte tehnici speciale.<\/p>\n<p><strong>30 kg (aprox. 62 x 56 cm)<\/strong><\/p>\n","protected":false},"excerpt":{"rendered":"<p>Sacul special de box Ju-Sports \u00een form\u0103 de minge distructiv\u0103 din PU de \u00eenalt\u0103 calitate este ideal pentru box, kickboxing,<\/p>\n","protected":false},"featured_media":26333,"comment_status":"open","ping_status":"closed","template":"","meta":[],"product_brand":[],"product_cat":[517,539],"product_tag":[],"class_list":{"0":"post-26335","1":"product","2":"type-product","3":"status-publish","4":"has-post-thumbnail","6":"product_cat-adidas-box-ro","7":"product_cat-saci-ro-4","9":"first","10":"instock","11":"shipping-taxable","12":"purchasable","13":"product-type-simple"},"_links":{"self":[{"href":"https:\/\/adidascombat.md\/ro\/wp-json\/wp\/v2\/product\/26335","targetHints":{"allow":["GET"]}}],"collection":[{"href":"https:\/\/adidascombat.md\/ro\/wp-json\/wp\/v2\/product"}],"about":[{"href":"https:\/\/adidascombat.md\/ro\/wp-json\/wp\/v2\/types\/product"}],"replies":[{"embeddable":true,"href":"https:\/\/adidascombat.md\/ro\/wp-json\/wp\/v2\/comments?post=26335"}],"version-history":[{"count":1,"href":"https:\/\/adidascombat.md\/ro\/wp-json\/wp\/v2\/product\/26335\/revisions"}],"predecessor-version":[{"id":26336,"href":"https:\/\/adidascombat.md\/ro\/wp-json\/wp\/v2\/product\/26335\/revisions\/26336"}],"wp:featuredmedia":[{"embeddable":true,"href":"https:\/\/adidascombat.md\/ro\/wp-json\/wp\/v2\/media\/26333"}],"wp:attachment":[{"href":"https:\/\/adidascombat.md\/ro\/wp-json\/wp\/v2\/media?parent=26335"}],"wp:term":[{"taxonomy":"product_brand","embeddable":true,"href":"https:\/\/adidascombat.md\/ro\/wp-json\/wp\/v2\/product_brand?post=26335"},{"taxonomy":"product_cat","embeddable":true,"href":"https:\/\/adidascombat.md\/ro\/wp-json\/wp\/v2\/product_cat?post=26335"},{"taxonomy":"product_tag","embeddable":true,"href":"https:\/\/adidascombat.md\/ro\/wp-json\/wp\/v2\/product_tag?post=26335"}],"curies":[{"name":"wp","href":"https:\/\/api.w.org\/{rel}","templated":true}]}}