{"id":26369,"date":"2025-03-04T16:09:20","date_gmt":"2025-03-04T16:09:20","guid":{"rendered":"https:\/\/adidascombat.md\/product\/adidas-sandbag-speed-%d0%bd%d0%b0%d0%bf%d0%be%d0%bb%d0%bd%d0%b5%d0%bd%d0%bd%d1%8b%d0%b9-%d1%87%d0%b5%d1%80%d0%bd%d1%8b%d0%b9-%d0%b7%d0%be%d0%bb%d0%be%d1%82%d0%be%d0%b9-adisbac18n\/"},"modified":"2025-03-04T16:11:22","modified_gmt":"2025-03-04T16:11:22","slug":"adidas-sandbag-speed-%d0%bd%d0%b0%d0%bf%d0%be%d0%bb%d0%bd%d0%b5%d0%bd%d0%bd%d1%8b%d0%b9-%d1%87%d0%b5%d1%80%d0%bd%d1%8b%d0%b9-%d0%b7%d0%be%d0%bb%d0%be%d1%82%d0%be%d0%b9-adisbac18n","status":"publish","type":"product","link":"https:\/\/adidascombat.md\/ro\/Produs\/adidas-sandbag-speed-%d0%bd%d0%b0%d0%bf%d0%be%d0%bb%d0%bd%d0%b5%d0%bd%d0%bd%d1%8b%d0%b9-%d1%87%d0%b5%d1%80%d0%bd%d1%8b%d0%b9-%d0%b7%d0%be%d0%bb%d0%be%d1%82%d0%be%d0%b9-adisbac18n\/","title":{"rendered":"adidas Sandbag Speed \u043d\u0430\u043f\u043e\u043b\u043d\u0435\u043d\u043d\u044b\u0439, \u0447\u0435\u0440\u043d\u044b\u0439\/\u0437\u043e\u043b\u043e\u0442\u043e\u0439, adiSBAC18N"},"content":{"rendered":"<p>Geanta de box adidas Lux este fabricat\u0103 din piele sintetic\u0103 poliuretanic\u0103 (PU) durabil\u0103 cu 2 straturi, iar cus\u0103turile sale sunt cusute foarte str\u00e2ns pentru a preveni ruperea \u0219i pentru a asigura astfel durabilitate \u0219i siguran\u021b\u0103 maxim\u0103 \u00een timpul antrenamentului puternic de pumni. Este plin cu materiale textile \u0219i, la fel ca to\u021bi sacii no\u0219tri de box, un \u201esac scanat\u201d (verificat electronic pentru obiecte metalice)<\/p>\n<p>Fabricat cu patru curele de ag\u0103\u021bare durabile din nailon.<\/p>\n<p>Dimensiuni \u0219i greutate (aprox.):<br \/>\n120 cm x 33 cm: 30 kg<br \/>\n150 cm x 33 cm: 34 kg<br \/>\n180 cm x 33 cm: 40 kg<\/p>\n<p><strong>Pentru ce arte mar\u021biale este potrivit\u0103 adidas Boxing Bag Lux?<\/strong><\/p>\n<p>Sacul de box este potrivit pentru tineri \u0219i b\u0103tr\u00e2ni, pentru amatori \u0219i profesioni\u0219ti. At\u00e2t \u00een \u200b\u200bsal\u0103, c\u00e2t \u0219i acas\u0103. Sacul de box este potrivit pentru: kickboxing, lupte libere, box traditional, box thailandez.<\/p>\n","protected":false},"excerpt":{"rendered":"<p>Geanta de box adidas Lux este fabricat\u0103 din piele sintetic\u0103 poliuretanic\u0103 (PU) durabil\u0103 cu 2 straturi, iar cus\u0103turile sale sunt<\/p>\n","protected":false},"featured_media":26363,"comment_status":"open","ping_status":"closed","template":"","meta":[],"product_brand":[],"product_cat":[517,79,81,539],"product_tag":[],"class_list":{"0":"post-26369","1":"product","2":"type-product","3":"status-publish","4":"has-post-thumbnail","6":"product_cat-adidas-box-ro","7":"product_cat-adidas-taekwondo-ro","8":"product_cat-manechine-si-saci-de-box","9":"product_cat-saci-ro-4","11":"first","12":"instock","13":"shipping-taxable","14":"purchasable","15":"product-type-variable"},"_links":{"self":[{"href":"https:\/\/adidascombat.md\/ro\/wp-json\/wp\/v2\/product\/26369","targetHints":{"allow":["GET"]}}],"collection":[{"href":"https:\/\/adidascombat.md\/ro\/wp-json\/wp\/v2\/product"}],"about":[{"href":"https:\/\/adidascombat.md\/ro\/wp-json\/wp\/v2\/types\/product"}],"replies":[{"embeddable":true,"href":"https:\/\/adidascombat.md\/ro\/wp-json\/wp\/v2\/comments?post=26369"}],"version-history":[{"count":1,"href":"https:\/\/adidascombat.md\/ro\/wp-json\/wp\/v2\/product\/26369\/revisions"}],"predecessor-version":[{"id":26374,"href":"https:\/\/adidascombat.md\/ro\/wp-json\/wp\/v2\/product\/26369\/revisions\/26374"}],"wp:featuredmedia":[{"embeddable":true,"href":"https:\/\/adidascombat.md\/ro\/wp-json\/wp\/v2\/media\/26363"}],"wp:attachment":[{"href":"https:\/\/adidascombat.md\/ro\/wp-json\/wp\/v2\/media?parent=26369"}],"wp:term":[{"taxonomy":"product_brand","embeddable":true,"href":"https:\/\/adidascombat.md\/ro\/wp-json\/wp\/v2\/product_brand?post=26369"},{"taxonomy":"product_cat","embeddable":true,"href":"https:\/\/adidascombat.md\/ro\/wp-json\/wp\/v2\/product_cat?post=26369"},{"taxonomy":"product_tag","embeddable":true,"href":"https:\/\/adidascombat.md\/ro\/wp-json\/wp\/v2\/product_tag?post=26369"}],"curies":[{"name":"wp","href":"https:\/\/api.w.org\/{rel}","templated":true}]}}