{"id":26426,"date":"2025-03-04T17:11:17","date_gmt":"2025-03-04T17:11:17","guid":{"rendered":"https:\/\/adidascombat.md\/product\/adidas-adidas-anglebag-%d0%bd%d0%b0%d0%bf%d0%be%d0%bb%d0%bd%d0%b5%d0%bd%d0%bd%d1%8b%d0%b9-adibac22\/"},"modified":"2025-03-04T17:12:44","modified_gmt":"2025-03-04T17:12:44","slug":"adidas-adidas-anglebag-%d0%bd%d0%b0%d0%bf%d0%be%d0%bb%d0%bd%d0%b5%d0%bd%d0%bd%d1%8b%d0%b9-adibac22","status":"publish","type":"product","link":"https:\/\/adidascombat.md\/ro\/Produs\/adidas-adidas-anglebag-%d0%bd%d0%b0%d0%bf%d0%be%d0%bb%d0%bd%d0%b5%d0%bd%d0%bd%d1%8b%d0%b9-adibac22\/","title":{"rendered":"adidas Anglebag &#8211; (umplut), ADIBAC22"},"content":{"rendered":"<p>Datorit\u0103 formei sale speciale, geanta adidas Angel este ideal\u0103 pentru combina\u021bii de antrenament precum: tehnici de clinch, \u00eempingere, lovire \u0219i genunchi. Aceste tehnici pot fi antrenate optim folosind forma acestei gen\u021bi de \u00eenger. Sacul de box este fabricat din piele sintetic\u0103 PU3G, care este la fel de neted\u0103, durabil\u0103 \u0219i are acela\u0219i aspect ca pielea natural\u0103. Poate fi ata\u0219at cu u\u0219urin\u021b\u0103 de ochiuri metalice. Aceast\u0103 geant\u0103 Angel este umplut\u0103 cu buc\u0103\u021bi de \u021bes\u0103tur\u0103 t\u0103iate fin pentru o amortizare optim\u0103, iar geanta este scanat\u0103 \u0219i testat\u0103 pentru obiecte metalice pentru siguran\u021b\u0103.<\/p>\n<p>adidas Boxing Bag Angle este disponibil \u00een urm\u0103toarele dimensiuni: &#8211; 100x40x28 cm &#8211; 27 kg, negru<\/p>\n<p><strong>Beneficiile unui sac de boxe u\u0219or<\/strong><\/p>\n<p>&#8211; Sac de box din material poliester negru<br \/>\n&#8211; Curele din nailon in 4 puncte cu ochiuri metalice pentru o suspensie stabila<br \/>\n&#8211; Curelele din nailon sunt mai silen\u021bioase \u00een timpul antrenamentului la pumni dec\u00e2t suspensia cu lan\u021b<br \/>\n&#8211; Umplut cu materiale textile (sac scanat &#8211; verificare electronica pentru obiecte metalice)<\/p>\n","protected":false},"excerpt":{"rendered":"<p>Datorit\u0103 formei sale speciale, geanta adidas Angel este ideal\u0103 pentru combina\u021bii de antrenament precum: tehnici de clinch, \u00eempingere, lovire \u0219i<\/p>\n","protected":false},"featured_media":26424,"comment_status":"open","ping_status":"closed","template":"","meta":[],"product_brand":[],"product_cat":[517,539],"product_tag":[],"class_list":{"0":"post-26426","1":"product","2":"type-product","3":"status-publish","4":"has-post-thumbnail","6":"product_cat-adidas-box-ro","7":"product_cat-saci-ro-4","9":"first","10":"instock","11":"shipping-taxable","12":"purchasable","13":"product-type-simple"},"_links":{"self":[{"href":"https:\/\/adidascombat.md\/ro\/wp-json\/wp\/v2\/product\/26426","targetHints":{"allow":["GET"]}}],"collection":[{"href":"https:\/\/adidascombat.md\/ro\/wp-json\/wp\/v2\/product"}],"about":[{"href":"https:\/\/adidascombat.md\/ro\/wp-json\/wp\/v2\/types\/product"}],"replies":[{"embeddable":true,"href":"https:\/\/adidascombat.md\/ro\/wp-json\/wp\/v2\/comments?post=26426"}],"version-history":[{"count":1,"href":"https:\/\/adidascombat.md\/ro\/wp-json\/wp\/v2\/product\/26426\/revisions"}],"predecessor-version":[{"id":26427,"href":"https:\/\/adidascombat.md\/ro\/wp-json\/wp\/v2\/product\/26426\/revisions\/26427"}],"wp:featuredmedia":[{"embeddable":true,"href":"https:\/\/adidascombat.md\/ro\/wp-json\/wp\/v2\/media\/26424"}],"wp:attachment":[{"href":"https:\/\/adidascombat.md\/ro\/wp-json\/wp\/v2\/media?parent=26426"}],"wp:term":[{"taxonomy":"product_brand","embeddable":true,"href":"https:\/\/adidascombat.md\/ro\/wp-json\/wp\/v2\/product_brand?post=26426"},{"taxonomy":"product_cat","embeddable":true,"href":"https:\/\/adidascombat.md\/ro\/wp-json\/wp\/v2\/product_cat?post=26426"},{"taxonomy":"product_tag","embeddable":true,"href":"https:\/\/adidascombat.md\/ro\/wp-json\/wp\/v2\/product_tag?post=26426"}],"curies":[{"name":"wp","href":"https:\/\/api.w.org\/{rel}","templated":true}]}}