{"id":26518,"date":"2025-03-04T17:46:38","date_gmt":"2025-03-04T17:46:38","guid":{"rendered":"https:\/\/adidascombat.md\/product\/%d0%b1%d0%be%d0%ba%d1%81%d0%b5%d1%80%d1%81%d0%ba%d0%b0%d1%8f-%d0%b3%d1%80%d1%83%d1%88%d0%b0-adidas-classic-points\/"},"modified":"2025-03-04T17:49:31","modified_gmt":"2025-03-04T17:49:31","slug":"%d0%b1%d0%be%d0%ba%d1%81%d0%b5%d1%80%d1%81%d0%ba%d0%b0%d1%8f-%d0%b3%d1%80%d1%83%d1%88%d0%b0-adidas-classic-points","status":"publish","type":"product","link":"https:\/\/adidascombat.md\/ro\/Produs\/%d0%b1%d0%be%d0%ba%d1%81%d0%b5%d1%80%d1%81%d0%ba%d0%b0%d1%8f-%d0%b3%d1%80%d1%83%d1%88%d0%b0-adidas-classic-points\/","title":{"rendered":"Sac de box adidas Classic Points"},"content":{"rendered":"<p>Sacul de box adidas Classic Points a fost special conceput pentru combina\u021bii de antrenament. Pute\u021bi apela numere tip\u0103rite \u0219i pute\u021bi antrena combina\u021bii individuale pentru tehnic\u0103, coordonare \u0219i vitez\u0103. Acest sac de box este fabricat din piele artificial\u0103 durabil\u0103, vine cu o suspensie cu lan\u021b \u0219i este umplut cu material textil.<\/p>\n<p><strong>Pentru ce arte mar\u021biale este potrivit\u0103 adidas Boxing Bag Classic Points?<\/strong><\/p>\n<p>Sacul de box este potrivit pentru tineri \u0219i b\u0103tr\u00e2ni, pentru amatori \u0219i profesioni\u0219ti. At\u00e2t \u00een \u200b\u200bsal\u0103, c\u00e2t \u0219i acas\u0103. Sacul de box este potrivit pentru: kickboxing, lupte libere, box traditional, box thailandez.<\/p>\n<p><strong>Ce dimensiune de sac de box am nevoie?<\/strong><\/p>\n<p>Daca vrei sa folosesti un sac de box atat pentru lovituri cat si pentru pumni ca adult, vei avea nevoie de o lungime de <strong>150 cm sau 180 cm. <\/strong>Sacul de box este apoi agatat la inaltimea dorita pentru lovituri joase si inalte. Sacul de box at\u00e2rn\u0103 \u0219i la \u00een\u0103l\u021bimea potrivit\u0103 pentru pumni. La aceast\u0103 lungime, sacul de box este, de asemenea, dr\u0103gu\u021b \u0219i greu \u0219i nu se balanseaz\u0103 at\u00e2t de mult \u00een timpul antrenamentului.<\/p>\n","protected":false},"excerpt":{"rendered":"<p>Sacul de box adidas Classic Points a fost special conceput pentru combina\u021bii de antrenament. Pute\u021bi apela numere tip\u0103rite \u0219i pute\u021bi<\/p>\n","protected":false},"featured_media":26514,"comment_status":"open","ping_status":"closed","template":"","meta":[],"product_brand":[],"product_cat":[517,79,81,539],"product_tag":[],"class_list":{"0":"post-26518","1":"product","2":"type-product","3":"status-publish","4":"has-post-thumbnail","6":"product_cat-adidas-box-ro","7":"product_cat-adidas-taekwondo-ro","8":"product_cat-manechine-si-saci-de-box","9":"product_cat-saci-ro-4","11":"first","12":"instock","13":"shipping-taxable","14":"purchasable","15":"product-type-variable"},"_links":{"self":[{"href":"https:\/\/adidascombat.md\/ro\/wp-json\/wp\/v2\/product\/26518","targetHints":{"allow":["GET"]}}],"collection":[{"href":"https:\/\/adidascombat.md\/ro\/wp-json\/wp\/v2\/product"}],"about":[{"href":"https:\/\/adidascombat.md\/ro\/wp-json\/wp\/v2\/types\/product"}],"replies":[{"embeddable":true,"href":"https:\/\/adidascombat.md\/ro\/wp-json\/wp\/v2\/comments?post=26518"}],"version-history":[{"count":2,"href":"https:\/\/adidascombat.md\/ro\/wp-json\/wp\/v2\/product\/26518\/revisions"}],"predecessor-version":[{"id":26522,"href":"https:\/\/adidascombat.md\/ro\/wp-json\/wp\/v2\/product\/26518\/revisions\/26522"}],"wp:featuredmedia":[{"embeddable":true,"href":"https:\/\/adidascombat.md\/ro\/wp-json\/wp\/v2\/media\/26514"}],"wp:attachment":[{"href":"https:\/\/adidascombat.md\/ro\/wp-json\/wp\/v2\/media?parent=26518"}],"wp:term":[{"taxonomy":"product_brand","embeddable":true,"href":"https:\/\/adidascombat.md\/ro\/wp-json\/wp\/v2\/product_brand?post=26518"},{"taxonomy":"product_cat","embeddable":true,"href":"https:\/\/adidascombat.md\/ro\/wp-json\/wp\/v2\/product_cat?post=26518"},{"taxonomy":"product_tag","embeddable":true,"href":"https:\/\/adidascombat.md\/ro\/wp-json\/wp\/v2\/product_tag?post=26518"}],"curies":[{"name":"wp","href":"https:\/\/api.w.org\/{rel}","templated":true}]}}