{"id":26608,"date":"2025-03-06T09:28:18","date_gmt":"2025-03-06T09:28:18","guid":{"rendered":"https:\/\/adidascombat.md\/product\/adidas-pratz-speed-focus-mitt-%d1%87%d0%b5%d1%80%d0%bd%d1%8b%d0%b9-%d0%b1%d0%b5%d0%bb%d1%8b%d0%b9-%d0%bf%d0%be%d0%bb%d0%b8%d1%83%d1%80%d0%b5%d1%82%d0%b0%d0%bd-adimp02\/"},"modified":"2025-03-06T09:32:22","modified_gmt":"2025-03-06T09:32:22","slug":"adidas-pratz-speed-focus-mitt-%d1%87%d0%b5%d1%80%d0%bd%d1%8b%d0%b9-%d0%b1%d0%b5%d0%bb%d1%8b%d0%b9-%d0%bf%d0%be%d0%bb%d0%b8%d1%83%d1%80%d0%b5%d1%82%d0%b0%d0%bd-adimp02","status":"publish","type":"product","link":"https:\/\/adidascombat.md\/ro\/Produs\/adidas-pratz-speed-focus-mitt-%d1%87%d0%b5%d1%80%d0%bd%d1%8b%d0%b9-%d0%b1%d0%b5%d0%bb%d1%8b%d0%b9-%d0%bf%d0%be%d0%bb%d0%b8%d1%83%d1%80%d0%b5%d1%82%d0%b0%d0%bd-adimp02\/","title":{"rendered":"adidas Pratz Speed \u200b\u200b\u200b\u200bFocus Mitt poliuretan negru\/alb, adiMP02"},"content":{"rendered":"<p>Mini manusi de la adidas, pentru control extrem de rapid si lovire precisa a simulatorului. Este necesar momentul perfect pentru a lovi suprafa\u021ba poliuretanului \u201eFLX 3.0\u201d. Restul m\u0103nu\u0219ii este tot din poliuretan FLX 3.0, o piele sintetic\u0103 nou\u0103, extrem de durabil\u0103. Tamponul este realizat din spum\u0103 EVA multistrat, care absoarbe perfect \u0219ocurile.<\/p>\n<p>Se vinde in perechi.<\/p>\n","protected":false},"excerpt":{"rendered":"<p>Mini manusi de la adidas, pentru control extrem de rapid si lovire precisa a simulatorului. Este necesar momentul perfect pentru<\/p>\n","protected":false},"featured_media":26606,"comment_status":"open","ping_status":"closed","template":"","meta":[],"product_brand":[],"product_cat":[517,757,767,518],"product_tag":[],"class_list":{"0":"post-26608","1":"product","2":"type-product","3":"status-publish","4":"has-post-thumbnail","6":"product_cat-adidas-box-ro","7":"product_cat-adidas-kickbox-ro","8":"product_cat-manusi-si-scuturi-ro-5","9":"product_cat-manusi-si-scuturi-ro-2","11":"first","12":"instock","13":"shipping-taxable","14":"purchasable","15":"product-type-simple"},"_links":{"self":[{"href":"https:\/\/adidascombat.md\/ro\/wp-json\/wp\/v2\/product\/26608","targetHints":{"allow":["GET"]}}],"collection":[{"href":"https:\/\/adidascombat.md\/ro\/wp-json\/wp\/v2\/product"}],"about":[{"href":"https:\/\/adidascombat.md\/ro\/wp-json\/wp\/v2\/types\/product"}],"replies":[{"embeddable":true,"href":"https:\/\/adidascombat.md\/ro\/wp-json\/wp\/v2\/comments?post=26608"}],"version-history":[{"count":1,"href":"https:\/\/adidascombat.md\/ro\/wp-json\/wp\/v2\/product\/26608\/revisions"}],"predecessor-version":[{"id":26610,"href":"https:\/\/adidascombat.md\/ro\/wp-json\/wp\/v2\/product\/26608\/revisions\/26610"}],"wp:featuredmedia":[{"embeddable":true,"href":"https:\/\/adidascombat.md\/ro\/wp-json\/wp\/v2\/media\/26606"}],"wp:attachment":[{"href":"https:\/\/adidascombat.md\/ro\/wp-json\/wp\/v2\/media?parent=26608"}],"wp:term":[{"taxonomy":"product_brand","embeddable":true,"href":"https:\/\/adidascombat.md\/ro\/wp-json\/wp\/v2\/product_brand?post=26608"},{"taxonomy":"product_cat","embeddable":true,"href":"https:\/\/adidascombat.md\/ro\/wp-json\/wp\/v2\/product_cat?post=26608"},{"taxonomy":"product_tag","embeddable":true,"href":"https:\/\/adidascombat.md\/ro\/wp-json\/wp\/v2\/product_tag?post=26608"}],"curies":[{"name":"wp","href":"https:\/\/api.w.org\/{rel}","templated":true}]}}