{"id":26623,"date":"2025-03-06T09:34:53","date_gmt":"2025-03-06T09:34:53","guid":{"rendered":"https:\/\/adidascombat.md\/product\/adidas-pratz-speed-focus-mitt-%d1%87%d0%b5%d1%80%d0%bd%d0%b0%d1%8f-%d0%b1%d0%b5%d0%bb%d0%b0%d1%8f-%d0%ba%d0%be%d0%b6%d0%b0-adiemp01\/"},"modified":"2025-03-06T09:36:23","modified_gmt":"2025-03-06T09:36:23","slug":"adidas-pratz-speed-focus-mitt-%d1%87%d0%b5%d1%80%d0%bd%d0%b0%d1%8f-%d0%b1%d0%b5%d0%bb%d0%b0%d1%8f-%d0%ba%d0%be%d0%b6%d0%b0-adiemp01","status":"publish","type":"product","link":"https:\/\/adidascombat.md\/ro\/Produs\/adidas-pratz-speed-focus-mitt-%d1%87%d0%b5%d1%80%d0%bd%d0%b0%d1%8f-%d0%b1%d0%b5%d0%bb%d0%b0%d1%8f-%d0%ba%d0%be%d0%b6%d0%b0-adiemp01\/","title":{"rendered":"Man\u0219\u0103 adidas Pratz Speed \u200b\u200b\u200b\u200bFocus Piele Neagr\u0103\/Alb\u0103, adiEMP01"},"content":{"rendered":"<p>Mini manusi de la adidas, pentru control extrem de rapid si lovire precisa a simulatorului. Este nevoie de momentul perfect pentru a lovi fa\u021ba din piele real\u0103. Restul m\u0103nu\u0219ii este fabricat\u0103 din poliuretan \u201eFLX 3.0\u201d, o piele sintetic\u0103 nou\u0103, extrem de durabil\u0103. Degetele de la picioare sunt echipate cu tehnologia adidas Climacool sub form\u0103 de plas\u0103. Tamponul este realizat din spum\u0103 EVA multistrat, care absoarbe perfect \u0219ocurile.<\/p>\n<p>Cu ajutorul dispozitivului de fixare Velcro pute\u021bi fixa optim ghearele de pe m\u00e2ini.<\/p>\n<p>Se vinde in perechi, disponibil pe alb si negru.<\/p>\n","protected":false},"excerpt":{"rendered":"<p>Mini manusi de la adidas, pentru control extrem de rapid si lovire precisa a simulatorului. Este nevoie de momentul perfect<\/p>\n","protected":false},"featured_media":30909,"comment_status":"open","ping_status":"closed","template":"","meta":[],"product_brand":[],"product_cat":[517,757,767,518],"product_tag":[],"class_list":{"0":"post-26623","1":"product","2":"type-product","3":"status-publish","4":"has-post-thumbnail","6":"product_cat-adidas-box-ro","7":"product_cat-adidas-kickbox-ro","8":"product_cat-manusi-si-scuturi-ro-5","9":"product_cat-manusi-si-scuturi-ro-2","11":"first","12":"instock","13":"shipping-taxable","14":"purchasable","15":"product-type-simple"},"_links":{"self":[{"href":"https:\/\/adidascombat.md\/ro\/wp-json\/wp\/v2\/product\/26623","targetHints":{"allow":["GET"]}}],"collection":[{"href":"https:\/\/adidascombat.md\/ro\/wp-json\/wp\/v2\/product"}],"about":[{"href":"https:\/\/adidascombat.md\/ro\/wp-json\/wp\/v2\/types\/product"}],"replies":[{"embeddable":true,"href":"https:\/\/adidascombat.md\/ro\/wp-json\/wp\/v2\/comments?post=26623"}],"version-history":[{"count":2,"href":"https:\/\/adidascombat.md\/ro\/wp-json\/wp\/v2\/product\/26623\/revisions"}],"predecessor-version":[{"id":26625,"href":"https:\/\/adidascombat.md\/ro\/wp-json\/wp\/v2\/product\/26623\/revisions\/26625"}],"wp:featuredmedia":[{"embeddable":true,"href":"https:\/\/adidascombat.md\/ro\/wp-json\/wp\/v2\/media\/30909"}],"wp:attachment":[{"href":"https:\/\/adidascombat.md\/ro\/wp-json\/wp\/v2\/media?parent=26623"}],"wp:term":[{"taxonomy":"product_brand","embeddable":true,"href":"https:\/\/adidascombat.md\/ro\/wp-json\/wp\/v2\/product_brand?post=26623"},{"taxonomy":"product_cat","embeddable":true,"href":"https:\/\/adidascombat.md\/ro\/wp-json\/wp\/v2\/product_cat?post=26623"},{"taxonomy":"product_tag","embeddable":true,"href":"https:\/\/adidascombat.md\/ro\/wp-json\/wp\/v2\/product_tag?post=26623"}],"curies":[{"name":"wp","href":"https:\/\/api.w.org\/{rel}","templated":true}]}}