{"id":26684,"date":"2025-03-06T09:46:44","date_gmt":"2025-03-06T09:46:44","guid":{"rendered":"https:\/\/adidascombat.md\/product\/adidas-speed-coach-%d0%bf%d0%b0%d1%80%d0%bd%d1%8b%d0%b5-%d0%bc%d0%b8%d1%82%d0%b5%d0%bd%d0%ba%d0%b8-%d0%b1%d0%b5%d0%bb%d1%8b%d0%b9-%d0%b7%d0%be%d0%bb%d0%be%d1%82%d0%be%d0%b9-adisbac014\/"},"modified":"2025-03-06T09:47:32","modified_gmt":"2025-03-06T09:47:32","slug":"adidas-speed-coach-%d0%bf%d0%b0%d1%80%d0%bd%d1%8b%d0%b5-%d0%bc%d0%b8%d1%82%d0%b5%d0%bd%d0%ba%d0%b8-%d0%b1%d0%b5%d0%bb%d1%8b%d0%b9-%d0%b7%d0%be%d0%bb%d0%be%d1%82%d0%be%d0%b9-adisbac014","status":"publish","type":"product","link":"https:\/\/adidascombat.md\/ro\/Produs\/adidas-speed-coach-%d0%bf%d0%b0%d1%80%d0%bd%d1%8b%d0%b5-%d0%bc%d0%b8%d1%82%d0%b5%d0%bd%d0%ba%d0%b8-%d0%b1%d0%b5%d0%bb%d1%8b%d0%b9-%d0%b7%d0%be%d0%bb%d0%be%d1%82%d0%be%d0%b9-adisbac014\/","title":{"rendered":"Pereche de m\u0103nu\u0219i adidas Speed \u200b\u200b\u200b\u200bCoach, alb\/auriu ADISBAC014"},"content":{"rendered":"<p>Aceste m\u0103nu\u0219i Speed \u200b\u200b\u200b\u200bCoach sunt fabricate din piele sintetic\u0103 premium FLX 3.0. Suprafa\u021ba m\u0103nu\u0219ii cu m\u00e2ner este realizat\u0103 din material mesh adidas Climacool. Perna este umplut\u0103 cu spum\u0103 EVA, ceea ce o face flexibil\u0103, puternic\u0103 \u0219i durabil\u0103. Palma este c\u0103ptu\u0219it\u0103 \u0219i echipat\u0103 cu o minge de prindere pentru a v\u0103 asigura c\u0103 ave\u021bi o prindere sigur\u0103 pe pernu\u021bele m\u00e2inilor \u00een timp ce v\u0103 antrena\u021bi.<\/p>\n<p>Avantajele m\u0103nu\u0219ilor Speed \u200b\u200bCoach<\/p>\n<p>&#8211; Fabricat din piele sintetic\u0103 PU3G &#8211; Umplut cu spum\u0103 EVA pentru flexibilitate \u0219i durabilitate<\/p>\n","protected":false},"excerpt":{"rendered":"<p>Aceste m\u0103nu\u0219i Speed \u200b\u200b\u200b\u200bCoach sunt fabricate din piele sintetic\u0103 premium FLX 3.0. Suprafa\u021ba m\u0103nu\u0219ii cu m\u00e2ner este realizat\u0103 din material<\/p>\n","protected":false},"featured_media":26660,"comment_status":"open","ping_status":"closed","template":"","meta":[],"product_brand":[],"product_cat":[517,518],"product_tag":[],"class_list":{"0":"post-26684","1":"product","2":"type-product","3":"status-publish","4":"has-post-thumbnail","6":"product_cat-adidas-box-ro","7":"product_cat-manusi-si-scuturi-ro-2","9":"first","10":"instock","11":"shipping-taxable","12":"purchasable","13":"product-type-simple"},"_links":{"self":[{"href":"https:\/\/adidascombat.md\/ro\/wp-json\/wp\/v2\/product\/26684","targetHints":{"allow":["GET"]}}],"collection":[{"href":"https:\/\/adidascombat.md\/ro\/wp-json\/wp\/v2\/product"}],"about":[{"href":"https:\/\/adidascombat.md\/ro\/wp-json\/wp\/v2\/types\/product"}],"replies":[{"embeddable":true,"href":"https:\/\/adidascombat.md\/ro\/wp-json\/wp\/v2\/comments?post=26684"}],"version-history":[{"count":2,"href":"https:\/\/adidascombat.md\/ro\/wp-json\/wp\/v2\/product\/26684\/revisions"}],"predecessor-version":[{"id":26686,"href":"https:\/\/adidascombat.md\/ro\/wp-json\/wp\/v2\/product\/26684\/revisions\/26686"}],"wp:featuredmedia":[{"embeddable":true,"href":"https:\/\/adidascombat.md\/ro\/wp-json\/wp\/v2\/media\/26660"}],"wp:attachment":[{"href":"https:\/\/adidascombat.md\/ro\/wp-json\/wp\/v2\/media?parent=26684"}],"wp:term":[{"taxonomy":"product_brand","embeddable":true,"href":"https:\/\/adidascombat.md\/ro\/wp-json\/wp\/v2\/product_brand?post=26684"},{"taxonomy":"product_cat","embeddable":true,"href":"https:\/\/adidascombat.md\/ro\/wp-json\/wp\/v2\/product_cat?post=26684"},{"taxonomy":"product_tag","embeddable":true,"href":"https:\/\/adidascombat.md\/ro\/wp-json\/wp\/v2\/product_tag?post=26684"}],"curies":[{"name":"wp","href":"https:\/\/api.w.org\/{rel}","templated":true}]}}