{"id":26780,"date":"2025-03-06T10:23:02","date_gmt":"2025-03-06T10:23:02","guid":{"rendered":"https:\/\/adidascombat.md\/product\/%d0%bb%d0%b0%d0%bf%d1%8b-adidas-combat-50-adic50fm\/"},"modified":"2025-03-06T10:25:12","modified_gmt":"2025-03-06T10:25:12","slug":"%d0%bb%d0%b0%d0%bf%d1%8b-adidas-combat-50-adic50fm","status":"publish","type":"product","link":"https:\/\/adidascombat.md\/ro\/Produs\/%d0%bb%d0%b0%d0%bf%d1%8b-adidas-combat-50-adic50fm\/","title":{"rendered":"M\u0103nu\u0219i adidas Combat 50, adiC50FM"},"content":{"rendered":"<p>M\u0103nu\u0219ile adidas Combat 50 Focus sunt fabricate din piele sintetic\u0103 FLX 3.0 de \u00eenalt\u0103 calitate.Palma este c\u0103ptu\u0219it\u0103 \u0219i echipat\u0103 cu \u00eenchidere Velcro \u0219i o minge de prindere, astfel \u00eenc\u00e2t s\u0103 fie posibil\u0103 o prindere sigur\u0103. Amortizorul din spum\u0103 EVA asigur\u0103 o absorb\u021bie \u0219i protec\u021bie optim\u0103 a \u0219ocurilor. Antrenorii \u0219i lupt\u0103torii pot lucra perfect cu aceast\u0103 m\u0103nu\u0219\u0103. M\u0103nu\u0219a adidas Combat 50 vine \u00eentr-o pereche.<\/p>\n<p><strong>Material: piele sintetica FLX 3.0<\/strong><br \/>\nCaptuseala din spuma EVA<br \/>\nDisponibil \u00een trei culori<\/p>\n","protected":false},"excerpt":{"rendered":"<p>M\u0103nu\u0219ile adidas Combat 50 Focus sunt fabricate din piele sintetic\u0103 FLX 3.0 de \u00eenalt\u0103 calitate.Palma este c\u0103ptu\u0219it\u0103 \u0219i echipat\u0103 cu<\/p>\n","protected":false},"featured_media":33531,"comment_status":"open","ping_status":"closed","template":"","meta":[],"product_brand":[],"product_cat":[517,757,767,518],"product_tag":[],"class_list":{"0":"post-26780","1":"product","2":"type-product","3":"status-publish","4":"has-post-thumbnail","6":"product_cat-adidas-box-ro","7":"product_cat-adidas-kickbox-ro","8":"product_cat-manusi-si-scuturi-ro-5","9":"product_cat-manusi-si-scuturi-ro-2","11":"first","12":"instock","13":"shipping-taxable","14":"purchasable","15":"product-type-variable"},"_links":{"self":[{"href":"https:\/\/adidascombat.md\/ro\/wp-json\/wp\/v2\/product\/26780","targetHints":{"allow":["GET"]}}],"collection":[{"href":"https:\/\/adidascombat.md\/ro\/wp-json\/wp\/v2\/product"}],"about":[{"href":"https:\/\/adidascombat.md\/ro\/wp-json\/wp\/v2\/types\/product"}],"replies":[{"embeddable":true,"href":"https:\/\/adidascombat.md\/ro\/wp-json\/wp\/v2\/comments?post=26780"}],"version-history":[{"count":1,"href":"https:\/\/adidascombat.md\/ro\/wp-json\/wp\/v2\/product\/26780\/revisions"}],"predecessor-version":[{"id":26785,"href":"https:\/\/adidascombat.md\/ro\/wp-json\/wp\/v2\/product\/26780\/revisions\/26785"}],"wp:featuredmedia":[{"embeddable":true,"href":"https:\/\/adidascombat.md\/ro\/wp-json\/wp\/v2\/media\/33531"}],"wp:attachment":[{"href":"https:\/\/adidascombat.md\/ro\/wp-json\/wp\/v2\/media?parent=26780"}],"wp:term":[{"taxonomy":"product_brand","embeddable":true,"href":"https:\/\/adidascombat.md\/ro\/wp-json\/wp\/v2\/product_brand?post=26780"},{"taxonomy":"product_cat","embeddable":true,"href":"https:\/\/adidascombat.md\/ro\/wp-json\/wp\/v2\/product_cat?post=26780"},{"taxonomy":"product_tag","embeddable":true,"href":"https:\/\/adidascombat.md\/ro\/wp-json\/wp\/v2\/product_tag?post=26780"}],"curies":[{"name":"wp","href":"https:\/\/api.w.org\/{rel}","templated":true}]}}