{"id":26825,"date":"2025-03-06T10:34:31","date_gmt":"2025-03-06T10:34:31","guid":{"rendered":"https:\/\/adidascombat.md\/product\/adidas-speed-coach-%d1%80%d1%83%d0%ba%d0%b0%d0%b2%d0%b8%d1%86%d1%8b-%d0%b4%d0%bb%d1%8f-%d0%bf%d0%b0%d1%80-%d1%87%d0%b5%d1%80%d0%bd%d1%8b%d0%b9-%d0%b1%d0%b5%d0%bb%d1%8b%d0%b9-adisbac01\/"},"modified":"2025-03-06T10:35:45","modified_gmt":"2025-03-06T10:35:45","slug":"adidas-speed-coach-%d1%80%d1%83%d0%ba%d0%b0%d0%b2%d0%b8%d1%86%d1%8b-%d0%b4%d0%bb%d1%8f-%d0%bf%d0%b0%d1%80-%d1%87%d0%b5%d1%80%d0%bd%d1%8b%d0%b9-%d0%b1%d0%b5%d0%bb%d1%8b%d0%b9-adisbac01","status":"publish","type":"product","link":"https:\/\/adidascombat.md\/ro\/Produs\/adidas-speed-coach-%d1%80%d1%83%d0%ba%d0%b0%d0%b2%d0%b8%d1%86%d1%8b-%d0%b4%d0%bb%d1%8f-%d0%bf%d0%b0%d1%80-%d1%87%d0%b5%d1%80%d0%bd%d1%8b%d0%b9-%d0%b1%d0%b5%d0%bb%d1%8b%d0%b9-adisbac01\/","title":{"rendered":"M\u0103nu\u0219i adidas Speed \u200b\u200b\u200b\u200bCoach Couples Negru\/Alb ADISBAC01"},"content":{"rendered":"<p>Padul scurt adidas Training Curved Focus Mitts este fabricat din piele sintetica PU3G de inalta calitate. Palma este c\u0103ptu\u0219it\u0103 \u0219i echipat\u0103 cu \u00eenchidere Velcro \u0219i o minge de prindere, astfel \u00eenc\u00e2t s\u0103 fie posibil\u0103 o prindere sigur\u0103. Spuma EVA ofer\u0103 amortizare \u0219i protec\u021bie optime. Aceast\u0103 m\u0103nu\u0219\u0103 este ideal\u0103 at\u00e2t pentru antrenor, c\u00e2t \u0219i pentru student. Vine \u00eentr-o singur\u0103 m\u0103rime, negru \u0219i \u00een perechi.<\/p>\n<p>&#8211; Fabricat din PU3G<br \/>\n&#8211; \u00cengro\u0219are \u00een zona \u00eencheieturii m\u00e2inii pentru suport \u0219i confort suplimentar<br \/>\n&#8211; Tehnologia de perforare cu aer<br \/>\n-VELCRO<br \/>\n&#8211; Dimensiune: 26 x 18 x 9 cm<\/p>\n","protected":false},"excerpt":{"rendered":"<p>Padul scurt adidas Training Curved Focus Mitts este fabricat din piele sintetica PU3G de inalta calitate. Palma este c\u0103ptu\u0219it\u0103 \u0219i<\/p>\n","protected":false},"featured_media":26823,"comment_status":"open","ping_status":"closed","template":"","meta":[],"product_brand":[],"product_cat":[517,757,767,518],"product_tag":[],"class_list":{"0":"post-26825","1":"product","2":"type-product","3":"status-publish","4":"has-post-thumbnail","6":"product_cat-adidas-box-ro","7":"product_cat-adidas-kickbox-ro","8":"product_cat-manusi-si-scuturi-ro-5","9":"product_cat-manusi-si-scuturi-ro-2","11":"first","12":"instock","13":"shipping-taxable","14":"purchasable","15":"product-type-simple"},"_links":{"self":[{"href":"https:\/\/adidascombat.md\/ro\/wp-json\/wp\/v2\/product\/26825","targetHints":{"allow":["GET"]}}],"collection":[{"href":"https:\/\/adidascombat.md\/ro\/wp-json\/wp\/v2\/product"}],"about":[{"href":"https:\/\/adidascombat.md\/ro\/wp-json\/wp\/v2\/types\/product"}],"replies":[{"embeddable":true,"href":"https:\/\/adidascombat.md\/ro\/wp-json\/wp\/v2\/comments?post=26825"}],"version-history":[{"count":1,"href":"https:\/\/adidascombat.md\/ro\/wp-json\/wp\/v2\/product\/26825\/revisions"}],"predecessor-version":[{"id":26826,"href":"https:\/\/adidascombat.md\/ro\/wp-json\/wp\/v2\/product\/26825\/revisions\/26826"}],"wp:featuredmedia":[{"embeddable":true,"href":"https:\/\/adidascombat.md\/ro\/wp-json\/wp\/v2\/media\/26823"}],"wp:attachment":[{"href":"https:\/\/adidascombat.md\/ro\/wp-json\/wp\/v2\/media?parent=26825"}],"wp:term":[{"taxonomy":"product_brand","embeddable":true,"href":"https:\/\/adidascombat.md\/ro\/wp-json\/wp\/v2\/product_brand?post=26825"},{"taxonomy":"product_cat","embeddable":true,"href":"https:\/\/adidascombat.md\/ro\/wp-json\/wp\/v2\/product_cat?post=26825"},{"taxonomy":"product_tag","embeddable":true,"href":"https:\/\/adidascombat.md\/ro\/wp-json\/wp\/v2\/product_tag?post=26825"}],"curies":[{"name":"wp","href":"https:\/\/api.w.org\/{rel}","templated":true}]}}