{"id":26976,"date":"2025-03-06T15:05:53","date_gmt":"2025-03-06T15:05:53","guid":{"rendered":"https:\/\/adidascombat.md\/product\/%d1%81%d1%82%d0%b0%d0%bb%d1%8c-%d1%81%d0%ba%d0%b0%d0%ba%d0%b0%d0%bb%d0%ba%d0%b0-%d1%81-%d0%bf%d0%bb%d0%b0%d1%81%d1%82%d0%b8%d0%ba%d0%be%d0%b2%d0%be%d0%b9-%d0%be%d0%b1%d0%be%d0%bb%d0%be%d1%87%d0%ba\/"},"modified":"2025-03-06T15:07:00","modified_gmt":"2025-03-06T15:07:00","slug":"%d1%81%d1%82%d0%b0%d0%bb%d1%8c-%d1%81%d0%ba%d0%b0%d0%ba%d0%b0%d0%bb%d0%ba%d0%b0-%d1%81-%d0%bf%d0%bb%d0%b0%d1%81%d1%82%d0%b8%d0%ba%d0%be%d0%b2%d0%be%d0%b9-%d0%be%d0%b1%d0%be%d0%bb%d0%be%d1%87%d0%ba","status":"publish","type":"product","link":"https:\/\/adidascombat.md\/ro\/Produs\/%d1%81%d1%82%d0%b0%d0%bb%d1%8c-%d1%81%d0%ba%d0%b0%d0%ba%d0%b0%d0%bb%d0%ba%d0%b0-%d1%81-%d0%bf%d0%bb%d0%b0%d1%81%d1%82%d0%b8%d0%ba%d0%be%d0%b2%d0%be%d0%b9-%d0%be%d0%b1%d0%be%d0%bb%d0%be%d1%87%d0%ba\/","title":{"rendered":"Otel &#8211; Coarda de sarit cu carcasa de plastic"},"content":{"rendered":"<p>Coarda de s\u0103rit cu rotire rapid\u0103, cu m\u00e2nere din plastic \u0219i fr\u00e2nghie de o\u021bel, lungime reglabil\u0103 individual. Funia este livrat\u0103 \u00eentr-o cutie practic\u0103 de depozitare.<\/p>\n<p>Lungime aprox. 285-290 cm (cu m\u00e2nere)<\/p>\n","protected":false},"excerpt":{"rendered":"<p>Coarda de s\u0103rit cu rotire rapid\u0103, cu m\u00e2nere din plastic \u0219i fr\u00e2nghie de o\u021bel, lungime reglabil\u0103 individual. Funia este livrat\u0103<\/p>\n","protected":false},"featured_media":26974,"comment_status":"open","ping_status":"closed","template":"","meta":[],"product_brand":[],"product_cat":[517],"product_tag":[],"class_list":{"0":"post-26976","1":"product","2":"type-product","3":"status-publish","4":"has-post-thumbnail","6":"product_cat-adidas-box-ro","8":"first","9":"instock","10":"shipping-taxable","11":"purchasable","12":"product-type-simple"},"_links":{"self":[{"href":"https:\/\/adidascombat.md\/ro\/wp-json\/wp\/v2\/product\/26976","targetHints":{"allow":["GET"]}}],"collection":[{"href":"https:\/\/adidascombat.md\/ro\/wp-json\/wp\/v2\/product"}],"about":[{"href":"https:\/\/adidascombat.md\/ro\/wp-json\/wp\/v2\/types\/product"}],"replies":[{"embeddable":true,"href":"https:\/\/adidascombat.md\/ro\/wp-json\/wp\/v2\/comments?post=26976"}],"version-history":[{"count":2,"href":"https:\/\/adidascombat.md\/ro\/wp-json\/wp\/v2\/product\/26976\/revisions"}],"predecessor-version":[{"id":26978,"href":"https:\/\/adidascombat.md\/ro\/wp-json\/wp\/v2\/product\/26976\/revisions\/26978"}],"wp:featuredmedia":[{"embeddable":true,"href":"https:\/\/adidascombat.md\/ro\/wp-json\/wp\/v2\/media\/26974"}],"wp:attachment":[{"href":"https:\/\/adidascombat.md\/ro\/wp-json\/wp\/v2\/media?parent=26976"}],"wp:term":[{"taxonomy":"product_brand","embeddable":true,"href":"https:\/\/adidascombat.md\/ro\/wp-json\/wp\/v2\/product_brand?post=26976"},{"taxonomy":"product_cat","embeddable":true,"href":"https:\/\/adidascombat.md\/ro\/wp-json\/wp\/v2\/product_cat?post=26976"},{"taxonomy":"product_tag","embeddable":true,"href":"https:\/\/adidascombat.md\/ro\/wp-json\/wp\/v2\/product_tag?post=26976"}],"curies":[{"name":"wp","href":"https:\/\/api.w.org\/{rel}","templated":true}]}}