{"id":26991,"date":"2025-03-06T15:26:57","date_gmt":"2025-03-06T15:26:57","guid":{"rendered":"https:\/\/adidascombat.md\/product\/%d0%b1%d1%8b%d1%81%d1%82%d1%80%d0%be%d0%bf%d0%be%d0%b2%d0%be%d1%80%d0%be%d1%82%d0%bd%d0%b0%d1%8f-%d0%bf%d0%bb%d0%b0%d1%81%d1%82%d0%b8%d0%ba%d0%be%d0%b2%d0%b0%d1%8f-%d1%81%d0%ba%d0%b0%d0%ba%d0%b0%d0%bb\/"},"modified":"2025-03-06T15:34:41","modified_gmt":"2025-03-06T15:34:41","slug":"%d0%b1%d1%8b%d1%81%d1%82%d1%80%d0%be%d0%bf%d0%be%d0%b2%d0%be%d1%80%d0%be%d1%82%d0%bd%d0%b0%d1%8f-%d0%bf%d0%bb%d0%b0%d1%81%d1%82%d0%b8%d0%ba%d0%be%d0%b2%d0%b0%d1%8f-%d1%81%d0%ba%d0%b0%d0%ba%d0%b0%d0%bb","status":"publish","type":"product","link":"https:\/\/adidascombat.md\/ro\/Produs\/%d0%b1%d1%8b%d1%81%d1%82%d1%80%d0%be%d0%bf%d0%be%d0%b2%d0%be%d1%80%d0%be%d1%82%d0%bd%d0%b0%d1%8f-%d0%bf%d0%bb%d0%b0%d1%81%d1%82%d0%b8%d0%ba%d0%be%d0%b2%d0%b0%d1%8f-%d1%81%d0%ba%d0%b0%d0%ba%d0%b0%d0%bb\/","title":{"rendered":"Coarda de sarit din plastic cu rotire rapida"},"content":{"rendered":"<p>Coarda de sarit din plastic cu rotire rapida. M\u00e2nerele sunt \u00een\u0219urubate, fiecare m\u00e2ner are 2 greut\u0103\u021bi, fiecare c\u00e2nt\u0103rind aproximativ 210 grame. Greut\u0103\u021bile pot fi, de asemenea, \u00eendep\u0103rtate \u0219i fr\u00e2nghia poate fi apoi folosit\u0103 ca o fr\u00e2nghie \u201eobi\u0219nuit\u0103\u201d de s\u0103rit. \u00centreaga fr\u00e2nghie c\u00e2nt\u0103re\u0219te aproximativ 1100 de grame, inclusiv greut\u0103\u021bile.<\/p>\n","protected":false},"excerpt":{"rendered":"<p>Coarda de sarit din plastic cu rotire rapida. M\u00e2nerele sunt \u00een\u0219urubate, fiecare m\u00e2ner are 2 greut\u0103\u021bi, fiecare c\u00e2nt\u0103rind aproximativ 210<\/p>\n","protected":false},"featured_media":26989,"comment_status":"open","ping_status":"closed","template":"","meta":[],"product_brand":[],"product_cat":[517],"product_tag":[],"class_list":{"0":"post-26991","1":"product","2":"type-product","3":"status-publish","4":"has-post-thumbnail","6":"product_cat-adidas-box-ro","8":"first","9":"instock","10":"shipping-taxable","11":"purchasable","12":"product-type-simple"},"_links":{"self":[{"href":"https:\/\/adidascombat.md\/ro\/wp-json\/wp\/v2\/product\/26991","targetHints":{"allow":["GET"]}}],"collection":[{"href":"https:\/\/adidascombat.md\/ro\/wp-json\/wp\/v2\/product"}],"about":[{"href":"https:\/\/adidascombat.md\/ro\/wp-json\/wp\/v2\/types\/product"}],"replies":[{"embeddable":true,"href":"https:\/\/adidascombat.md\/ro\/wp-json\/wp\/v2\/comments?post=26991"}],"version-history":[{"count":2,"href":"https:\/\/adidascombat.md\/ro\/wp-json\/wp\/v2\/product\/26991\/revisions"}],"predecessor-version":[{"id":26993,"href":"https:\/\/adidascombat.md\/ro\/wp-json\/wp\/v2\/product\/26991\/revisions\/26993"}],"wp:featuredmedia":[{"embeddable":true,"href":"https:\/\/adidascombat.md\/ro\/wp-json\/wp\/v2\/media\/26989"}],"wp:attachment":[{"href":"https:\/\/adidascombat.md\/ro\/wp-json\/wp\/v2\/media?parent=26991"}],"wp:term":[{"taxonomy":"product_brand","embeddable":true,"href":"https:\/\/adidascombat.md\/ro\/wp-json\/wp\/v2\/product_brand?post=26991"},{"taxonomy":"product_cat","embeddable":true,"href":"https:\/\/adidascombat.md\/ro\/wp-json\/wp\/v2\/product_cat?post=26991"},{"taxonomy":"product_tag","embeddable":true,"href":"https:\/\/adidascombat.md\/ro\/wp-json\/wp\/v2\/product_tag?post=26991"}],"curies":[{"name":"wp","href":"https:\/\/api.w.org\/{rel}","templated":true}]}}