{"id":26998,"date":"2025-03-06T15:42:28","date_gmt":"2025-03-06T15:42:28","guid":{"rendered":"https:\/\/adidascombat.md\/product\/%d0%ba%d0%be%d0%b6%d0%b0%d0%bd%d0%b0%d1%8f-%d1%81%d0%ba%d0%b0%d0%ba%d0%b0%d0%bb%d0%ba%d0%b0\/"},"modified":"2025-03-06T15:43:40","modified_gmt":"2025-03-06T15:43:40","slug":"%d0%ba%d0%be%d0%b6%d0%b0%d0%bd%d0%b0%d1%8f-%d1%81%d0%ba%d0%b0%d0%ba%d0%b0%d0%bb%d0%ba%d0%b0","status":"publish","type":"product","link":"https:\/\/adidascombat.md\/ro\/Produs\/%d0%ba%d0%be%d0%b6%d0%b0%d0%bd%d0%b0%d1%8f-%d1%81%d0%ba%d0%b0%d0%ba%d0%b0%d0%bb%d0%ba%d0%b0\/","title":{"rendered":"Coarda de sarit din piele"},"content":{"rendered":"<p>Coarda de sarit cu rotire rapida din piele naturala. M\u00e2nerele sunt realizate din cel mai fin lemn, iar fr\u00e2nghia ruleaz\u0103 perfect pe rulmen\u021bi cu bile. Lungimea fr\u00e2nghiei f\u0103r\u0103 m\u00e2nere aprox. 2,50 metri. Ideal pentru antrenament de fitness, kickboxing etc.!<\/p>\n<p>M\u00e2nere din lemn, foarte rezistente \u0219i rezistente<br \/>\nfr\u00e2nghie grea de piele<br \/>\nPentru to\u021bi cei care doresc s\u0103 ajung\u0103 sau s\u0103 r\u0103m\u00e2n\u0103 \u00een form\u0103<br \/>\nBox, kickboxing, fitness<br \/>\nCoarda se \u00eenv\u00e2rte \u0219i se echilibreaz\u0103 perfect.<\/p>\n","protected":false},"excerpt":{"rendered":"<p>Coarda de sarit cu rotire rapida din piele naturala. M\u00e2nerele sunt realizate din cel mai fin lemn, iar fr\u00e2nghia ruleaz\u0103<\/p>\n","protected":false},"featured_media":26996,"comment_status":"open","ping_status":"closed","template":"","meta":[],"product_brand":[],"product_cat":[517],"product_tag":[],"class_list":{"0":"post-26998","1":"product","2":"type-product","3":"status-publish","4":"has-post-thumbnail","6":"product_cat-adidas-box-ro","8":"first","9":"instock","10":"shipping-taxable","11":"purchasable","12":"product-type-simple"},"_links":{"self":[{"href":"https:\/\/adidascombat.md\/ro\/wp-json\/wp\/v2\/product\/26998","targetHints":{"allow":["GET"]}}],"collection":[{"href":"https:\/\/adidascombat.md\/ro\/wp-json\/wp\/v2\/product"}],"about":[{"href":"https:\/\/adidascombat.md\/ro\/wp-json\/wp\/v2\/types\/product"}],"replies":[{"embeddable":true,"href":"https:\/\/adidascombat.md\/ro\/wp-json\/wp\/v2\/comments?post=26998"}],"version-history":[{"count":1,"href":"https:\/\/adidascombat.md\/ro\/wp-json\/wp\/v2\/product\/26998\/revisions"}],"predecessor-version":[{"id":26999,"href":"https:\/\/adidascombat.md\/ro\/wp-json\/wp\/v2\/product\/26998\/revisions\/26999"}],"wp:featuredmedia":[{"embeddable":true,"href":"https:\/\/adidascombat.md\/ro\/wp-json\/wp\/v2\/media\/26996"}],"wp:attachment":[{"href":"https:\/\/adidascombat.md\/ro\/wp-json\/wp\/v2\/media?parent=26998"}],"wp:term":[{"taxonomy":"product_brand","embeddable":true,"href":"https:\/\/adidascombat.md\/ro\/wp-json\/wp\/v2\/product_brand?post=26998"},{"taxonomy":"product_cat","embeddable":true,"href":"https:\/\/adidascombat.md\/ro\/wp-json\/wp\/v2\/product_cat?post=26998"},{"taxonomy":"product_tag","embeddable":true,"href":"https:\/\/adidascombat.md\/ro\/wp-json\/wp\/v2\/product_tag?post=26998"}],"curies":[{"name":"wp","href":"https:\/\/api.w.org\/{rel}","templated":true}]}}