{"id":27007,"date":"2025-03-06T15:46:12","date_gmt":"2025-03-06T15:46:12","guid":{"rendered":"https:\/\/adidascombat.md\/product\/adidas-%d1%81%d0%ba%d0%b0%d0%ba%d0%b0%d0%bb%d0%ba%d0%b0-%d0%b4%d0%b5%d1%80%d0%b5%d0%b2%d0%be-%d0%ba%d0%be%d0%b6%d0%b0-adijrw01\/"},"modified":"2025-03-06T18:51:40","modified_gmt":"2025-03-06T18:51:40","slug":"adidas-%d1%81%d0%ba%d0%b0%d0%ba%d0%b0%d0%bb%d0%ba%d0%b0-%d0%b4%d0%b5%d1%80%d0%b5%d0%b2%d0%be-%d0%ba%d0%be%d0%b6%d0%b0-adijrw01","status":"publish","type":"product","link":"https:\/\/adidascombat.md\/ro\/Produs\/adidas-%d1%81%d0%ba%d0%b0%d0%ba%d0%b0%d0%bb%d0%ba%d0%b0-%d0%b4%d0%b5%d1%80%d0%b5%d0%b2%d0%be-%d0%ba%d0%be%d0%b6%d0%b0-adijrw01\/","title":{"rendered":"adidas Jump Rope Lemn\/Piele, ADIJRW01"},"content":{"rendered":"<p>Greutatea echilibrat\u0103 a m\u00e2nerului \u0219i rulmen\u021bii cu bile care func\u021bioneaz\u0103 perfect fac din coarda de s\u0103ritur\u0103 partenerul t\u0103u de antrenament zilnic.<\/p>\n<p>Lungime total\u0103: 2,75 m, reglabil\u0103<br \/>\nM\u00e2nere din lemn de frasin<\/p>\n","protected":false},"excerpt":{"rendered":"<p>Greutatea echilibrat\u0103 a m\u00e2nerului \u0219i rulmen\u021bii cu bile care func\u021bioneaz\u0103 perfect fac din coarda de s\u0103ritur\u0103 partenerul t\u0103u de antrenament<\/p>\n","protected":false},"featured_media":27005,"comment_status":"open","ping_status":"closed","template":"","meta":[],"product_brand":[],"product_cat":[517],"product_tag":[],"class_list":{"0":"post-27007","1":"product","2":"type-product","3":"status-publish","4":"has-post-thumbnail","6":"product_cat-adidas-box-ro","8":"first","9":"instock","10":"shipping-taxable","11":"purchasable","12":"product-type-simple"},"_links":{"self":[{"href":"https:\/\/adidascombat.md\/ro\/wp-json\/wp\/v2\/product\/27007","targetHints":{"allow":["GET"]}}],"collection":[{"href":"https:\/\/adidascombat.md\/ro\/wp-json\/wp\/v2\/product"}],"about":[{"href":"https:\/\/adidascombat.md\/ro\/wp-json\/wp\/v2\/types\/product"}],"replies":[{"embeddable":true,"href":"https:\/\/adidascombat.md\/ro\/wp-json\/wp\/v2\/comments?post=27007"}],"version-history":[{"count":2,"href":"https:\/\/adidascombat.md\/ro\/wp-json\/wp\/v2\/product\/27007\/revisions"}],"predecessor-version":[{"id":27009,"href":"https:\/\/adidascombat.md\/ro\/wp-json\/wp\/v2\/product\/27007\/revisions\/27009"}],"wp:featuredmedia":[{"embeddable":true,"href":"https:\/\/adidascombat.md\/ro\/wp-json\/wp\/v2\/media\/27005"}],"wp:attachment":[{"href":"https:\/\/adidascombat.md\/ro\/wp-json\/wp\/v2\/media?parent=27007"}],"wp:term":[{"taxonomy":"product_brand","embeddable":true,"href":"https:\/\/adidascombat.md\/ro\/wp-json\/wp\/v2\/product_brand?post=27007"},{"taxonomy":"product_cat","embeddable":true,"href":"https:\/\/adidascombat.md\/ro\/wp-json\/wp\/v2\/product_cat?post=27007"},{"taxonomy":"product_tag","embeddable":true,"href":"https:\/\/adidascombat.md\/ro\/wp-json\/wp\/v2\/product_tag?post=27007"}],"curies":[{"name":"wp","href":"https:\/\/api.w.org\/{rel}","templated":true}]}}