{"id":27039,"date":"2025-03-06T19:04:34","date_gmt":"2025-03-06T19:04:34","guid":{"rendered":"https:\/\/adidascombat.md\/product\/%d0%b7%d0%b0%d1%89%d0%b8%d1%82%d0%b0-%d0%bf%d0%b0%d1%85%d0%b0-adidas-adistar-pro-adipgg01\/"},"modified":"2025-03-06T19:15:51","modified_gmt":"2025-03-06T19:15:51","slug":"%d0%b7%d0%b0%d1%89%d0%b8%d1%82%d0%b0-%d0%bf%d0%b0%d1%85%d0%b0-adidas-adistar-pro-adipgg01","status":"publish","type":"product","link":"https:\/\/adidascombat.md\/ro\/Produs\/%d0%b7%d0%b0%d1%89%d0%b8%d1%82%d0%b0-%d0%bf%d0%b0%d1%85%d0%b0-adidas-adistar-pro-adipgg01\/","title":{"rendered":"Ap\u0103r\u0103toare inghinal\u0103 adidas adistar pro, ADIPGG01"},"content":{"rendered":"<p>Ap\u0103r\u0103toarea inghinal\u0103 adidas adiSTAR Pro este o protec\u021bie inghinal\u0103 profesional\u0103 realizat\u0103 din piele de \u00eenalt\u0103 calitate. Protectia este prevazuta cu sireturi, ceea ce asigura o potrivire optima. Const\u0103 dintr-o c\u0103ptu\u0219eal\u0103 foarte groas\u0103, special conceput\u0103 pentru a absorbi impacturile puternice din sectorul profesional.<\/p>\n<p>adidas adiSTAR Pro Groin Guard este disponibil \u00een urm\u0103toarele m\u0103rimi \u0219i culori:<\/p>\n<p>&#8211; S &#8211; M &#8211; L &#8211; XL, disponibil in culorile: &#8211; Negru\/Auriu.<\/p>\n<p>Beneficiile adiSTAR Pro Groin Guard<\/p>\n<p>&#8211; Protectie profesionala inghinale<\/p>\n<p>&#8211; Siret la spate<br \/>\n&#8211; Partea exterioar\u0103 din cea mai bun\u0103 piele<br \/>\n&#8211; Captuseala foarte groasa<\/p>\n","protected":false},"excerpt":{"rendered":"<p>Ap\u0103r\u0103toarea inghinal\u0103 adidas adiSTAR Pro este o protec\u021bie inghinal\u0103 profesional\u0103 realizat\u0103 din piele de \u00eenalt\u0103 calitate. Protectia este prevazuta cu<\/p>\n","protected":false},"featured_media":27029,"comment_status":"open","ping_status":"closed","template":"","meta":[],"product_brand":[],"product_cat":[517,757,769],"product_tag":[],"class_list":{"0":"post-27039","1":"product","2":"type-product","3":"status-publish","4":"has-post-thumbnail","6":"product_cat-adidas-box-ro","7":"product_cat-adidas-kickbox-ro","8":"product_cat-protectie-ro-5","10":"first","11":"instock","12":"shipping-taxable","13":"purchasable","14":"product-type-variable"},"_links":{"self":[{"href":"https:\/\/adidascombat.md\/ro\/wp-json\/wp\/v2\/product\/27039","targetHints":{"allow":["GET"]}}],"collection":[{"href":"https:\/\/adidascombat.md\/ro\/wp-json\/wp\/v2\/product"}],"about":[{"href":"https:\/\/adidascombat.md\/ro\/wp-json\/wp\/v2\/types\/product"}],"replies":[{"embeddable":true,"href":"https:\/\/adidascombat.md\/ro\/wp-json\/wp\/v2\/comments?post=27039"}],"version-history":[{"count":1,"href":"https:\/\/adidascombat.md\/ro\/wp-json\/wp\/v2\/product\/27039\/revisions"}],"predecessor-version":[{"id":27044,"href":"https:\/\/adidascombat.md\/ro\/wp-json\/wp\/v2\/product\/27039\/revisions\/27044"}],"wp:featuredmedia":[{"embeddable":true,"href":"https:\/\/adidascombat.md\/ro\/wp-json\/wp\/v2\/media\/27029"}],"wp:attachment":[{"href":"https:\/\/adidascombat.md\/ro\/wp-json\/wp\/v2\/media?parent=27039"}],"wp:term":[{"taxonomy":"product_brand","embeddable":true,"href":"https:\/\/adidascombat.md\/ro\/wp-json\/wp\/v2\/product_brand?post=27039"},{"taxonomy":"product_cat","embeddable":true,"href":"https:\/\/adidascombat.md\/ro\/wp-json\/wp\/v2\/product_cat?post=27039"},{"taxonomy":"product_tag","embeddable":true,"href":"https:\/\/adidascombat.md\/ro\/wp-json\/wp\/v2\/product_tag?post=27039"}],"curies":[{"name":"wp","href":"https:\/\/api.w.org\/{rel}","templated":true}]}}