{"id":27055,"date":"2025-03-06T19:18:50","date_gmt":"2025-03-06T19:18:50","guid":{"rendered":"https:\/\/adidascombat.md\/product\/%d1%80%d0%b5%d0%b2%d0%b5%d1%80%d1%81%d0%b8%d0%b2%d0%bd%d1%8b%d0%b9-%d1%83%d0%b4%d0%b0%d1%80%d0%bd%d1%8b%d0%b9-%d0%b6%d0%b8%d0%bb%d0%b5%d1%82-adidas-adip01\/"},"modified":"2025-03-06T19:22:44","modified_gmt":"2025-03-06T19:22:44","slug":"%d1%80%d0%b5%d0%b2%d0%b5%d1%80%d1%81%d0%b8%d0%b2%d0%bd%d1%8b%d0%b9-%d1%83%d0%b4%d0%b0%d1%80%d0%bd%d1%8b%d0%b9-%d0%b6%d0%b8%d0%bb%d0%b5%d1%82-adidas-adip01","status":"publish","type":"product","link":"https:\/\/adidascombat.md\/ro\/Produs\/%d1%80%d0%b5%d0%b2%d0%b5%d1%80%d1%81%d0%b8%d0%b2%d0%bd%d1%8b%d0%b9-%d1%83%d0%b4%d0%b0%d1%80%d0%bd%d1%8b%d0%b9-%d0%b6%d0%b8%d0%bb%d0%b5%d1%82-adidas-adip01\/","title":{"rendered":"Vest\u0103 de impact reversibil\u0103 adidas &#8211; ADIP01"},"content":{"rendered":"<p>Protectorul pentru piept de box reversibil adidas este fabricat din piele sintetic\u0103 durabil\u0103 FLX 3.0 PU \u0219i spum\u0103 moale Duraflex premium, de \u00eenalt\u0103 densitate, pentru o amortizare superioar\u0103. Acest protector pentru piept poate fi reglat individual cu curele reglabile \u0219i elastice. \u00cen plus, este cu dou\u0103 fe\u021be, a\u0219a c\u0103 \u00eel po\u021bi folosi cu ro\u0219u sau albastru.<\/p>\n<p><strong>Disponibil \u00een urm\u0103toarele dimensiuni \u0219i culori:<\/strong><\/p>\n<p>Protec\u021bia de piept reversibil\u0103 de box adidas este disponibil\u0103 \u00een urm\u0103toarele m\u0103rimi: &#8211; S &#8211; XL Toate disponibile \u00een urm\u0103toarele culori: &#8211; Ro\u0219u\/Albastru.<\/p>\n<p><strong>Beneficiile pentru box cu dou\u0103 fe\u021be pentru piept<\/strong><\/p>\n<p>Fabricat din piele sintetic\u0103 100% durabil\u0103 FLX 3.0 Spum\u0103 moale de \u00eenalt\u0103 densitate Duraflex Curele elastice de \u00eenchidere<\/p>\n","protected":false},"excerpt":{"rendered":"<p>Protectorul pentru piept de box reversibil adidas este fabricat din piele sintetic\u0103 durabil\u0103 FLX 3.0 PU \u0219i spum\u0103 moale Duraflex<\/p>\n","protected":false},"featured_media":27049,"comment_status":"open","ping_status":"closed","template":"","meta":[],"product_brand":[],"product_cat":[517],"product_tag":[],"class_list":{"0":"post-27055","1":"product","2":"type-product","3":"status-publish","4":"has-post-thumbnail","6":"product_cat-adidas-box-ro","8":"first","9":"instock","10":"shipping-taxable","11":"purchasable","12":"product-type-variable"},"_links":{"self":[{"href":"https:\/\/adidascombat.md\/ro\/wp-json\/wp\/v2\/product\/27055","targetHints":{"allow":["GET"]}}],"collection":[{"href":"https:\/\/adidascombat.md\/ro\/wp-json\/wp\/v2\/product"}],"about":[{"href":"https:\/\/adidascombat.md\/ro\/wp-json\/wp\/v2\/types\/product"}],"replies":[{"embeddable":true,"href":"https:\/\/adidascombat.md\/ro\/wp-json\/wp\/v2\/comments?post=27055"}],"version-history":[{"count":2,"href":"https:\/\/adidascombat.md\/ro\/wp-json\/wp\/v2\/product\/27055\/revisions"}],"predecessor-version":[{"id":27061,"href":"https:\/\/adidascombat.md\/ro\/wp-json\/wp\/v2\/product\/27055\/revisions\/27061"}],"wp:featuredmedia":[{"embeddable":true,"href":"https:\/\/adidascombat.md\/ro\/wp-json\/wp\/v2\/media\/27049"}],"wp:attachment":[{"href":"https:\/\/adidascombat.md\/ro\/wp-json\/wp\/v2\/media?parent=27055"}],"wp:term":[{"taxonomy":"product_brand","embeddable":true,"href":"https:\/\/adidascombat.md\/ro\/wp-json\/wp\/v2\/product_brand?post=27055"},{"taxonomy":"product_cat","embeddable":true,"href":"https:\/\/adidascombat.md\/ro\/wp-json\/wp\/v2\/product_cat?post=27055"},{"taxonomy":"product_tag","embeddable":true,"href":"https:\/\/adidascombat.md\/ro\/wp-json\/wp\/v2\/product_tag?post=27055"}],"curies":[{"name":"wp","href":"https:\/\/api.w.org\/{rel}","templated":true}]}}