{"id":27270,"date":"2025-03-11T10:54:21","date_gmt":"2025-03-11T10:54:21","guid":{"rendered":"https:\/\/adidascombat.md\/product\/adidas-%d0%b1%d0%be%d0%ba%d1%81%d0%b5%d1%80%d1%81%d0%ba%d0%b8%d0%b5-%d0%bf%d0%b5%d1%80%d1%87%d0%b0%d1%82%d0%ba%d0%b8-combat-50-adic50tg\/"},"modified":"2025-03-11T10:55:50","modified_gmt":"2025-03-11T10:55:50","slug":"adidas-%d0%b1%d0%be%d0%ba%d1%81%d0%b5%d1%80%d1%81%d0%ba%d0%b8%d0%b5-%d0%bf%d0%b5%d1%80%d1%87%d0%b0%d1%82%d0%ba%d0%b8-combat-50-adic50tg","status":"publish","type":"product","link":"https:\/\/adidascombat.md\/ro\/Produs\/adidas-%d0%b1%d0%be%d0%ba%d1%81%d0%b5%d1%80%d1%81%d0%ba%d0%b8%d0%b5-%d0%bf%d0%b5%d1%80%d1%87%d0%b0%d1%82%d0%ba%d0%b8-combat-50-adic50tg\/","title":{"rendered":"M\u0103nu\u0219i de box adidas Combat 50 , adiC50TG"},"content":{"rendered":"<p>Noile m\u0103nu\u0219i de box Combat 50 de la adidas au c\u0103ptu\u0219eal\u0103 multistratificat\u0103 pentru amortizare optim\u0103.<\/p>\n<p>Interiorul m\u0103nu\u0219ilor este c\u0103ptu\u0219it cu nailon pentru o potrivire confortabil\u0103. M\u0103nu\u0219ile de box pot fi \u00eenchise cu o \u00eenchidere Velcro. Pielea sintetic\u0103 artificial\u0103 durabil\u0103 este de cea mai \u00eenalt\u0103 calitate. adidas Combat 50 este potrivit \u0219i pentru \u00eencep\u0103tori \u0219i pentru orice art\u0103 mar\u021bial\u0103.<\/p>\n<p>&#8211; Disponibil \u00een dou\u0103 culori &#8211; 8, 10, 12 \u0219i 16 oz.<\/p>\n","protected":false},"excerpt":{"rendered":"<p>Noile m\u0103nu\u0219i de box Combat 50 de la adidas au c\u0103ptu\u0219eal\u0103 multistratificat\u0103 pentru amortizare optim\u0103. Interiorul m\u0103nu\u0219ilor este c\u0103ptu\u0219it cu<\/p>\n","protected":false},"featured_media":31136,"comment_status":"open","ping_status":"closed","template":"","meta":[],"product_brand":[],"product_cat":[517,757,533,765],"product_tag":[],"class_list":{"0":"post-27270","1":"product","2":"type-product","3":"status-publish","4":"has-post-thumbnail","6":"product_cat-adidas-box-ro","7":"product_cat-adidas-kickbox-ro","8":"product_cat-manusi-ro-4","9":"product_cat-manusi-ro-5","11":"first","12":"instock","13":"shipping-taxable","14":"purchasable","15":"product-type-variable"},"_links":{"self":[{"href":"https:\/\/adidascombat.md\/ro\/wp-json\/wp\/v2\/product\/27270","targetHints":{"allow":["GET"]}}],"collection":[{"href":"https:\/\/adidascombat.md\/ro\/wp-json\/wp\/v2\/product"}],"about":[{"href":"https:\/\/adidascombat.md\/ro\/wp-json\/wp\/v2\/types\/product"}],"replies":[{"embeddable":true,"href":"https:\/\/adidascombat.md\/ro\/wp-json\/wp\/v2\/comments?post=27270"}],"version-history":[{"count":2,"href":"https:\/\/adidascombat.md\/ro\/wp-json\/wp\/v2\/product\/27270\/revisions"}],"predecessor-version":[{"id":31134,"href":"https:\/\/adidascombat.md\/ro\/wp-json\/wp\/v2\/product\/27270\/revisions\/31134"}],"wp:featuredmedia":[{"embeddable":true,"href":"https:\/\/adidascombat.md\/ro\/wp-json\/wp\/v2\/media\/31136"}],"wp:attachment":[{"href":"https:\/\/adidascombat.md\/ro\/wp-json\/wp\/v2\/media?parent=27270"}],"wp:term":[{"taxonomy":"product_brand","embeddable":true,"href":"https:\/\/adidascombat.md\/ro\/wp-json\/wp\/v2\/product_brand?post=27270"},{"taxonomy":"product_cat","embeddable":true,"href":"https:\/\/adidascombat.md\/ro\/wp-json\/wp\/v2\/product_cat?post=27270"},{"taxonomy":"product_tag","embeddable":true,"href":"https:\/\/adidascombat.md\/ro\/wp-json\/wp\/v2\/product_tag?post=27270"}],"curies":[{"name":"wp","href":"https:\/\/api.w.org\/{rel}","templated":true}]}}