{"id":27303,"date":"2025-03-11T11:03:55","date_gmt":"2025-03-11T11:03:55","guid":{"rendered":"https:\/\/adidascombat.md\/product\/%d0%b1%d0%be%d0%ba%d1%81%d0%b5%d1%80%d1%81%d0%ba%d0%b8%d0%b5-%d0%bf%d0%b5%d1%80%d1%87%d0%b0%d1%82%d0%ba%d0%b8-adidas-hybrid-100-adih100-%d1%87%d0%b5%d1%80%d0%bd%d1%8b%d0%b9-%d1%82%d0%b5%d0%bc%d0%bd\/"},"modified":"2025-03-11T11:05:31","modified_gmt":"2025-03-11T11:05:31","slug":"%d0%b1%d0%be%d0%ba%d1%81%d0%b5%d1%80%d1%81%d0%ba%d0%b8%d0%b5-%d0%bf%d0%b5%d1%80%d1%87%d0%b0%d1%82%d0%ba%d0%b8-adidas-hybrid-100-adih100-%d1%87%d0%b5%d1%80%d0%bd%d1%8b%d0%b9-%d1%82%d0%b5%d0%bc%d0%bd","status":"publish","type":"product","link":"https:\/\/adidascombat.md\/ro\/Produs\/%d0%b1%d0%be%d0%ba%d1%81%d0%b5%d1%80%d1%81%d0%ba%d0%b8%d0%b5-%d0%bf%d0%b5%d1%80%d1%87%d0%b0%d1%82%d0%ba%d0%b8-adidas-hybrid-100-adih100-%d1%87%d0%b5%d1%80%d0%bd%d1%8b%d0%b9-%d1%82%d0%b5%d0%bc%d0%bd\/","title":{"rendered":"M\u0103nu\u0219i de box adidas Hybrid 100 ADIH100 negru\/marin"},"content":{"rendered":"<p>Designul nou \u0219i inovator al liniei Hybrid prezint\u0103 c\u0103ptu\u0219eal\u0103 multistrat pentru o amortizare optim\u0103.<\/p>\n<ul>\n<li>\u00a0Partea superioar\u0103: piele sintetic\u0103 durabil\u0103<\/li>\n<li>C\u0103ptu\u0219eal\u0103: spum\u0103 turnat\u0103 prin injec\u021bie pentru o amortizare excep\u021bional\u0103<\/li>\n<li>Ideal pentru fotografii dure \u0219i rapide datorit\u0103 formei sale ergonomicePotrivit pentru boxeri avansa\u021bi<\/li>\n<\/ul>\n","protected":false},"excerpt":{"rendered":"<p>Designul nou \u0219i inovator al liniei Hybrid prezint\u0103 c\u0103ptu\u0219eal\u0103 multistrat pentru o amortizare optim\u0103. \u00a0Partea superioar\u0103: piele sintetic\u0103 durabil\u0103 C\u0103ptu\u0219eal\u0103:<\/p>\n","protected":false},"featured_media":27297,"comment_status":"open","ping_status":"closed","template":"","meta":[],"product_brand":[],"product_cat":[517,533],"product_tag":[],"class_list":{"0":"post-27303","1":"product","2":"type-product","3":"status-publish","4":"has-post-thumbnail","6":"product_cat-adidas-box-ro","7":"product_cat-manusi-ro-4","9":"first","10":"instock","11":"shipping-taxable","12":"purchasable","13":"product-type-variable"},"_links":{"self":[{"href":"https:\/\/adidascombat.md\/ro\/wp-json\/wp\/v2\/product\/27303","targetHints":{"allow":["GET"]}}],"collection":[{"href":"https:\/\/adidascombat.md\/ro\/wp-json\/wp\/v2\/product"}],"about":[{"href":"https:\/\/adidascombat.md\/ro\/wp-json\/wp\/v2\/types\/product"}],"replies":[{"embeddable":true,"href":"https:\/\/adidascombat.md\/ro\/wp-json\/wp\/v2\/comments?post=27303"}],"version-history":[{"count":1,"href":"https:\/\/adidascombat.md\/ro\/wp-json\/wp\/v2\/product\/27303\/revisions"}],"predecessor-version":[{"id":27307,"href":"https:\/\/adidascombat.md\/ro\/wp-json\/wp\/v2\/product\/27303\/revisions\/27307"}],"wp:featuredmedia":[{"embeddable":true,"href":"https:\/\/adidascombat.md\/ro\/wp-json\/wp\/v2\/media\/27297"}],"wp:attachment":[{"href":"https:\/\/adidascombat.md\/ro\/wp-json\/wp\/v2\/media?parent=27303"}],"wp:term":[{"taxonomy":"product_brand","embeddable":true,"href":"https:\/\/adidascombat.md\/ro\/wp-json\/wp\/v2\/product_brand?post=27303"},{"taxonomy":"product_cat","embeddable":true,"href":"https:\/\/adidascombat.md\/ro\/wp-json\/wp\/v2\/product_cat?post=27303"},{"taxonomy":"product_tag","embeddable":true,"href":"https:\/\/adidascombat.md\/ro\/wp-json\/wp\/v2\/product_tag?post=27303"}],"curies":[{"name":"wp","href":"https:\/\/api.w.org\/{rel}","templated":true}]}}