{"id":27378,"date":"2025-03-27T10:44:05","date_gmt":"2025-03-27T10:44:05","guid":{"rendered":"https:\/\/adidascombat.md\/product\/%d0%b1%d0%be%d0%ba%d1%81%d0%b5%d1%80%d1%81%d0%ba%d0%b8%d0%b5-%d0%bf%d0%b5%d1%80%d1%87%d0%b0%d1%82%d0%ba%d0%b8-adidas-speed-tilt-200-%d0%be%d0%bb%d0%b8%d0%b2%d0%ba%d0%be%d0%b2%d1%8b%d0%b5-spd200\/"},"modified":"2025-03-27T10:57:19","modified_gmt":"2025-03-27T10:57:19","slug":"%d0%b1%d0%be%d0%ba%d1%81%d0%b5%d1%80%d1%81%d0%ba%d0%b8%d0%b5-%d0%bf%d0%b5%d1%80%d1%87%d0%b0%d1%82%d0%ba%d0%b8-adidas-speed-tilt-200-%d0%be%d0%bb%d0%b8%d0%b2%d0%ba%d0%be%d0%b2%d1%8b%d0%b5-spd200","status":"publish","type":"product","link":"https:\/\/adidascombat.md\/ro\/Produs\/%d0%b1%d0%be%d0%ba%d1%81%d0%b5%d1%80%d1%81%d0%ba%d0%b8%d0%b5-%d0%bf%d0%b5%d1%80%d1%87%d0%b0%d1%82%d0%ba%d0%b8-adidas-speed-tilt-200-%d0%be%d0%bb%d0%b8%d0%b2%d0%ba%d0%be%d0%b2%d1%8b%d0%b5-spd200\/","title":{"rendered":"M\u0103nu\u0219i de box adidas SPEED TILT 200, Olive SPD200"},"content":{"rendered":"<p>Noile m\u0103nu\u0219i de box Speed \u200b\u200b\u200b\u200bTilt 200 de la adidas sunt fabricate din piele sintetic\u0103 FLX 3.0 de \u00eenalt\u0103 calitate. C\u0103ptu\u0219eala preformat\u0103 din spum\u0103 dintr-o singur\u0103 bucat\u0103 v\u0103 pozi\u021bioneaz\u0103 \u00eencheieturile \u00een pozi\u021bia corect\u0103 de lovire, asigur\u00e2nd amortizare optim\u0103 \u0219i protec\u021bie maxim\u0103 pentru pumnii dumneavoastr\u0103.<\/p>\n<p>Material: piele sintetic\u0103 de \u00eenalt\u0103 calitate FLX 3.0 Fixarea corect\u0103 a pumnilor \u00een m\u0103nu\u0219\u0103 datorit\u0103 tehnologiei inovatoare TILT C\u0103ptu\u0219eal\u0103 din nailon pentru o potrivire confortabil\u0103<\/p>\n","protected":false},"excerpt":{"rendered":"<p>Noile m\u0103nu\u0219i de box Speed \u200b\u200b\u200b\u200bTilt 200 de la adidas sunt fabricate din piele sintetic\u0103 FLX 3.0 de \u00eenalt\u0103 calitate.<\/p>\n","protected":false},"featured_media":31144,"comment_status":"open","ping_status":"closed","template":"","meta":[],"product_brand":[],"product_cat":[517,757,533,765],"product_tag":[],"class_list":{"0":"post-27378","1":"product","2":"type-product","3":"status-publish","4":"has-post-thumbnail","6":"product_cat-adidas-box-ro","7":"product_cat-adidas-kickbox-ro","8":"product_cat-manusi-ro-4","9":"product_cat-manusi-ro-5","11":"first","12":"instock","13":"shipping-taxable","14":"purchasable","15":"product-type-variable"},"_links":{"self":[{"href":"https:\/\/adidascombat.md\/ro\/wp-json\/wp\/v2\/product\/27378","targetHints":{"allow":["GET"]}}],"collection":[{"href":"https:\/\/adidascombat.md\/ro\/wp-json\/wp\/v2\/product"}],"about":[{"href":"https:\/\/adidascombat.md\/ro\/wp-json\/wp\/v2\/types\/product"}],"replies":[{"embeddable":true,"href":"https:\/\/adidascombat.md\/ro\/wp-json\/wp\/v2\/comments?post=27378"}],"version-history":[{"count":2,"href":"https:\/\/adidascombat.md\/ro\/wp-json\/wp\/v2\/product\/27378\/revisions"}],"predecessor-version":[{"id":27384,"href":"https:\/\/adidascombat.md\/ro\/wp-json\/wp\/v2\/product\/27378\/revisions\/27384"}],"wp:featuredmedia":[{"embeddable":true,"href":"https:\/\/adidascombat.md\/ro\/wp-json\/wp\/v2\/media\/31144"}],"wp:attachment":[{"href":"https:\/\/adidascombat.md\/ro\/wp-json\/wp\/v2\/media?parent=27378"}],"wp:term":[{"taxonomy":"product_brand","embeddable":true,"href":"https:\/\/adidascombat.md\/ro\/wp-json\/wp\/v2\/product_brand?post=27378"},{"taxonomy":"product_cat","embeddable":true,"href":"https:\/\/adidascombat.md\/ro\/wp-json\/wp\/v2\/product_cat?post=27378"},{"taxonomy":"product_tag","embeddable":true,"href":"https:\/\/adidascombat.md\/ro\/wp-json\/wp\/v2\/product_tag?post=27378"}],"curies":[{"name":"wp","href":"https:\/\/api.w.org\/{rel}","templated":true}]}}